{"id":28981,"date":"2025-08-14T11:34:40","date_gmt":"2025-08-14T08:34:40","guid":{"rendered":"https:\/\/denizmtl.com\/mobilapp\/?post_type=product&#038;p=28981"},"modified":"2025-08-14T11:34:49","modified_gmt":"2025-08-14T08:34:49","slug":"insize-ufd-csk-2a-ultrasonik-hata-tespiti-icin-standart-test-blogu","status":"publish","type":"product","link":"https:\/\/denizmtl.com\/mobilapp\/urunler\/insize-ufd-csk-2a-ultrasonik-hata-tespiti-icin-standart-test-blogu\/","title":{"rendered":"Insize UFD-CSK-2A Ultrasonik Hata Tespiti \u0130\u00e7in Standart Test Blo\u011fu"},"content":{"rendered":"","protected":false},"excerpt":{"rendered":"<ul>\n<li>NB\/T47013 standard\u0131na uygundur<\/li>\n<li>Test blo\u011fu, bas\u0131n\u00e7 ta\u015f\u0131yan kaynakl\u0131 eklemlerde (Tip I) ultrasonik test gereksinimlerine g\u00f6re tasarlanm\u0131\u015ft\u0131r.<\/li>\n<li>6 mm ile 40 mm aras\u0131ndaki i\u015f par\u00e7as\u0131 kal\u0131nl\u0131klar\u0131nda e\u011fik prob ve d\u00fcz prob ile kaynakl\u0131 ba\u011flant\u0131lar (Tip I) \u00fczerinde yap\u0131lan testler i\u00e7in ge\u00e7erlidir<br \/>\n<a href=\"https:\/\/denizmtl.com\/wp-content\/uploads\/2025\/04\/UFD-CSK-2A.pdf\"><strong>PDF i\u00e7in t\u0131klay\u0131n\u0131z.<\/strong><\/a><\/li>\n<\/ul>\n","protected":false},"author":1,"featured_media":29011,"comment_status":"open","ping_status":"closed","template":"","meta":[],"product_brand":[],"product_cat":[28],"product_tag":[],"class_list":{"0":"post-28981","1":"product","2":"type-product","3":"status-publish","4":"has-post-thumbnail","6":"product_cat-diger-olcu-aletleri","8":"first","9":"instock","10":"shipping-taxable","11":"product-type-simple"},"_links":{"self":[{"href":"https:\/\/denizmtl.com\/mobilapp\/wp-json\/wp\/v2\/product\/28981","targetHints":{"allow":["GET"]}}],"collection":[{"href":"https:\/\/denizmtl.com\/mobilapp\/wp-json\/wp\/v2\/product"}],"about":[{"href":"https:\/\/denizmtl.com\/mobilapp\/wp-json\/wp\/v2\/types\/product"}],"author":[{"embeddable":true,"href":"https:\/\/denizmtl.com\/mobilapp\/wp-json\/wp\/v2\/users\/1"}],"replies":[{"embeddable":true,"href":"https:\/\/denizmtl.com\/mobilapp\/wp-json\/wp\/v2\/comments?post=28981"}],"wp:featuredmedia":[{"embeddable":true,"href":"https:\/\/denizmtl.com\/mobilapp\/wp-json\/wp\/v2\/media\/29011"}],"wp:attachment":[{"href":"https:\/\/denizmtl.com\/mobilapp\/wp-json\/wp\/v2\/media?parent=28981"}],"wp:term":[{"taxonomy":"product_brand","embeddable":true,"href":"https:\/\/denizmtl.com\/mobilapp\/wp-json\/wp\/v2\/product_brand?post=28981"},{"taxonomy":"product_cat","embeddable":true,"href":"https:\/\/denizmtl.com\/mobilapp\/wp-json\/wp\/v2\/product_cat?post=28981"},{"taxonomy":"product_tag","embeddable":true,"href":"https:\/\/denizmtl.com\/mobilapp\/wp-json\/wp\/v2\/product_tag?post=28981"}],"curies":[{"name":"wp","href":"https:\/\/api.w.org\/{rel}","templated":true}]}}