{"id":28941,"date":"2025-08-14T11:34:20","date_gmt":"2025-08-14T08:34:20","guid":{"rendered":"https:\/\/denizmtl.com\/mobilapp\/?post_type=product&#038;p=28941"},"modified":"2025-08-14T11:34:35","modified_gmt":"2025-08-14T08:34:35","slug":"insize-9530-wa10-dijital-osiloskop","status":"publish","type":"product","link":"https:\/\/denizmtl.com\/mobilapp\/urunler\/insize-9530-wa10-dijital-osiloskop\/","title":{"rendered":"Insize 9530-WA10 Dijital Osiloskop"},"content":{"rendered":"","protected":false},"excerpt":{"rendered":"<ul>\n<li>Analog bant geni\u015fli\u011fi: 100MHz<\/li>\n<li>Bellek derinli\u011fi: 64kpts<\/li>\n<li>Kanal ba\u015f\u0131na \u00f6rnekleme h\u0131z\u0131: 1GSa\/s (interleaved olmayan mod)<\/li>\n<li>Dalga formu yakalama h\u0131z\u0131: 5.000wfms\/s<\/li>\n<li>\u00c7oklu dalga formu parametrelerinin otomatik \u00f6l\u00e7\u00fcm\u00fc<\/li>\n<li>\u00c7oklu frekans standart kare dalgalar\u0131 \u00e7\u0131k\u0131\u015f olarak verilebilir: 10Hz, 100Hz, 1kHz, 10kHz<\/li>\n<li>\u00d6rnekleme modu: ger\u00e7ek zamanl\u0131 \u00f6rnekleme ve e\u015fde\u011fer \u00f6rnekleme<\/li>\n<li>Lissajous y\u00f6ntemi: Bir dalga formunun faz\u0131n\u0131n \u00f6l\u00e7\u00fclmesi<\/li>\n<li><a href=\"https:\/\/denizmtl.com\/wp-content\/uploads\/2025\/04\/9530-WA10.pdf\"><strong>PDF i\u00e7in t\u0131klay\u0131n\u0131z.<\/strong><\/a><\/li>\n<\/ul>\n","protected":false},"author":1,"featured_media":28971,"comment_status":"open","ping_status":"closed","template":"","meta":[],"product_brand":[],"product_cat":[28],"product_tag":[],"class_list":{"0":"post-28941","1":"product","2":"type-product","3":"status-publish","4":"has-post-thumbnail","6":"product_cat-diger-olcu-aletleri","8":"first","9":"instock","10":"shipping-taxable","11":"product-type-simple"},"_links":{"self":[{"href":"https:\/\/denizmtl.com\/mobilapp\/wp-json\/wp\/v2\/product\/28941","targetHints":{"allow":["GET"]}}],"collection":[{"href":"https:\/\/denizmtl.com\/mobilapp\/wp-json\/wp\/v2\/product"}],"about":[{"href":"https:\/\/denizmtl.com\/mobilapp\/wp-json\/wp\/v2\/types\/product"}],"author":[{"embeddable":true,"href":"https:\/\/denizmtl.com\/mobilapp\/wp-json\/wp\/v2\/users\/1"}],"replies":[{"embeddable":true,"href":"https:\/\/denizmtl.com\/mobilapp\/wp-json\/wp\/v2\/comments?post=28941"}],"wp:featuredmedia":[{"embeddable":true,"href":"https:\/\/denizmtl.com\/mobilapp\/wp-json\/wp\/v2\/media\/28971"}],"wp:attachment":[{"href":"https:\/\/denizmtl.com\/mobilapp\/wp-json\/wp\/v2\/media?parent=28941"}],"wp:term":[{"taxonomy":"product_brand","embeddable":true,"href":"https:\/\/denizmtl.com\/mobilapp\/wp-json\/wp\/v2\/product_brand?post=28941"},{"taxonomy":"product_cat","embeddable":true,"href":"https:\/\/denizmtl.com\/mobilapp\/wp-json\/wp\/v2\/product_cat?post=28941"},{"taxonomy":"product_tag","embeddable":true,"href":"https:\/\/denizmtl.com\/mobilapp\/wp-json\/wp\/v2\/product_tag?post=28941"}],"curies":[{"name":"wp","href":"https:\/\/api.w.org\/{rel}","templated":true}]}}