{"id":28940,"date":"2025-08-14T11:34:20","date_gmt":"2025-08-14T08:34:20","guid":{"rendered":"https:\/\/denizmtl.com\/mobilapp\/?post_type=product&#038;p=28940"},"modified":"2025-08-14T11:34:34","modified_gmt":"2025-08-14T08:34:34","slug":"insize-mpi-fx200-floresan-manyetik-toz-tip-hata-dedektoru","status":"publish","type":"product","link":"https:\/\/denizmtl.com\/mobilapp\/urunler\/insize-mpi-fx200-floresan-manyetik-toz-tip-hata-dedektoru\/","title":{"rendered":"Insize MPI-FX200 Floresan Manyetik Toz Tip Hata Dedekt\u00f6r\u00fc"},"content":{"rendered":"","protected":false},"excerpt":{"rendered":"<ul>\n<li>GB\/T15822.1~3 GB3721-83 standartlar\u0131na uygundur<\/li>\n<li>JB\/T8290-2011 ASTM E1444-2016<\/li>\n<li>Demirli malzemelerin t\u00fcm y\u00fczeylerinin tahribats\u0131z muayenesinde uzmanla\u015fm\u0131\u015ft\u0131r<\/li>\n<li>Otomatik programla, i\u015f par\u00e7as\u0131 s\u0131k\u0131\u015ft\u0131rma, p\u00fcsk\u00fcrtme, 360\u00b0 d\u00f6nd\u00fcrme, bile\u015fik m\u0131knat\u0131slama, m\u0131knat\u0131slanmay\u0131 giderme ve serbest b\u0131rakma gibi bir dizi yar\u0131 otomatik eylemi ger\u00e7ekle\u015ftirebilir.<\/li>\n<li>Y\u00fcksek muayene verimlili\u011fine, operat\u00f6rlerin d\u00fc\u015f\u00fck i\u015f yo\u011funlu\u011funa ve g\u00fcvenilir pratikli\u011fe sahiptir<\/li>\n<li>Dokunmatik ekran<\/li>\n<li>M\u0131knat\u0131slanma anormalli\u011fi alarm\u0131 ile tespit s\u0131z\u0131nt\u0131s\u0131n\u0131 \u00f6nlemek i\u00e7in<\/li>\n<li>Manyetik tozun \u00e7\u00f6kelmemesini sa\u011flamak i\u00e7in ba\u011f\u0131ms\u0131z kar\u0131\u015ft\u0131rma pompas\u0131 ile<\/li>\n<li>Havac\u0131l\u0131k, uzay, askeri, demir yolu, otomobil, metalurji, petrokimya, gemi yap\u0131m\u0131, bas\u0131n\u00e7l\u0131 kap ve di\u011fer end\u00fcstrilerdeki \u00e7e\u015fitli par\u00e7alar\u0131n tahribats\u0131z muayenesi i\u00e7in uygundur<\/li>\n<li><a href=\"https:\/\/denizmtl.com\/wp-content\/uploads\/2025\/04\/MPI-FX200.pdf\"><strong>PDF i\u00e7in t\u0131klay\u0131n\u0131z.<\/strong><\/a><\/li>\n<\/ul>\n","protected":false},"author":1,"featured_media":28970,"comment_status":"open","ping_status":"closed","template":"","meta":[],"product_brand":[],"product_cat":[28],"product_tag":[],"class_list":{"0":"post-28940","1":"product","2":"type-product","3":"status-publish","4":"has-post-thumbnail","6":"product_cat-diger-olcu-aletleri","8":"first","9":"instock","10":"shipping-taxable","11":"product-type-simple"},"_links":{"self":[{"href":"https:\/\/denizmtl.com\/mobilapp\/wp-json\/wp\/v2\/product\/28940","targetHints":{"allow":["GET"]}}],"collection":[{"href":"https:\/\/denizmtl.com\/mobilapp\/wp-json\/wp\/v2\/product"}],"about":[{"href":"https:\/\/denizmtl.com\/mobilapp\/wp-json\/wp\/v2\/types\/product"}],"author":[{"embeddable":true,"href":"https:\/\/denizmtl.com\/mobilapp\/wp-json\/wp\/v2\/users\/1"}],"replies":[{"embeddable":true,"href":"https:\/\/denizmtl.com\/mobilapp\/wp-json\/wp\/v2\/comments?post=28940"}],"wp:featuredmedia":[{"embeddable":true,"href":"https:\/\/denizmtl.com\/mobilapp\/wp-json\/wp\/v2\/media\/28970"}],"wp:attachment":[{"href":"https:\/\/denizmtl.com\/mobilapp\/wp-json\/wp\/v2\/media?parent=28940"}],"wp:term":[{"taxonomy":"product_brand","embeddable":true,"href":"https:\/\/denizmtl.com\/mobilapp\/wp-json\/wp\/v2\/product_brand?post=28940"},{"taxonomy":"product_cat","embeddable":true,"href":"https:\/\/denizmtl.com\/mobilapp\/wp-json\/wp\/v2\/product_cat?post=28940"},{"taxonomy":"product_tag","embeddable":true,"href":"https:\/\/denizmtl.com\/mobilapp\/wp-json\/wp\/v2\/product_tag?post=28940"}],"curies":[{"name":"wp","href":"https:\/\/api.w.org\/{rel}","templated":true}]}}