{"id":28939,"date":"2025-08-14T11:34:19","date_gmt":"2025-08-14T08:34:19","guid":{"rendered":"https:\/\/denizmtl.com\/mobilapp\/?post_type=product&#038;p=28939"},"modified":"2025-08-14T11:34:34","modified_gmt":"2025-08-14T08:34:34","slug":"insize-0350-mc08-cok-kanalli-isi-kayit-ve-goruntuleme-cihazi","status":"publish","type":"product","link":"https:\/\/denizmtl.com\/mobilapp\/urunler\/insize-0350-mc08-cok-kanalli-isi-kayit-ve-goruntuleme-cihazi\/","title":{"rendered":"Insize 0350-MC08 \u00c7ok Kanall\u0131 Is\u0131 Kay\u0131t ve G\u00f6r\u00fcnt\u00fcleme Cihaz\u0131"},"content":{"rendered":"","protected":false},"excerpt":{"rendered":"<ul>\n<li>Ev aletleri, motorlar, elektrikli \u0131s\u0131tma cihazlar\u0131, termostatlar, transformat\u00f6rler, f\u0131r\u0131nlar, termal koruyucular, g\u00fc\u00e7 kaynaklar\u0131, ayd\u0131nlatma, elektrik enerjisi, LED ve di\u011fer end\u00fcstriler i\u00e7in uygundur<\/li>\n<li>Birim: \u00b0C\/\u00b0F\/K<\/li>\n<li>Kanallar K\/N\/E\/J\/T\/R\/S\/B tip termokupllarla uyumludur.<\/li>\n<li>4.3 in\u00e7 ger\u00e7ek renkli LCD<\/li>\n<li>Do\u011frudan say\u0131sal de\u011fer okuma, histogram ve grafiksel g\u00f6r\u00fcnt\u00fcleme modu<\/li>\n<li>\u00dcst ve alt limit a\u015f\u0131m\u0131 alar\u0131m<\/li>\n<li>Kanal ba\u015f\u0131na ba\u011f\u0131ms\u0131z d\u00fczeltme<\/li>\n<li>A\u00e7\u0131k devre termokuplunun otomatik tespiti<\/li>\n<li>Standart U disk aray\u00fcz\u00fc, ger\u00e7ek zamanl\u0131 veri depolama deste\u011fi<\/li>\n<li>Bilgisayar yaz\u0131l\u0131m\u0131 dahildir<\/li>\n<li><a href=\"https:\/\/denizmtl.com\/wp-content\/uploads\/2025\/04\/0350-MC16-1.pdf\"><strong>PDF i\u00e7in t\u0131klay\u0131n\u0131z.<\/strong><\/a><\/li>\n<\/ul>\n","protected":false},"author":1,"featured_media":28969,"comment_status":"open","ping_status":"closed","template":"","meta":[],"product_brand":[],"product_cat":[28],"product_tag":[],"class_list":{"0":"post-28939","1":"product","2":"type-product","3":"status-publish","4":"has-post-thumbnail","6":"product_cat-diger-olcu-aletleri","8":"first","9":"instock","10":"shipping-taxable","11":"product-type-simple"},"_links":{"self":[{"href":"https:\/\/denizmtl.com\/mobilapp\/wp-json\/wp\/v2\/product\/28939","targetHints":{"allow":["GET"]}}],"collection":[{"href":"https:\/\/denizmtl.com\/mobilapp\/wp-json\/wp\/v2\/product"}],"about":[{"href":"https:\/\/denizmtl.com\/mobilapp\/wp-json\/wp\/v2\/types\/product"}],"author":[{"embeddable":true,"href":"https:\/\/denizmtl.com\/mobilapp\/wp-json\/wp\/v2\/users\/1"}],"replies":[{"embeddable":true,"href":"https:\/\/denizmtl.com\/mobilapp\/wp-json\/wp\/v2\/comments?post=28939"}],"wp:featuredmedia":[{"embeddable":true,"href":"https:\/\/denizmtl.com\/mobilapp\/wp-json\/wp\/v2\/media\/28969"}],"wp:attachment":[{"href":"https:\/\/denizmtl.com\/mobilapp\/wp-json\/wp\/v2\/media?parent=28939"}],"wp:term":[{"taxonomy":"product_brand","embeddable":true,"href":"https:\/\/denizmtl.com\/mobilapp\/wp-json\/wp\/v2\/product_brand?post=28939"},{"taxonomy":"product_cat","embeddable":true,"href":"https:\/\/denizmtl.com\/mobilapp\/wp-json\/wp\/v2\/product_cat?post=28939"},{"taxonomy":"product_tag","embeddable":true,"href":"https:\/\/denizmtl.com\/mobilapp\/wp-json\/wp\/v2\/product_tag?post=28939"}],"curies":[{"name":"wp","href":"https:\/\/api.w.org\/{rel}","templated":true}]}}