{"id":28935,"date":"2025-08-14T11:34:18","date_gmt":"2025-08-14T08:34:18","guid":{"rendered":"https:\/\/denizmtl.com\/mobilapp\/?post_type=product&#038;p=28935"},"modified":"2025-08-14T11:34:32","modified_gmt":"2025-08-14T08:34:32","slug":"insize-2135-bluetooth-ozellikli-yuksek-hassasiyetli-dijital-komparator","status":"publish","type":"product","link":"https:\/\/denizmtl.com\/mobilapp\/urunler\/insize-2135-bluetooth-ozellikli-yuksek-hassasiyetli-dijital-komparator\/","title":{"rendered":"Insize 2135 Bluetooth \u00d6zellikli Y\u00fcksek Hassasiyetli Dijital Komparat\u00f6r"},"content":{"rendered":"","protected":false},"excerpt":{"rendered":"<ul>\n<li>IP54 toz\/su ge\u00e7irmez (kapak kald\u0131r\u0131ld\u0131\u011f\u0131nda toz\/su ge\u00e7irmezlik olmaz)<\/li>\n<li>Renkli ekran, arkadan ayd\u0131nlatmal\u0131 b\u00fcy\u00fck karakterler<\/li>\n<li>Mutlak kodlay\u0131c\u0131, g\u00fc\u00e7 kapat\u0131ld\u0131ktan sonra orijinal veriler kal\u0131r<\/li>\n<li>Otomatik kapanma<\/li>\n<li>Ekran 270\u00b0 d\u00f6nd\u00fcr\u00fclebilir<\/li>\n<li>Ayarlanabilir \u00e7\u00f6z\u00fcn\u00fcrl\u00fck: 0.0005mm\/0.00002&#8243; 0.001mm\/0.00005&#8243;<\/li>\n<li>D\u00fc\u011fme i\u015flevi: a\u00e7ma\/kapama, s\u0131f\u0131rlama ayar\u0131, veri \u00f6n ayar\u0131, tolerans Ge\u00e7 ve Ge\u00e7me ekran\u0131, veri tutma, mm\/in\u00e7, \u00f6l\u00e7\u00fcm y\u00f6n\u00fc de\u011fi\u015fikli\u011fi, bluetooth, maks.\/min.\/TIR, \u00e7\u00f6z\u00fcn\u00fcrl\u00fck ayarlama, mutlak\/art\u0131ml\u0131 \u00f6l\u00e7\u00fcm, veri \u00e7\u0131k\u0131\u015f\u0131<\/li>\n<li>Android ve iPhone APP, USB Type-C kablosu dahildir<\/li>\n<li>G\u00fc\u00e7: \u015earj edilebilir Li-pil, 30 saat s\u00fcrekli \u00e7al\u0131\u015fma (Bluetooth iletimi \u00e7al\u0131\u015fma saatlerini azalt\u0131r)<\/li>\n<li><a href=\"https:\/\/denizmtl.com\/wp-content\/uploads\/2025\/04\/2135.pdf\"><strong>PDF i\u00e7in t\u0131klay\u0131n\u0131z.<\/strong><\/a><\/li>\n<\/ul>\n","protected":false},"author":1,"featured_media":28965,"comment_status":"open","ping_status":"closed","template":"","meta":[],"product_brand":[],"product_cat":[28],"product_tag":[],"class_list":{"0":"post-28935","1":"product","2":"type-product","3":"status-publish","4":"has-post-thumbnail","6":"product_cat-diger-olcu-aletleri","8":"first","9":"instock","10":"shipping-taxable","11":"product-type-simple"},"_links":{"self":[{"href":"https:\/\/denizmtl.com\/mobilapp\/wp-json\/wp\/v2\/product\/28935","targetHints":{"allow":["GET"]}}],"collection":[{"href":"https:\/\/denizmtl.com\/mobilapp\/wp-json\/wp\/v2\/product"}],"about":[{"href":"https:\/\/denizmtl.com\/mobilapp\/wp-json\/wp\/v2\/types\/product"}],"author":[{"embeddable":true,"href":"https:\/\/denizmtl.com\/mobilapp\/wp-json\/wp\/v2\/users\/1"}],"replies":[{"embeddable":true,"href":"https:\/\/denizmtl.com\/mobilapp\/wp-json\/wp\/v2\/comments?post=28935"}],"wp:featuredmedia":[{"embeddable":true,"href":"https:\/\/denizmtl.com\/mobilapp\/wp-json\/wp\/v2\/media\/28965"}],"wp:attachment":[{"href":"https:\/\/denizmtl.com\/mobilapp\/wp-json\/wp\/v2\/media?parent=28935"}],"wp:term":[{"taxonomy":"product_brand","embeddable":true,"href":"https:\/\/denizmtl.com\/mobilapp\/wp-json\/wp\/v2\/product_brand?post=28935"},{"taxonomy":"product_cat","embeddable":true,"href":"https:\/\/denizmtl.com\/mobilapp\/wp-json\/wp\/v2\/product_cat?post=28935"},{"taxonomy":"product_tag","embeddable":true,"href":"https:\/\/denizmtl.com\/mobilapp\/wp-json\/wp\/v2\/product_tag?post=28935"}],"curies":[{"name":"wp","href":"https:\/\/api.w.org\/{rel}","templated":true}]}}