{"id":28933,"date":"2025-08-14T11:34:18","date_gmt":"2025-08-14T08:34:18","guid":{"rendered":"https:\/\/denizmtl.com\/mobilapp\/?post_type=product&#038;p=28933"},"modified":"2025-08-14T11:34:31","modified_gmt":"2025-08-14T08:34:31","slug":"insize-8503-genis-alanli-parsel-terazisi","status":"publish","type":"product","link":"https:\/\/denizmtl.com\/mobilapp\/urunler\/insize-8503-genis-alanli-parsel-terazisi\/","title":{"rendered":"Insize 8503 Geni\u015f Alanl\u0131 Parsel Terazisi"},"content":{"rendered":"","protected":false},"excerpt":{"rendered":"<ul>\n<li>Tartma, sayma, tare de\u011ferini \u00e7\u0131karma<\/li>\n<li>Arkadan ayd\u0131nlatmal\u0131 LCD ekran<\/li>\n<li>A\u015f\u0131r\u0131 y\u00fck g\u00f6stergesi<\/li>\n<li>Otomatik kapanma<\/li>\n<li>D\u00fc\u015f\u00fck voltaj g\u00f6stergesi<\/li>\n<li>Birim: kg, lb<br \/>\n<a href=\"https:\/\/denizmtl.com\/wp-content\/uploads\/2025\/04\/8503.pdf\"><strong>PDF i\u00e7in t\u0131klay\u0131n\u0131z.<\/strong><\/a><\/li>\n<\/ul>\n","protected":false},"author":1,"featured_media":28963,"comment_status":"open","ping_status":"closed","template":"","meta":[],"product_brand":[],"product_cat":[28],"product_tag":[],"class_list":{"0":"post-28933","1":"product","2":"type-product","3":"status-publish","4":"has-post-thumbnail","6":"product_cat-diger-olcu-aletleri","8":"first","9":"instock","10":"shipping-taxable","11":"product-type-simple"},"_links":{"self":[{"href":"https:\/\/denizmtl.com\/mobilapp\/wp-json\/wp\/v2\/product\/28933","targetHints":{"allow":["GET"]}}],"collection":[{"href":"https:\/\/denizmtl.com\/mobilapp\/wp-json\/wp\/v2\/product"}],"about":[{"href":"https:\/\/denizmtl.com\/mobilapp\/wp-json\/wp\/v2\/types\/product"}],"author":[{"embeddable":true,"href":"https:\/\/denizmtl.com\/mobilapp\/wp-json\/wp\/v2\/users\/1"}],"replies":[{"embeddable":true,"href":"https:\/\/denizmtl.com\/mobilapp\/wp-json\/wp\/v2\/comments?post=28933"}],"wp:featuredmedia":[{"embeddable":true,"href":"https:\/\/denizmtl.com\/mobilapp\/wp-json\/wp\/v2\/media\/28963"}],"wp:attachment":[{"href":"https:\/\/denizmtl.com\/mobilapp\/wp-json\/wp\/v2\/media?parent=28933"}],"wp:term":[{"taxonomy":"product_brand","embeddable":true,"href":"https:\/\/denizmtl.com\/mobilapp\/wp-json\/wp\/v2\/product_brand?post=28933"},{"taxonomy":"product_cat","embeddable":true,"href":"https:\/\/denizmtl.com\/mobilapp\/wp-json\/wp\/v2\/product_cat?post=28933"},{"taxonomy":"product_tag","embeddable":true,"href":"https:\/\/denizmtl.com\/mobilapp\/wp-json\/wp\/v2\/product_tag?post=28933"}],"curies":[{"name":"wp","href":"https:\/\/api.w.org\/{rel}","templated":true}]}}