{"id":28932,"date":"2025-08-14T11:34:18","date_gmt":"2025-08-14T08:34:18","guid":{"rendered":"https:\/\/denizmtl.com\/mobilapp\/?post_type=product&#038;p=28932"},"modified":"2025-08-14T11:34:31","modified_gmt":"2025-08-14T08:34:31","slug":"insize-5017-veri-iletimli-olcum-seti","status":"publish","type":"product","link":"https:\/\/denizmtl.com\/mobilapp\/urunler\/insize-5017-veri-iletimli-olcum-seti\/","title":{"rendered":"Insize 5017 Veri \u0130letimli \u00d6l\u00e7\u00fcm Seti"},"content":{"rendered":"","protected":false},"excerpt":{"rendered":"<p>\u015eunlar\u0131 i\u00e7erir:<\/p>\n<p>1) Dijital kumpas, aral\u0131k 0-150mm\/0-6&#8243;, \u00e7\u00f6z\u00fcn\u00fcrl\u00fck 0.01mm\/0.0005&#8243; (kod 1108-150) kablosuz verici kodu 7315-25<\/p>\n<p>2) IP65 su ge\u00e7irmez dijital d\u0131\u015f mikrometre, aral\u0131k 0-25mm\/0-1&#8243;, \u00e7\u00f6z\u00fcn\u00fcrl\u00fck 0.001mm\/0.00005&#8243; (kod 3101-25A) kablosuz verici kodu 7315-31<\/p>\n<p>3) Delme \u00f6l\u00e7er, aral\u0131k 18-35 mm, \u00e7\u00f6z\u00fcn\u00fcrl\u00fck 0,002 mm\/0,0001&#8243; veya ayar halkas\u0131 kodu 6312-20 ve kablosuz verici kodu 7315-51B ile 0,01 mm\/0,0005&#8243;e (kod 2122-35A) ge\u00e7in<\/p>\n<p>4) Kablosuz dijital kumpas, aral\u0131k 0-150mm\/0-6&#8243;, \u00e7\u00f6z\u00fcn\u00fcrl\u00fck 0.01mm\/0.0005&#8243; (kod 1113-150)<\/p>\n<p>5) Kablosuz IP65 su ge\u00e7irmez dijital d\u0131\u015f mikrometre, aral\u0131k 0-25mm\/0-1&#8243;, \u00e7\u00f6z\u00fcn\u00fcrl\u00fck 0.001mm\/0.00005&#8243; (kod 3112-25WL)<\/p>\n<p>6) Kablosuz dijital g\u00f6sterge, aral\u0131k 0-12,7 mm\/0-0,5&#8243;, \u00e7\u00f6z\u00fcn\u00fcrl\u00fck 0,001 mm\/0,00005&#8243; (kod 2508-10FWL)<\/p>\n<p>7) Kablosuz dijital \u00f6l\u00e7\u00fcm band\u0131 + lazer mesafe \u00f6l\u00e7er, menzil: \u00f6l\u00e7\u00fcm band\u0131 0-5m\/lazer mesafe \u00f6l\u00e7er 0-40m, \u00e7\u00f6z\u00fcn\u00fcrl\u00fck 0,001m (kod 9563-WL40)<\/p>\n<p>8) Kablosuz al\u0131c\u0131lar, kod 7315-2, 7315-3, 7315-6, 7315-7 ve 7315-9<br \/>\n<a href=\"https:\/\/denizmtl.com\/wp-content\/uploads\/2025\/04\/5017.pdf\"><strong>PDF i\u00e7in t\u0131klay\u0131n\u0131z.<\/strong><\/a><\/p>\n","protected":false},"author":1,"featured_media":28962,"comment_status":"open","ping_status":"closed","template":"","meta":[],"product_brand":[],"product_cat":[28],"product_tag":[],"class_list":{"0":"post-28932","1":"product","2":"type-product","3":"status-publish","4":"has-post-thumbnail","6":"product_cat-diger-olcu-aletleri","8":"first","9":"instock","10":"shipping-taxable","11":"product-type-simple"},"_links":{"self":[{"href":"https:\/\/denizmtl.com\/mobilapp\/wp-json\/wp\/v2\/product\/28932","targetHints":{"allow":["GET"]}}],"collection":[{"href":"https:\/\/denizmtl.com\/mobilapp\/wp-json\/wp\/v2\/product"}],"about":[{"href":"https:\/\/denizmtl.com\/mobilapp\/wp-json\/wp\/v2\/types\/product"}],"author":[{"embeddable":true,"href":"https:\/\/denizmtl.com\/mobilapp\/wp-json\/wp\/v2\/users\/1"}],"replies":[{"embeddable":true,"href":"https:\/\/denizmtl.com\/mobilapp\/wp-json\/wp\/v2\/comments?post=28932"}],"wp:featuredmedia":[{"embeddable":true,"href":"https:\/\/denizmtl.com\/mobilapp\/wp-json\/wp\/v2\/media\/28962"}],"wp:attachment":[{"href":"https:\/\/denizmtl.com\/mobilapp\/wp-json\/wp\/v2\/media?parent=28932"}],"wp:term":[{"taxonomy":"product_brand","embeddable":true,"href":"https:\/\/denizmtl.com\/mobilapp\/wp-json\/wp\/v2\/product_brand?post=28932"},{"taxonomy":"product_cat","embeddable":true,"href":"https:\/\/denizmtl.com\/mobilapp\/wp-json\/wp\/v2\/product_cat?post=28932"},{"taxonomy":"product_tag","embeddable":true,"href":"https:\/\/denizmtl.com\/mobilapp\/wp-json\/wp\/v2\/product_tag?post=28932"}],"curies":[{"name":"wp","href":"https:\/\/api.w.org\/{rel}","templated":true}]}}