{"id":28926,"date":"2025-08-14T11:34:16","date_gmt":"2025-08-14T08:34:16","guid":{"rendered":"https:\/\/denizmtl.com\/mobilapp\/?post_type=product&#038;p=28926"},"modified":"2025-08-14T11:34:27","modified_gmt":"2025-08-14T08:34:27","slug":"insize-mpi-mtu3-manyetik-toz-tip-test-blogu","status":"publish","type":"product","link":"https:\/\/denizmtl.com\/mobilapp\/urunler\/insize-mpi-mtu3-manyetik-toz-tip-test-blogu\/","title":{"rendered":"Insize MPI-MTU3 Manyetik Toz Tip Test Blo\u011fu"},"content":{"rendered":"","protected":false},"excerpt":{"rendered":"<ul>\n<li>ISO 9934-2: 2002 standard\u0131na uygundur<\/li>\n<li>Test blo\u011fu, y\u00fczeyinde do\u011fal \u00e7atlaklar bulunan bir disktir, ta\u015flama ve gerilim korozyonu sonucu olu\u015fan kaba \u00e7atlaklar ve ince \u00e7atlaklar i\u00e7erir<\/li>\n<li>Test blo\u011fu, delikten ge\u00e7en merkezi bir iletken taraf\u0131ndan kal\u0131c\u0131 olarak m\u0131knat\u0131slan\u0131r, alg\u0131lama ortam\u0131n\u0131n de\u011ferlendirilmesi g\u00f6rsel veya di\u011fer y\u00f6ntemlerle yap\u0131l\u0131r<\/li>\n<li><a href=\"https:\/\/denizmtl.com\/wp-content\/uploads\/2025\/04\/MPI-MTU3.pdf\"><strong>PDF i\u00e7in t\u0131klay\u0131n\u0131z.<\/strong><\/a><\/li>\n<\/ul>\n","protected":false},"author":1,"featured_media":28956,"comment_status":"open","ping_status":"closed","template":"","meta":[],"product_brand":[],"product_cat":[28],"product_tag":[],"class_list":{"0":"post-28926","1":"product","2":"type-product","3":"status-publish","4":"has-post-thumbnail","6":"product_cat-diger-olcu-aletleri","8":"first","9":"instock","10":"shipping-taxable","11":"product-type-simple"},"_links":{"self":[{"href":"https:\/\/denizmtl.com\/mobilapp\/wp-json\/wp\/v2\/product\/28926","targetHints":{"allow":["GET"]}}],"collection":[{"href":"https:\/\/denizmtl.com\/mobilapp\/wp-json\/wp\/v2\/product"}],"about":[{"href":"https:\/\/denizmtl.com\/mobilapp\/wp-json\/wp\/v2\/types\/product"}],"author":[{"embeddable":true,"href":"https:\/\/denizmtl.com\/mobilapp\/wp-json\/wp\/v2\/users\/1"}],"replies":[{"embeddable":true,"href":"https:\/\/denizmtl.com\/mobilapp\/wp-json\/wp\/v2\/comments?post=28926"}],"wp:featuredmedia":[{"embeddable":true,"href":"https:\/\/denizmtl.com\/mobilapp\/wp-json\/wp\/v2\/media\/28956"}],"wp:attachment":[{"href":"https:\/\/denizmtl.com\/mobilapp\/wp-json\/wp\/v2\/media?parent=28926"}],"wp:term":[{"taxonomy":"product_brand","embeddable":true,"href":"https:\/\/denizmtl.com\/mobilapp\/wp-json\/wp\/v2\/product_brand?post=28926"},{"taxonomy":"product_cat","embeddable":true,"href":"https:\/\/denizmtl.com\/mobilapp\/wp-json\/wp\/v2\/product_cat?post=28926"},{"taxonomy":"product_tag","embeddable":true,"href":"https:\/\/denizmtl.com\/mobilapp\/wp-json\/wp\/v2\/product_tag?post=28926"}],"curies":[{"name":"wp","href":"https:\/\/api.w.org\/{rel}","templated":true}]}}