{"id":28924,"date":"2025-08-14T11:34:16","date_gmt":"2025-08-14T08:34:16","guid":{"rendered":"https:\/\/denizmtl.com\/mobilapp\/?post_type=product&#038;p=28924"},"modified":"2025-10-02T17:44:58","modified_gmt":"2025-10-02T14:44:58","slug":"insize-mlp-gp406-otomatik-taslama-ve-parlatma-makinesi-gelismis-tip","status":"publish","type":"product","link":"https:\/\/denizmtl.com\/mobilapp\/urunler\/insize-mlp-gp406-otomatik-taslama-ve-parlatma-makinesi-gelismis-tip\/","title":{"rendered":"Insize MLP-GP406 Otomatik Ta\u015flama ve Parlatma Makinesi (Geli\u015fmi\u015f Tip)"},"content":{"rendered":"","protected":false},"excerpt":{"rendered":"<ul>\n<li>ABS g\u00f6vde ve paslanmaz \u00e7elik par\u00e7alar, korozyon \u00f6nleyici, kolay temizlenir<\/li>\n<li>6 adede kadar numune tutabilir (4 delik iste\u011fe ba\u011fl\u0131d\u0131r)<\/li>\n<li>P\u00fcr\u00fczs\u00fcz d\u00f6n\u00fc\u015f, d\u00fc\u015f\u00fck g\u00fcr\u00fclt\u00fc<\/li>\n<li>Ayarlanabilir h\u0131z<\/li>\n<li>Sezgisel bas\u0131n\u00e7 ve zaman ayar\u0131, 256 set ta\u015flama ve parlatma program\u0131 saklanabilir<\/li>\n<li>Su so\u011futma cihaz\u0131 ve a\u015f\u0131nd\u0131r\u0131c\u0131 temizleme ba\u015fl\u0131\u011f\u0131, numunelerin a\u015f\u0131r\u0131 \u0131s\u0131nmas\u0131n\u0131 ve yap\u0131n\u0131n bozulmas\u0131n\u0131 \u00f6nler<\/li>\n<li>De\u011fi\u015ftirilebilir bask\u0131 plakas\u0131, bask\u0131 plakas\u0131n\u0131n d\u00f6n\u00fc\u015f y\u00f6n\u00fc se\u00e7ilebilir<\/li>\n<li>Merkez y\u00fckleme ve tek nokta y\u00fckleme, otomatik a\u015f\u0131nd\u0131r\u0131c\u0131 da\u011f\u0131t\u0131m\u0131<\/li>\n<li><a href=\"https:\/\/denizmtl.com\/wp-content\/uploads\/2025\/04\/MLP-GP406.pdf\"><strong>PDF i\u00e7in t\u0131klay\u0131n\u0131z.<\/strong><\/a><\/li>\n<\/ul>\n<p>&nbsp;<br \/>\n<a class=\"wp-iletim-button\" href=\"https:\/\/wa.me\/905422584189?text=Merhaba%2C%20https%3A%2F%2Fdenizmtl.com%2Fmobilapp%2Fwp-json%2Fwp%2Fv2%2Fproduct%2F28924%20sayfas%C4%B1ndaki%20%C3%BCr%C3%BCnle%20ilgili%20fiyat%20ve%20demo%20talep%20etmek%20istiyorum.\" target=\"_blank\" rel=\"noopener\" style=\"display:inline-block;padding:10px 16px;border-radius:6px;color:#fff;text-decoration:none;font-weight:600;background:#334862;\">F\u0130YAT VE DEMO TALEP ET<\/a>\n","protected":false},"author":1,"featured_media":28954,"comment_status":"open","ping_status":"closed","template":"","meta":[],"product_brand":[],"product_cat":[28,100],"product_tag":[],"class_list":{"0":"post-28924","1":"product","2":"type-product","3":"status-publish","4":"has-post-thumbnail","6":"product_cat-diger-olcu-aletleri","7":"product_cat-test-cihazlari","9":"first","10":"instock","11":"shipping-taxable","12":"product-type-simple"},"_links":{"self":[{"href":"https:\/\/denizmtl.com\/mobilapp\/wp-json\/wp\/v2\/product\/28924","targetHints":{"allow":["GET"]}}],"collection":[{"href":"https:\/\/denizmtl.com\/mobilapp\/wp-json\/wp\/v2\/product"}],"about":[{"href":"https:\/\/denizmtl.com\/mobilapp\/wp-json\/wp\/v2\/types\/product"}],"author":[{"embeddable":true,"href":"https:\/\/denizmtl.com\/mobilapp\/wp-json\/wp\/v2\/users\/1"}],"replies":[{"embeddable":true,"href":"https:\/\/denizmtl.com\/mobilapp\/wp-json\/wp\/v2\/comments?post=28924"}],"wp:featuredmedia":[{"embeddable":true,"href":"https:\/\/denizmtl.com\/mobilapp\/wp-json\/wp\/v2\/media\/28954"}],"wp:attachment":[{"href":"https:\/\/denizmtl.com\/mobilapp\/wp-json\/wp\/v2\/media?parent=28924"}],"wp:term":[{"taxonomy":"product_brand","embeddable":true,"href":"https:\/\/denizmtl.com\/mobilapp\/wp-json\/wp\/v2\/product_brand?post=28924"},{"taxonomy":"product_cat","embeddable":true,"href":"https:\/\/denizmtl.com\/mobilapp\/wp-json\/wp\/v2\/product_cat?post=28924"},{"taxonomy":"product_tag","embeddable":true,"href":"https:\/\/denizmtl.com\/mobilapp\/wp-json\/wp\/v2\/product_tag?post=28924"}],"curies":[{"name":"wp","href":"https:\/\/api.w.org\/{rel}","templated":true}]}}