{"id":28922,"date":"2025-08-14T11:34:15","date_gmt":"2025-08-14T08:34:15","guid":{"rendered":"https:\/\/denizmtl.com\/mobilapp\/?post_type=product&#038;p=28922"},"modified":"2025-08-14T11:34:25","modified_gmt":"2025-08-14T08:34:25","slug":"insize-itm-uv-darbe-test-blogu","status":"publish","type":"product","link":"https:\/\/denizmtl.com\/mobilapp\/urunler\/insize-itm-uv-darbe-test-blogu\/","title":{"rendered":"Insize ITM-UV Darbe Test Blo\u011fu"},"content":{"rendered":"","protected":false},"excerpt":{"rendered":"<ul>\n<li>Bro\u015f, y\u00fcksek sertlik, iyi a\u015f\u0131nma direnci ve uzun hizmet \u00f6mr\u00fc ile \u00f6zel malzeme ve \u00f6zel i\u015flemden yap\u0131lm\u0131\u015ft\u0131r<\/li>\n<li>\u0130\u015flenmi\u015f V \u00e7enti\u011fi ve U \u00e7enti\u011fi (2 mm), GB\/T229-2007&#8217;nin ilgili ulusal standartlar\u0131n\u0131 kar\u015f\u0131layabilir<\/li>\n<li>\u0130\u015fleme tutarl\u0131l\u0131\u011f\u0131 m\u00fckemmeldir, bu da numunenin %100 nitelikli olmas\u0131n\u0131 sa\u011flayabilir<\/li>\n<li><a href=\"https:\/\/denizmtl.com\/wp-content\/uploads\/2025\/04\/ITM-UV.pdf\"><strong>PDF i\u00e7in t\u0131klay\u0131n\u0131z.<\/strong><\/a><\/li>\n<\/ul>\n","protected":false},"author":1,"featured_media":28952,"comment_status":"open","ping_status":"closed","template":"","meta":[],"product_brand":[],"product_cat":[28],"product_tag":[],"class_list":{"0":"post-28922","1":"product","2":"type-product","3":"status-publish","4":"has-post-thumbnail","6":"product_cat-diger-olcu-aletleri","8":"first","9":"instock","10":"shipping-taxable","11":"product-type-simple"},"_links":{"self":[{"href":"https:\/\/denizmtl.com\/mobilapp\/wp-json\/wp\/v2\/product\/28922","targetHints":{"allow":["GET"]}}],"collection":[{"href":"https:\/\/denizmtl.com\/mobilapp\/wp-json\/wp\/v2\/product"}],"about":[{"href":"https:\/\/denizmtl.com\/mobilapp\/wp-json\/wp\/v2\/types\/product"}],"author":[{"embeddable":true,"href":"https:\/\/denizmtl.com\/mobilapp\/wp-json\/wp\/v2\/users\/1"}],"replies":[{"embeddable":true,"href":"https:\/\/denizmtl.com\/mobilapp\/wp-json\/wp\/v2\/comments?post=28922"}],"wp:featuredmedia":[{"embeddable":true,"href":"https:\/\/denizmtl.com\/mobilapp\/wp-json\/wp\/v2\/media\/28952"}],"wp:attachment":[{"href":"https:\/\/denizmtl.com\/mobilapp\/wp-json\/wp\/v2\/media?parent=28922"}],"wp:term":[{"taxonomy":"product_brand","embeddable":true,"href":"https:\/\/denizmtl.com\/mobilapp\/wp-json\/wp\/v2\/product_brand?post=28922"},{"taxonomy":"product_cat","embeddable":true,"href":"https:\/\/denizmtl.com\/mobilapp\/wp-json\/wp\/v2\/product_cat?post=28922"},{"taxonomy":"product_tag","embeddable":true,"href":"https:\/\/denizmtl.com\/mobilapp\/wp-json\/wp\/v2\/product_tag?post=28922"}],"curies":[{"name":"wp","href":"https:\/\/api.w.org\/{rel}","templated":true}]}}