{"id":28918,"date":"2025-08-14T11:34:14","date_gmt":"2025-08-14T08:34:14","guid":{"rendered":"https:\/\/denizmtl.com\/mobilapp\/?post_type=product&#038;p=28918"},"modified":"2025-10-02T17:44:57","modified_gmt":"2025-10-02T14:44:57","slug":"insize-csa-r300-karbon-ve-kukurt-analizatoru","status":"publish","type":"product","link":"https:\/\/denizmtl.com\/mobilapp\/urunler\/insize-csa-r300-karbon-ve-kukurt-analizatoru\/","title":{"rendered":"Insize CSA-R300 Karbon ve K\u00fck\u00fcrt Analizat\u00f6r\u00fc"},"content":{"rendered":"","protected":false},"excerpt":{"rendered":"<ul>\n<li>Demir ve \u00e7elik metalurjisi, toz metalurjisi, manyetik malzemeler, yeni enerji, \u00fc\u00e7\u00fcnc\u00fc taraf testleri, ara\u015ft\u0131rma enstit\u00fcleri vb. alanlarda yayg\u0131n olarak kullan\u0131l\u0131r.<\/li>\n<li>\u00c7elik, d\u00f6kme demir, ala\u015f\u0131mlar, \u00e7imento, kum, cam, kire\u00e7, kau\u00e7uk, kataliz\u00f6rler, toprak, yar\u0131 iletkenler, elektronik malzemeler, metal cevherleri, seramikler ve di\u011fer kat\u0131 malzemelerdeki karbon ve k\u00fck\u00fcrt analizi<\/li>\n<li>\u00dcst d\u00fczey k\u0131z\u0131l\u00f6tesi alg\u0131lama sisteminin ve hava devresi sisteminin temel bile\u015fenlerinin benimsenmesi, alg\u0131laman\u0131n kararl\u0131l\u0131\u011f\u0131n\u0131 ve do\u011frulu\u011funu garanti eder.<\/li>\n<li>Y\u00fcksek frekansl\u0131 \u0131s\u0131tma sistemi, y\u00fcksek frekansl\u0131 \u00e7al\u0131\u015fman\u0131n uzun vadeli g\u00fcvenilirli\u011fini sa\u011flamak i\u00e7in \u00f6zel y\u00fcksek frekansl\u0131 kapasit\u00f6rler kullan\u0131r<\/li>\n<li>Alman ithal \u00f6zel d\u0131\u015f metal toz filtresini benimseyin, s\u00f6k\u00fclmesi kolay, temizlenmesi kolay<\/li>\n<li>Hassas tart\u0131m i\u00e7in elektronik terazi, pota k\u00fctlesinin otomatik olarak s\u0131f\u0131rlanmas\u0131, numune a\u011f\u0131rl\u0131\u011f\u0131n\u0131n otomatik olarak girilmesi<\/li>\n<li>Yaz\u0131l\u0131m, solenoid durumunu, sinyal edinme durumunu, y\u00fcksek frekans durumunu, temel durumu vb. izleyebilir.<\/li>\n<li>Veri y\u00f6netimi ve depolama, sorgulama ve istatistik, proje yazd\u0131rma, rapor olu\u015fturma<\/li>\n<li><a href=\"https:\/\/denizmtl.com\/wp-content\/uploads\/2025\/04\/CSA-R300.pdf\"><strong>PDF i\u00e7in t\u0131klay\u0131n\u0131z.<\/strong><\/a><\/li>\n<\/ul>\n<p>&nbsp;<br \/>\n<a class=\"wp-iletim-button\" href=\"https:\/\/wa.me\/905422584189?text=Merhaba%2C%20https%3A%2F%2Fdenizmtl.com%2Fmobilapp%2Fwp-json%2Fwp%2Fv2%2Fproduct%2F28918%20sayfas%C4%B1ndaki%20%C3%BCr%C3%BCnle%20ilgili%20fiyat%20ve%20demo%20talep%20etmek%20istiyorum.\" target=\"_blank\" rel=\"noopener\" style=\"display:inline-block;padding:10px 16px;border-radius:6px;color:#fff;text-decoration:none;font-weight:600;background:#334862;\">F\u0130YAT VE DEMO TALEP ET<\/a>\n","protected":false},"author":1,"featured_media":28948,"comment_status":"open","ping_status":"closed","template":"","meta":[],"product_brand":[],"product_cat":[28,100],"product_tag":[],"class_list":{"0":"post-28918","1":"product","2":"type-product","3":"status-publish","4":"has-post-thumbnail","6":"product_cat-diger-olcu-aletleri","7":"product_cat-test-cihazlari","9":"first","10":"instock","11":"shipping-taxable","12":"product-type-simple"},"_links":{"self":[{"href":"https:\/\/denizmtl.com\/mobilapp\/wp-json\/wp\/v2\/product\/28918","targetHints":{"allow":["GET"]}}],"collection":[{"href":"https:\/\/denizmtl.com\/mobilapp\/wp-json\/wp\/v2\/product"}],"about":[{"href":"https:\/\/denizmtl.com\/mobilapp\/wp-json\/wp\/v2\/types\/product"}],"author":[{"embeddable":true,"href":"https:\/\/denizmtl.com\/mobilapp\/wp-json\/wp\/v2\/users\/1"}],"replies":[{"embeddable":true,"href":"https:\/\/denizmtl.com\/mobilapp\/wp-json\/wp\/v2\/comments?post=28918"}],"wp:featuredmedia":[{"embeddable":true,"href":"https:\/\/denizmtl.com\/mobilapp\/wp-json\/wp\/v2\/media\/28948"}],"wp:attachment":[{"href":"https:\/\/denizmtl.com\/mobilapp\/wp-json\/wp\/v2\/media?parent=28918"}],"wp:term":[{"taxonomy":"product_brand","embeddable":true,"href":"https:\/\/denizmtl.com\/mobilapp\/wp-json\/wp\/v2\/product_brand?post=28918"},{"taxonomy":"product_cat","embeddable":true,"href":"https:\/\/denizmtl.com\/mobilapp\/wp-json\/wp\/v2\/product_cat?post=28918"},{"taxonomy":"product_tag","embeddable":true,"href":"https:\/\/denizmtl.com\/mobilapp\/wp-json\/wp\/v2\/product_tag?post=28918"}],"curies":[{"name":"wp","href":"https:\/\/api.w.org\/{rel}","templated":true}]}}