{"id":28881,"date":"2025-08-14T11:33:55","date_gmt":"2025-08-14T08:33:55","guid":{"rendered":"https:\/\/denizmtl.com\/mobilapp\/?post_type=product&#038;p=28881"},"modified":"2025-08-14T11:34:11","modified_gmt":"2025-08-14T08:34:11","slug":"insize-9670-pm70-ac-dc-dijital-guc-olcer","status":"publish","type":"product","link":"https:\/\/denizmtl.com\/mobilapp\/urunler\/insize-9670-pm70-ac-dc-dijital-guc-olcer\/","title":{"rendered":"Insize 9670-PM70 AC\/DC Dijital G\u00fc\u00e7 \u00d6l\u00e7er"},"content":{"rendered":"","protected":false},"excerpt":{"rendered":"<ul>\n<li>Temel do\u011fruluk: %0,2<\/li>\n<li>AC\/DC evrensel, giri\u015f sinyali bant geni\u015fli\u011fi: DC, 15Hz-5kHz<\/li>\n<li>Y\u00fcksek \u00f6l\u00e7\u00fcm h\u0131z\u0131, 0,1 saniyeye kadar yenileme h\u0131z\u0131<\/li>\n<li>Gerilim ve ak\u0131m oran\u0131 fonksiyonu<\/li>\n<li>Voltaj, ak\u0131m, g\u00fc\u00e7 limitlerinin a\u015f\u0131lmas\u0131 durumunda sesli ve \u0131\u015f\u0131kl\u0131 alarm<\/li>\n<li>Test otomasyonunu ve veri iletimini desteklemek i\u00e7in standart RS232 aray\u00fcz\u00fc<\/li>\n<li><a href=\"https:\/\/denizmtl.com\/wp-content\/uploads\/2025\/04\/9670-PM70.pdf\"><strong>PDF i\u00e7in t\u0131klay\u0131n\u0131z.<\/strong><\/a><\/li>\n<\/ul>\n","protected":false},"author":1,"featured_media":28911,"comment_status":"open","ping_status":"closed","template":"","meta":[],"product_brand":[],"product_cat":[28],"product_tag":[],"class_list":{"0":"post-28881","1":"product","2":"type-product","3":"status-publish","4":"has-post-thumbnail","6":"product_cat-diger-olcu-aletleri","8":"first","9":"instock","10":"shipping-taxable","11":"product-type-simple"},"_links":{"self":[{"href":"https:\/\/denizmtl.com\/mobilapp\/wp-json\/wp\/v2\/product\/28881","targetHints":{"allow":["GET"]}}],"collection":[{"href":"https:\/\/denizmtl.com\/mobilapp\/wp-json\/wp\/v2\/product"}],"about":[{"href":"https:\/\/denizmtl.com\/mobilapp\/wp-json\/wp\/v2\/types\/product"}],"author":[{"embeddable":true,"href":"https:\/\/denizmtl.com\/mobilapp\/wp-json\/wp\/v2\/users\/1"}],"replies":[{"embeddable":true,"href":"https:\/\/denizmtl.com\/mobilapp\/wp-json\/wp\/v2\/comments?post=28881"}],"wp:featuredmedia":[{"embeddable":true,"href":"https:\/\/denizmtl.com\/mobilapp\/wp-json\/wp\/v2\/media\/28911"}],"wp:attachment":[{"href":"https:\/\/denizmtl.com\/mobilapp\/wp-json\/wp\/v2\/media?parent=28881"}],"wp:term":[{"taxonomy":"product_brand","embeddable":true,"href":"https:\/\/denizmtl.com\/mobilapp\/wp-json\/wp\/v2\/product_brand?post=28881"},{"taxonomy":"product_cat","embeddable":true,"href":"https:\/\/denizmtl.com\/mobilapp\/wp-json\/wp\/v2\/product_cat?post=28881"},{"taxonomy":"product_tag","embeddable":true,"href":"https:\/\/denizmtl.com\/mobilapp\/wp-json\/wp\/v2\/product_tag?post=28881"}],"curies":[{"name":"wp","href":"https:\/\/api.w.org\/{rel}","templated":true}]}}