{"id":28877,"date":"2025-08-14T11:33:54","date_gmt":"2025-08-14T08:33:54","guid":{"rendered":"https:\/\/denizmtl.com\/mobilapp\/?post_type=product&#038;p=28877"},"modified":"2025-08-14T11:34:09","modified_gmt":"2025-08-14T08:34:09","slug":"insize-hhl-s360-el-tipi-raman-spektrometresi-gelismis-tip","status":"publish","type":"product","link":"https:\/\/denizmtl.com\/mobilapp\/urunler\/insize-hhl-s360-el-tipi-raman-spektrometresi-gelismis-tip\/","title":{"rendered":"Insize HHL-S360 El Tipi Raman Spektrometresi (Geli\u015fmi\u015f Tip)"},"content":{"rendered":"","protected":false},"excerpt":{"rendered":"<ul>\n<li>End\u00fcstri, t\u0131p, \u00e7evre koruma, g\u0131da, kamu g\u00fcvenli\u011fi, savunma vb. alanlarda yayg\u0131n olarak kullan\u0131l\u0131r.<\/li>\n<li>\u00c7e\u015fitli formlardaki inorganik ve organik maddelerin nitel olarak tan\u0131mlanmas\u0131 i\u00e7in<\/li>\n<li>1064nm dalga boyu, floresan giri\u015fimini \u00f6nleme konusunda benzersiz bir avantaja sahiptir<\/li>\n<li>Plastik t\u00fcrleri, kullan\u0131c\u0131ya ait veritaban\u0131 olu\u015fturma yetene\u011fi ile a\u00e7\u0131k\u00e7a ay\u0131rt edilebilir<\/li>\n<li>\u00c7e\u015fitli numunelerin test edilmesini kar\u015f\u0131lamak i\u00e7in farkl\u0131 boyutlarda problar ve lensler<\/li>\n<li>Verilerin yetkisiz if\u015fas\u0131n\u0131 \u00f6nlemek i\u00e7in hesap ayr\u0131cal\u0131klar\u0131 ayarlanabilir<\/li>\n<li>Kompakt boyut, hafif, de\u011fi\u015ftirilebilir piller, uzun pil \u00f6mr\u00fc<\/li>\n<li><a href=\"https:\/\/denizmtl.com\/wp-content\/uploads\/2025\/04\/HHL-S360.pdf\"><strong>PDF i\u00e7in t\u0131klay\u0131n\u0131z.<\/strong><\/a><\/li>\n<\/ul>\n","protected":false},"author":1,"featured_media":28907,"comment_status":"open","ping_status":"closed","template":"","meta":[],"product_brand":[],"product_cat":[28],"product_tag":[],"class_list":{"0":"post-28877","1":"product","2":"type-product","3":"status-publish","4":"has-post-thumbnail","6":"product_cat-diger-olcu-aletleri","8":"first","9":"instock","10":"shipping-taxable","11":"product-type-simple"},"_links":{"self":[{"href":"https:\/\/denizmtl.com\/mobilapp\/wp-json\/wp\/v2\/product\/28877","targetHints":{"allow":["GET"]}}],"collection":[{"href":"https:\/\/denizmtl.com\/mobilapp\/wp-json\/wp\/v2\/product"}],"about":[{"href":"https:\/\/denizmtl.com\/mobilapp\/wp-json\/wp\/v2\/types\/product"}],"author":[{"embeddable":true,"href":"https:\/\/denizmtl.com\/mobilapp\/wp-json\/wp\/v2\/users\/1"}],"replies":[{"embeddable":true,"href":"https:\/\/denizmtl.com\/mobilapp\/wp-json\/wp\/v2\/comments?post=28877"}],"wp:featuredmedia":[{"embeddable":true,"href":"https:\/\/denizmtl.com\/mobilapp\/wp-json\/wp\/v2\/media\/28907"}],"wp:attachment":[{"href":"https:\/\/denizmtl.com\/mobilapp\/wp-json\/wp\/v2\/media?parent=28877"}],"wp:term":[{"taxonomy":"product_brand","embeddable":true,"href":"https:\/\/denizmtl.com\/mobilapp\/wp-json\/wp\/v2\/product_brand?post=28877"},{"taxonomy":"product_cat","embeddable":true,"href":"https:\/\/denizmtl.com\/mobilapp\/wp-json\/wp\/v2\/product_cat?post=28877"},{"taxonomy":"product_tag","embeddable":true,"href":"https:\/\/denizmtl.com\/mobilapp\/wp-json\/wp\/v2\/product_tag?post=28877"}],"curies":[{"name":"wp","href":"https:\/\/api.w.org\/{rel}","templated":true}]}}