{"id":28874,"date":"2025-08-14T11:33:53","date_gmt":"2025-08-14T08:33:53","guid":{"rendered":"https:\/\/denizmtl.com\/mobilapp\/?post_type=product&#038;p=28874"},"modified":"2025-08-14T11:34:08","modified_gmt":"2025-08-14T08:34:08","slug":"insize-9440-dp-cok-kanalli-havali-mastar-kontrol-ekrani","status":"publish","type":"product","link":"https:\/\/denizmtl.com\/mobilapp\/urunler\/insize-9440-dp-cok-kanalli-havali-mastar-kontrol-ekrani\/","title":{"rendered":"Insize 9440-DP \u00c7ok Kanall\u0131 Haval\u0131 Mastar Kontrol Ekran\u0131"},"content":{"rendered":"","protected":false},"excerpt":{"rendered":"<ul>\n<li>Veri depolama fonksiyonu, 2 milyon grup veri saklanabilir<\/li>\n<li>10 grup \u00f6l\u00e7\u00fcm program\u0131n\u0131 saklayabilir ve program h\u0131zl\u0131 bir \u015fekilde de\u011fi\u015ftirilebilir<\/li>\n<li>Depolama verilerini \u00e7\u0131karmak i\u00e7in USB flash disk tak\u0131n, program\u0131 g\u00fcncelleyin<\/li>\n<li>Veriler TCP\/IP \u00fczerinden payla\u015f\u0131labilir veya a\u011fa ba\u011flanabilir (\u00f6zelle\u015ftirilebilir)<\/li>\n<li>\u00dcr\u00fcn kodlar\u0131 tarama tabancas\u0131yla veya manuel olarak girilebilir (\u00f6zelle\u015ftirilebilir)<\/li>\n<li>Veri istatistikleri ve analiz fonksiyonlar\u0131yla, grafikler ve Xbar-R kontrol \u00e7izelgeleri g\u00f6r\u00fcnt\u00fclenebilir<\/li>\n<li><a href=\"https:\/\/denizmtl.com\/wp-content\/uploads\/2025\/04\/9440-DP.pdf\"><strong>PDF i\u00e7in t\u0131klay\u0131n\u0131z.<\/strong><\/a><\/li>\n<\/ul>\n","protected":false},"author":1,"featured_media":28904,"comment_status":"open","ping_status":"closed","template":"","meta":[],"product_brand":[],"product_cat":[28],"product_tag":[],"class_list":{"0":"post-28874","1":"product","2":"type-product","3":"status-publish","4":"has-post-thumbnail","6":"product_cat-diger-olcu-aletleri","8":"first","9":"instock","10":"shipping-taxable","11":"product-type-simple"},"_links":{"self":[{"href":"https:\/\/denizmtl.com\/mobilapp\/wp-json\/wp\/v2\/product\/28874","targetHints":{"allow":["GET"]}}],"collection":[{"href":"https:\/\/denizmtl.com\/mobilapp\/wp-json\/wp\/v2\/product"}],"about":[{"href":"https:\/\/denizmtl.com\/mobilapp\/wp-json\/wp\/v2\/types\/product"}],"author":[{"embeddable":true,"href":"https:\/\/denizmtl.com\/mobilapp\/wp-json\/wp\/v2\/users\/1"}],"replies":[{"embeddable":true,"href":"https:\/\/denizmtl.com\/mobilapp\/wp-json\/wp\/v2\/comments?post=28874"}],"wp:featuredmedia":[{"embeddable":true,"href":"https:\/\/denizmtl.com\/mobilapp\/wp-json\/wp\/v2\/media\/28904"}],"wp:attachment":[{"href":"https:\/\/denizmtl.com\/mobilapp\/wp-json\/wp\/v2\/media?parent=28874"}],"wp:term":[{"taxonomy":"product_brand","embeddable":true,"href":"https:\/\/denizmtl.com\/mobilapp\/wp-json\/wp\/v2\/product_brand?post=28874"},{"taxonomy":"product_cat","embeddable":true,"href":"https:\/\/denizmtl.com\/mobilapp\/wp-json\/wp\/v2\/product_cat?post=28874"},{"taxonomy":"product_tag","embeddable":true,"href":"https:\/\/denizmtl.com\/mobilapp\/wp-json\/wp\/v2\/product_tag?post=28874"}],"curies":[{"name":"wp","href":"https:\/\/api.w.org\/{rel}","templated":true}]}}