{"id":28867,"date":"2025-08-14T11:33:52","date_gmt":"2025-08-14T08:33:52","guid":{"rendered":"https:\/\/denizmtl.com\/mobilapp\/?post_type=product&#038;p=28867"},"modified":"2025-08-14T11:34:03","modified_gmt":"2025-08-14T08:34:03","slug":"insize-isf-yt-kuvvet-olcer","status":"publish","type":"product","link":"https:\/\/denizmtl.com\/mobilapp\/urunler\/insize-isf-yt-kuvvet-olcer\/","title":{"rendered":"Insize ISF-YT Kuvvet \u00d6l\u00e7er"},"content":{"rendered":"","protected":false},"excerpt":{"rendered":"<ul>\n<li>Kuvvet birimi: N, g, kg<\/li>\n<li>\u00d6rnekleme frekans\u0131: 50Hz~3200Hz, d\u00f6rt ayarlanabilir ad\u0131m, y\u00fcksek \u00f6rnekleme h\u0131z\u0131 tepe de\u011ferini do\u011fru bir \u015fekilde yakalar<\/li>\n<li>Ger\u00e7ek zamanl\u0131 e\u011friyi ve son tarihsel e\u011friyi g\u00f6r\u00fcnt\u00fclemek i\u00e7in se\u00e7in<\/li>\n<li>Tepe de\u011feri ve vadi de\u011ferinin ger\u00e7ek zamanl\u0131 otomatik yakalanmas\u0131<\/li>\n<li>Parametre yedekleme ve geri y\u00fckleme, parametreler bozulmu\u015f olsa bile tek t\u0131klamayla geri y\u00fckleyebilirsiniz<\/li>\n<li>A\u011f\u0131rl\u0131ks\u0131z kalibrasyon, sadece sens\u00f6r parametrelerini girin ve kalibrasyona haz\u0131r olun<\/li>\n<li>\u00c7e\u015fitli alarm se\u00e7enekleri: \u00fcst s\u0131n\u0131r alarm\u0131, alt s\u0131n\u0131r alarm\u0131, tepe ve vadi alarm\u0131, aral\u0131\u011f\u0131n 1,2 kat\u0131ndan fazla alarm<\/li>\n<li>G\u00fc\u00e7 kayna\u011f\u0131 3.5V<\/li>\n<li>S\u0131cakl\u0131k kaymas\u0131 20ppm&#8217;den az<\/li>\n<li><a href=\"https:\/\/denizmtl.com\/wp-content\/uploads\/2025\/04\/ISF-YT.pdf\"><strong>PDF i\u00e7in t\u0131klay\u0131n\u0131z.<\/strong><\/a><\/li>\n<\/ul>\n","protected":false},"author":1,"featured_media":28897,"comment_status":"open","ping_status":"closed","template":"","meta":[],"product_brand":[],"product_cat":[28],"product_tag":[],"class_list":{"0":"post-28867","1":"product","2":"type-product","3":"status-publish","4":"has-post-thumbnail","6":"product_cat-diger-olcu-aletleri","8":"first","9":"instock","10":"shipping-taxable","11":"product-type-simple"},"_links":{"self":[{"href":"https:\/\/denizmtl.com\/mobilapp\/wp-json\/wp\/v2\/product\/28867","targetHints":{"allow":["GET"]}}],"collection":[{"href":"https:\/\/denizmtl.com\/mobilapp\/wp-json\/wp\/v2\/product"}],"about":[{"href":"https:\/\/denizmtl.com\/mobilapp\/wp-json\/wp\/v2\/types\/product"}],"author":[{"embeddable":true,"href":"https:\/\/denizmtl.com\/mobilapp\/wp-json\/wp\/v2\/users\/1"}],"replies":[{"embeddable":true,"href":"https:\/\/denizmtl.com\/mobilapp\/wp-json\/wp\/v2\/comments?post=28867"}],"wp:featuredmedia":[{"embeddable":true,"href":"https:\/\/denizmtl.com\/mobilapp\/wp-json\/wp\/v2\/media\/28897"}],"wp:attachment":[{"href":"https:\/\/denizmtl.com\/mobilapp\/wp-json\/wp\/v2\/media?parent=28867"}],"wp:term":[{"taxonomy":"product_brand","embeddable":true,"href":"https:\/\/denizmtl.com\/mobilapp\/wp-json\/wp\/v2\/product_brand?post=28867"},{"taxonomy":"product_cat","embeddable":true,"href":"https:\/\/denizmtl.com\/mobilapp\/wp-json\/wp\/v2\/product_cat?post=28867"},{"taxonomy":"product_tag","embeddable":true,"href":"https:\/\/denizmtl.com\/mobilapp\/wp-json\/wp\/v2\/product_tag?post=28867"}],"curies":[{"name":"wp","href":"https:\/\/api.w.org\/{rel}","templated":true}]}}