{"id":28859,"date":"2025-08-14T11:33:50","date_gmt":"2025-08-14T08:33:50","guid":{"rendered":"https:\/\/denizmtl.com\/mobilapp\/?post_type=product&#038;p=28859"},"modified":"2025-08-14T11:33:59","modified_gmt":"2025-08-14T08:33:59","slug":"insize-isu-810d-ultrasonik-kalinlik-olcme-cihazi","status":"publish","type":"product","link":"https:\/\/denizmtl.com\/mobilapp\/urunler\/insize-isu-810d-ultrasonik-kalinlik-olcme-cihazi\/","title":{"rendered":"Insize ISU-810D Ultrasonik Kal\u0131nl\u0131k \u00d6l\u00e7me Cihaz\u0131"},"content":{"rendered":"","protected":false},"excerpt":{"rendered":"<ul>\n<li>Kaplama yoluyla alt tabakan\u0131n kal\u0131nl\u0131\u011f\u0131n\u0131 \u00f6l\u00e7\u00fcn<\/li>\n<li>\u00d6l\u00e7\u00fcm modu: standart mod (\u00e7ift elemanl\u0131 d\u00f6n\u00fc\u015ft\u00fcr\u00fcc\u00fc: P-E), n\u00fcfuz kaplama modu (\u00e7ift elemanl\u0131 d\u00f6n\u00fc\u015ft\u00fcr\u00fcc\u00fc: E-E)<\/li>\n<li>G\u00f6r\u00fcnt\u00fcleme modu: ger\u00e7ek zamanl\u0131 renkli A-tarama dalga formu modu, ger\u00e7ek zamanl\u0131 renkli B-tarama dalga formu modu, kal\u0131nl\u0131k de\u011feri modu, Min\/Maks yakalama modu, fark veya azaltma oran\u0131 modu<\/li>\n<li>Gri d\u00f6kme demir, s\u00fcnek demir, PE, PVC boru, fiberglas, 3PE antikorozif tabaka borular\u0131, metal borular, bas\u0131n\u00e7l\u0131 kaplar, \u015fekillendirilmi\u015f par\u00e7alar, k\u00fc\u00e7\u00fck borular\u0131n duvar kal\u0131nl\u0131\u011f\u0131 vb. \u00f6l\u00e7\u00fclebilir.<\/li>\n<li>\u00dcst ve alt limitleri ayarlay\u0131n ve limit a\u015f\u0131ld\u0131\u011f\u0131nda okuma rengi de\u011fi\u015fecektir<\/li>\n<li>Tek nokta kalibrasyonu ve iki nokta kalibrasyonu<\/li>\n<li>Otomatik V yolu d\u00fczeltmesi ile ikiz kristal probun do\u011frusal olmayanl\u0131\u011f\u0131n\u0131 telafi edebilir<\/li>\n<li>100000 kal\u0131nl\u0131k de\u011ferini ve 1000 dalga formunu depolayabilir<\/li>\n<li>\u0130statistikler i\u00e7in bilgisayara ba\u011fl\u0131 USB 2.0 portu<\/li>\n<li>Diller: \u00c7ince, \u0130ngilizce, Almanca, Frans\u0131zca, Japonca<\/li>\n<li>G\u00fc\u00e7 kapal\u0131: otomatik\/manuel<\/li>\n<li><a href=\"https:\/\/denizmtl.com\/wp-content\/uploads\/2025\/04\/ISU-810D.pdf\"><strong>PDF i\u00e7in t\u0131klay\u0131n\u0131z.<\/strong><\/a><\/li>\n<\/ul>\n","protected":false},"author":1,"featured_media":28889,"comment_status":"open","ping_status":"closed","template":"","meta":[],"product_brand":[],"product_cat":[28],"product_tag":[],"class_list":{"0":"post-28859","1":"product","2":"type-product","3":"status-publish","4":"has-post-thumbnail","6":"product_cat-diger-olcu-aletleri","8":"first","9":"instock","10":"shipping-taxable","11":"product-type-simple"},"_links":{"self":[{"href":"https:\/\/denizmtl.com\/mobilapp\/wp-json\/wp\/v2\/product\/28859","targetHints":{"allow":["GET"]}}],"collection":[{"href":"https:\/\/denizmtl.com\/mobilapp\/wp-json\/wp\/v2\/product"}],"about":[{"href":"https:\/\/denizmtl.com\/mobilapp\/wp-json\/wp\/v2\/types\/product"}],"author":[{"embeddable":true,"href":"https:\/\/denizmtl.com\/mobilapp\/wp-json\/wp\/v2\/users\/1"}],"replies":[{"embeddable":true,"href":"https:\/\/denizmtl.com\/mobilapp\/wp-json\/wp\/v2\/comments?post=28859"}],"wp:featuredmedia":[{"embeddable":true,"href":"https:\/\/denizmtl.com\/mobilapp\/wp-json\/wp\/v2\/media\/28889"}],"wp:attachment":[{"href":"https:\/\/denizmtl.com\/mobilapp\/wp-json\/wp\/v2\/media?parent=28859"}],"wp:term":[{"taxonomy":"product_brand","embeddable":true,"href":"https:\/\/denizmtl.com\/mobilapp\/wp-json\/wp\/v2\/product_brand?post=28859"},{"taxonomy":"product_cat","embeddable":true,"href":"https:\/\/denizmtl.com\/mobilapp\/wp-json\/wp\/v2\/product_cat?post=28859"},{"taxonomy":"product_tag","embeddable":true,"href":"https:\/\/denizmtl.com\/mobilapp\/wp-json\/wp\/v2\/product_tag?post=28859"}],"curies":[{"name":"wp","href":"https:\/\/api.w.org\/{rel}","templated":true}]}}