{"id":28858,"date":"2025-08-14T11:33:50","date_gmt":"2025-08-14T08:33:50","guid":{"rendered":"https:\/\/denizmtl.com\/mobilapp\/?post_type=product&#038;p=28858"},"modified":"2025-08-14T11:33:58","modified_gmt":"2025-08-14T08:33:58","slug":"insize-9426-cnc-takim-tezgahlari-icin-iletim-probu","status":"publish","type":"product","link":"https:\/\/denizmtl.com\/mobilapp\/urunler\/insize-9426-cnc-takim-tezgahlari-icin-iletim-probu\/","title":{"rendered":"Insize 9426 CNC Tak\u0131m Tezgahlar\u0131 \u0130\u00e7in \u0130letim Probu"},"content":{"rendered":"","protected":false},"excerpt":{"rendered":"<ul>\n<li>Her t\u00fcrl\u00fc torna, torna merkezi ve freze-torna CNC tak\u0131m tezgahlar\u0131n\u0131n tezgah \u00fcst\u00fc \u00f6l\u00e7\u00fcm\u00fc<\/li>\n<li>CNC i\u015fleme s\u00fcrecinden \u00f6nce i\u015f par\u00e7as\u0131 koordinat\u0131n\u0131 ve i\u015fleme referans noktas\u0131n\u0131 otomatik olarak ayarlay\u0131n<\/li>\n<li>CNC i\u015fleme s\u0131ras\u0131nda boyutu ve konum koordinat\u0131n\u0131 otomatik olarak \u00f6l\u00e7\u00fcn<\/li>\n<li>CNC i\u015fleme tamamland\u0131ktan sonra boyut, \u015fekil ve pozisyonu \u00f6l\u00e7\u00fcn<\/li>\n<li>Prob durumu, hata, d\u00fc\u015f\u00fck voltaj ve darbe gibi d\u00f6rt \u00e7e\u015fit SSR sinyali CNC tak\u0131m tezgahlar\u0131na iletilir<\/li>\n<li>M kodu, problar\u0131n a\u00e7\u0131l\u0131p kapat\u0131lmas\u0131n\u0131 kontrol etmek i\u00e7in kullan\u0131l\u0131r<\/li>\n<li>Radyo iletimi, iletim\/al\u0131m aral\u0131\u011f\u0131: 14m<\/li>\n<li>\u00d6l\u00e7\u00fcm yaz\u0131l\u0131m\u0131 ile birlikte verilir<\/li>\n<li>\u0130ste\u011fe ba\u011fl\u0131 aksesuar: prob u\u00e7lar\u0131<\/li>\n<li>Montaj plakas\u0131 \u00f6zelle\u015ftirilebilir<\/li>\n<li><a href=\"https:\/\/denizmtl.com\/wp-content\/uploads\/2025\/04\/9426.pdf\"><strong>PDF i\u00e7in t\u0131klay\u0131n\u0131z.<\/strong><\/a><\/li>\n<\/ul>\n","protected":false},"author":1,"featured_media":28888,"comment_status":"open","ping_status":"closed","template":"","meta":[],"product_brand":[],"product_cat":[28],"product_tag":[],"class_list":{"0":"post-28858","1":"product","2":"type-product","3":"status-publish","4":"has-post-thumbnail","6":"product_cat-diger-olcu-aletleri","8":"first","9":"instock","10":"shipping-taxable","11":"product-type-simple"},"_links":{"self":[{"href":"https:\/\/denizmtl.com\/mobilapp\/wp-json\/wp\/v2\/product\/28858","targetHints":{"allow":["GET"]}}],"collection":[{"href":"https:\/\/denizmtl.com\/mobilapp\/wp-json\/wp\/v2\/product"}],"about":[{"href":"https:\/\/denizmtl.com\/mobilapp\/wp-json\/wp\/v2\/types\/product"}],"author":[{"embeddable":true,"href":"https:\/\/denizmtl.com\/mobilapp\/wp-json\/wp\/v2\/users\/1"}],"replies":[{"embeddable":true,"href":"https:\/\/denizmtl.com\/mobilapp\/wp-json\/wp\/v2\/comments?post=28858"}],"wp:featuredmedia":[{"embeddable":true,"href":"https:\/\/denizmtl.com\/mobilapp\/wp-json\/wp\/v2\/media\/28888"}],"wp:attachment":[{"href":"https:\/\/denizmtl.com\/mobilapp\/wp-json\/wp\/v2\/media?parent=28858"}],"wp:term":[{"taxonomy":"product_brand","embeddable":true,"href":"https:\/\/denizmtl.com\/mobilapp\/wp-json\/wp\/v2\/product_brand?post=28858"},{"taxonomy":"product_cat","embeddable":true,"href":"https:\/\/denizmtl.com\/mobilapp\/wp-json\/wp\/v2\/product_cat?post=28858"},{"taxonomy":"product_tag","embeddable":true,"href":"https:\/\/denizmtl.com\/mobilapp\/wp-json\/wp\/v2\/product_tag?post=28858"}],"curies":[{"name":"wp","href":"https:\/\/api.w.org\/{rel}","templated":true}]}}