{"id":28825,"date":"2025-08-14T11:33:33","date_gmt":"2025-08-14T08:33:33","guid":{"rendered":"https:\/\/denizmtl.com\/mobilapp\/?post_type=product&#038;p=28825"},"modified":"2025-08-14T11:33:46","modified_gmt":"2025-08-14T08:33:46","slug":"insize-utm-sc-elektronik-cekme-ve-basma-test-cihazi","status":"publish","type":"product","link":"https:\/\/denizmtl.com\/mobilapp\/urunler\/insize-utm-sc-elektronik-cekme-ve-basma-test-cihazi\/","title":{"rendered":"Insize UTM-SC Elektronik \u00c7ekme ve Basma Test Cihaz\u0131"},"content":{"rendered":"","protected":false},"excerpt":{"rendered":"<ul>\n<li>Metal teller, metal folyolar, plastikler, g\u0131da ambalajlar\u0131, tekstil lifleri, teller ve kablolar, yap\u0131\u015ft\u0131r\u0131c\u0131lar, konekt\u00f6rler ve di\u011fer end\u00fcstrilerin \u00e7ekme, soyulma ve y\u0131rt\u0131lma testleri i\u00e7in uygundur<\/li>\n<li>Sabit kuvvet testi, sabit yer de\u011fi\u015ftirme testi, sabit deformasyon testi ve \u00e7evrim testi ger\u00e7ekle\u015ftirilebilir<\/li>\n<li>Maksimum kuvveti, \u00e7ekme dayan\u0131m\u0131n\u0131, bas\u0131n\u00e7 dayan\u0131m\u0131n\u0131, kopma uzamas\u0131n\u0131, ortalama soyulma dayan\u0131m\u0131n\u0131, ortalama soyulma kuvvetini ve di\u011fer test verilerini otomatik olarak elde edin<\/li>\n<li>A\u015f\u0131r\u0131 y\u00fck acil durum kapatma koruma cihaz\u0131, yukar\u0131 ve a\u015fa\u011f\u0131 hareket s\u0131n\u0131r\u0131 koruma cihaz\u0131<\/li>\n<li>S\u0131z\u0131nt\u0131 otomatik kapanma sistemi, otomatik kesme noktas\u0131 durdurma fonksiyonu<\/li>\n<li><a href=\"https:\/\/denizmtl.com\/wp-content\/uploads\/2025\/04\/UTM-SC.pdf\"><strong>PDF i\u00e7in t\u0131klay\u0131n\u0131z.<\/strong><\/a><\/li>\n<\/ul>\n","protected":false},"author":1,"featured_media":28852,"comment_status":"open","ping_status":"closed","template":"","meta":[],"product_brand":[],"product_cat":[28],"product_tag":[],"class_list":{"0":"post-28825","1":"product","2":"type-product","3":"status-publish","4":"has-post-thumbnail","6":"product_cat-diger-olcu-aletleri","8":"first","9":"instock","10":"shipping-taxable","11":"product-type-simple"},"_links":{"self":[{"href":"https:\/\/denizmtl.com\/mobilapp\/wp-json\/wp\/v2\/product\/28825","targetHints":{"allow":["GET"]}}],"collection":[{"href":"https:\/\/denizmtl.com\/mobilapp\/wp-json\/wp\/v2\/product"}],"about":[{"href":"https:\/\/denizmtl.com\/mobilapp\/wp-json\/wp\/v2\/types\/product"}],"author":[{"embeddable":true,"href":"https:\/\/denizmtl.com\/mobilapp\/wp-json\/wp\/v2\/users\/1"}],"replies":[{"embeddable":true,"href":"https:\/\/denizmtl.com\/mobilapp\/wp-json\/wp\/v2\/comments?post=28825"}],"wp:featuredmedia":[{"embeddable":true,"href":"https:\/\/denizmtl.com\/mobilapp\/wp-json\/wp\/v2\/media\/28852"}],"wp:attachment":[{"href":"https:\/\/denizmtl.com\/mobilapp\/wp-json\/wp\/v2\/media?parent=28825"}],"wp:term":[{"taxonomy":"product_brand","embeddable":true,"href":"https:\/\/denizmtl.com\/mobilapp\/wp-json\/wp\/v2\/product_brand?post=28825"},{"taxonomy":"product_cat","embeddable":true,"href":"https:\/\/denizmtl.com\/mobilapp\/wp-json\/wp\/v2\/product_cat?post=28825"},{"taxonomy":"product_tag","embeddable":true,"href":"https:\/\/denizmtl.com\/mobilapp\/wp-json\/wp\/v2\/product_tag?post=28825"}],"curies":[{"name":"wp","href":"https:\/\/api.w.org\/{rel}","templated":true}]}}