{"id":28821,"date":"2025-08-14T11:33:32","date_gmt":"2025-08-14T08:33:32","guid":{"rendered":"https:\/\/denizmtl.com\/mobilapp\/?post_type=product&#038;p=28821"},"modified":"2025-08-14T11:33:45","modified_gmt":"2025-08-14T08:33:45","slug":"insize-ect-s610-tasinabilir-girdap-akimi-hata-dedektoru-eddy-akimi","status":"publish","type":"product","link":"https:\/\/denizmtl.com\/mobilapp\/urunler\/insize-ect-s610-tasinabilir-girdap-akimi-hata-dedektoru-eddy-akimi\/","title":{"rendered":"Insize ECT-S610 Ta\u015f\u0131nabilir Girdap Ak\u0131m\u0131 Hata Dedekt\u00f6r\u00fc (Eddy Ak\u0131m\u0131)"},"content":{"rendered":"","protected":false},"excerpt":{"rendered":"<ul>\n<li>Ger\u00e7ek zamanl\u0131 empedans d\u00fczlemi ve zaman tabanl\u0131 tarama g\u00f6r\u00fcnt\u00fcleme modlar\u0131 mevcuttur<\/li>\n<li>Kullan\u0131m\u0131 kolay men\u00fc aray\u00fcz\u00fc, evrensel d\u00fc\u011fme kullan\u0131m\u0131yla<\/li>\n<li>daha rahat ve h\u0131zl\u0131d\u0131r<\/li>\n<li>T\u00fcm alg\u0131lama s\u00fcrecinin sinyal dalga formunu analiz ederek, faz ve genli\u011fi otomatik olarak \u00f6l\u00e7er.<\/li>\n<li>Genlik ve faz alarmlar\u0131 ve ayarlanabilir s\u0131n\u0131rlar ile<\/li>\n<li>5.7&#8243; end\u00fcstriyel s\u0131n\u0131f TFT ekran, d\u0131\u015f mekanda ve do\u011frudan g\u00fcne\u015f \u0131\u015f\u0131\u011f\u0131 ortam\u0131nda \u00e7al\u0131\u015fabilir<\/li>\n<li>500 veri seti, 500 parametre seti veya 40 dakikal\u0131k video depolama<\/li>\n<li>Kaynak \u00e7atlaklar\u0131, bak\u0131r boru, diki\u015fsiz \u00e7elik boru, paslanmaz \u00e7elik boru, katlama, yara izleri, \u00e7ukurlar, \u00e7atlaklar, delaminasyon ve di\u011fer kusurlar gibi her t\u00fcrl\u00fc metal malzeme ve par\u00e7aya uygulanabilir, y\u00fcksek hassasiyete sahiptir<\/li>\n<li><a href=\"https:\/\/denizmtl.com\/wp-content\/uploads\/2025\/04\/ECT-S610.pdf\"><strong>PDF i\u00e7in t\u0131klay\u0131n\u0131z.<\/strong><\/a><\/li>\n<\/ul>\n","protected":false},"author":1,"featured_media":28848,"comment_status":"open","ping_status":"closed","template":"","meta":[],"product_brand":[],"product_cat":[28],"product_tag":[],"class_list":{"0":"post-28821","1":"product","2":"type-product","3":"status-publish","4":"has-post-thumbnail","6":"product_cat-diger-olcu-aletleri","8":"first","9":"instock","10":"shipping-taxable","11":"product-type-simple"},"_links":{"self":[{"href":"https:\/\/denizmtl.com\/mobilapp\/wp-json\/wp\/v2\/product\/28821","targetHints":{"allow":["GET"]}}],"collection":[{"href":"https:\/\/denizmtl.com\/mobilapp\/wp-json\/wp\/v2\/product"}],"about":[{"href":"https:\/\/denizmtl.com\/mobilapp\/wp-json\/wp\/v2\/types\/product"}],"author":[{"embeddable":true,"href":"https:\/\/denizmtl.com\/mobilapp\/wp-json\/wp\/v2\/users\/1"}],"replies":[{"embeddable":true,"href":"https:\/\/denizmtl.com\/mobilapp\/wp-json\/wp\/v2\/comments?post=28821"}],"wp:featuredmedia":[{"embeddable":true,"href":"https:\/\/denizmtl.com\/mobilapp\/wp-json\/wp\/v2\/media\/28848"}],"wp:attachment":[{"href":"https:\/\/denizmtl.com\/mobilapp\/wp-json\/wp\/v2\/media?parent=28821"}],"wp:term":[{"taxonomy":"product_brand","embeddable":true,"href":"https:\/\/denizmtl.com\/mobilapp\/wp-json\/wp\/v2\/product_brand?post=28821"},{"taxonomy":"product_cat","embeddable":true,"href":"https:\/\/denizmtl.com\/mobilapp\/wp-json\/wp\/v2\/product_cat?post=28821"},{"taxonomy":"product_tag","embeddable":true,"href":"https:\/\/denizmtl.com\/mobilapp\/wp-json\/wp\/v2\/product_tag?post=28821"}],"curies":[{"name":"wp","href":"https:\/\/api.w.org\/{rel}","templated":true}]}}