{"id":28817,"date":"2025-08-14T11:33:31","date_gmt":"2025-08-14T08:33:31","guid":{"rendered":"https:\/\/denizmtl.com\/mobilapp\/?post_type=product&#038;p=28817"},"modified":"2025-08-14T11:33:48","modified_gmt":"2025-08-14T08:33:48","slug":"insize-emu-a100-kalem-tipi-elektromanyetik-ultrasonik-kalinlik-olcer","status":"publish","type":"product","link":"https:\/\/denizmtl.com\/mobilapp\/urunler\/insize-emu-a100-kalem-tipi-elektromanyetik-ultrasonik-kalinlik-olcer\/","title":{"rendered":"Insize EMU-A100 Kalem Tipi Elektromanyetik Ultrasonik Kal\u0131nl\u0131k \u00d6l\u00e7er"},"content":{"rendered":"","protected":false},"excerpt":{"rendered":"<ul>\n<li>Ultrasonik ba\u011flay\u0131c\u0131 madde kullan\u0131lmadan, y\u00fczey s\u0131cakl\u0131\u011f\u0131 600\u00b0C&#8217;nin alt\u0131nda olan i\u015f par\u00e7alar\u0131 i\u00e7in \u00f6l\u00e7\u00fcm (problara ba\u011fl\u0131 olarak)<\/li>\n<li>Kompakt boyut, ta\u015f\u0131nmas\u0131 kolay, dalga formu ekran\u0131 ve tam i\u015flevli klavye ile birlikte gelir, \u00f6l\u00e7\u00fcm parametrelerini ayarlamak kolayd\u0131r<\/li>\n<li>Z\u0131mparalamadan p\u00fcr\u00fczl\u00fc, a\u015f\u0131nm\u0131\u015f y\u00fczeylerin temass\u0131z \u00f6l\u00e7\u00fcm\u00fc<\/li>\n<li>10000 veri ve 100 dosyan\u0131n depolanmas\u0131<\/li>\n<li>\u00dcst ve alt limitlerin a\u015f\u0131lmas\u0131 durumunda alarm, otomatik s\u0131f\u0131rlama kalibrasyonu, problar\u0131n otomatik tan\u0131mlanmas\u0131 vb. gibi son derece ak\u0131ll\u0131 i\u015flevler<\/li>\n<li>Otomatik kapanma<\/li>\n<li>Borular, k\u00fc\u00e7\u00fck t\u00fcpler, dirsekler vb. gibi \u00e7e\u015fitli \u015fekillerdeki i\u015f par\u00e7alar\u0131n\u0131n muayenesi i\u00e7in uygundur.<\/li>\n<li><a href=\"https:\/\/denizmtl.com\/wp-content\/uploads\/2025\/04\/EMU-A100.pdf\"><strong>PDF i\u00e7in t\u0131klay\u0131n\u0131z.<\/strong><\/a><\/li>\n<\/ul>\n","protected":false},"author":1,"featured_media":28846,"comment_status":"open","ping_status":"closed","template":"","meta":[],"product_brand":[],"product_cat":[28],"product_tag":[],"class_list":{"0":"post-28817","1":"product","2":"type-product","3":"status-publish","4":"has-post-thumbnail","6":"product_cat-diger-olcu-aletleri","8":"first","9":"instock","10":"shipping-taxable","11":"product-type-variable"},"_links":{"self":[{"href":"https:\/\/denizmtl.com\/mobilapp\/wp-json\/wp\/v2\/product\/28817","targetHints":{"allow":["GET"]}}],"collection":[{"href":"https:\/\/denizmtl.com\/mobilapp\/wp-json\/wp\/v2\/product"}],"about":[{"href":"https:\/\/denizmtl.com\/mobilapp\/wp-json\/wp\/v2\/types\/product"}],"author":[{"embeddable":true,"href":"https:\/\/denizmtl.com\/mobilapp\/wp-json\/wp\/v2\/users\/1"}],"replies":[{"embeddable":true,"href":"https:\/\/denizmtl.com\/mobilapp\/wp-json\/wp\/v2\/comments?post=28817"}],"wp:featuredmedia":[{"embeddable":true,"href":"https:\/\/denizmtl.com\/mobilapp\/wp-json\/wp\/v2\/media\/28846"}],"wp:attachment":[{"href":"https:\/\/denizmtl.com\/mobilapp\/wp-json\/wp\/v2\/media?parent=28817"}],"wp:term":[{"taxonomy":"product_brand","embeddable":true,"href":"https:\/\/denizmtl.com\/mobilapp\/wp-json\/wp\/v2\/product_brand?post=28817"},{"taxonomy":"product_cat","embeddable":true,"href":"https:\/\/denizmtl.com\/mobilapp\/wp-json\/wp\/v2\/product_cat?post=28817"},{"taxonomy":"product_tag","embeddable":true,"href":"https:\/\/denizmtl.com\/mobilapp\/wp-json\/wp\/v2\/product_tag?post=28817"}],"curies":[{"name":"wp","href":"https:\/\/api.w.org\/{rel}","templated":true}]}}