{"id":28815,"date":"2025-08-14T11:33:30","date_gmt":"2025-08-14T08:33:30","guid":{"rendered":"https:\/\/denizmtl.com\/mobilapp\/?post_type=product&#038;p=28815"},"modified":"2025-08-14T11:33:43","modified_gmt":"2025-08-14T08:33:43","slug":"insize-ist-ta-dinamik-tork-sensoru","status":"publish","type":"product","link":"https:\/\/denizmtl.com\/mobilapp\/urunler\/insize-ist-ta-dinamik-tork-sensoru\/","title":{"rendered":"Insize IST-TA Dinamik Tork Sens\u00f6r\u00fc"},"content":{"rendered":"","protected":false},"excerpt":{"rendered":"<ul>\n<li>Tork, RPM ve g\u00fc\u00e7 de\u011ferlerinin ger\u00e7ek zamanl\u0131 g\u00f6sterimi<\/li>\n<li>RS485 ileti\u015fimini destekler, aktif y\u00fckleme protokollerini destekler<\/li>\n<li>1000 Hz&#8217;e kadar ileti\u015fim h\u0131z\u0131<\/li>\n<li>Tork sinyali \u00b15V d\u00f6n\u00fc\u015ft\u00fcr\u00fclm\u00fc\u015f voltaj \u00e7\u0131k\u0131\u015f\u0131d\u0131r<\/li>\n<li>OLED ekran, \u00e7\u00f6z\u00fcn\u00fcrl\u00fck 128*64<\/li>\n<li>Basit kalibrasyon, s\u0131f\u0131rlama, filtreleme vb. yap\u0131labilir<\/li>\n<li><a href=\"https:\/\/denizmtl.com\/wp-content\/uploads\/2025\/04\/IST-TA.pdf\"><strong>PDF i\u00e7in t\u0131klay\u0131n\u0131z.<\/strong><\/a><\/li>\n<\/ul>\n","protected":false},"author":1,"featured_media":28844,"comment_status":"open","ping_status":"closed","template":"","meta":[],"product_brand":[],"product_cat":[28],"product_tag":[],"class_list":{"0":"post-28815","1":"product","2":"type-product","3":"status-publish","4":"has-post-thumbnail","6":"product_cat-diger-olcu-aletleri","8":"first","9":"instock","10":"shipping-taxable","11":"product-type-simple"},"_links":{"self":[{"href":"https:\/\/denizmtl.com\/mobilapp\/wp-json\/wp\/v2\/product\/28815","targetHints":{"allow":["GET"]}}],"collection":[{"href":"https:\/\/denizmtl.com\/mobilapp\/wp-json\/wp\/v2\/product"}],"about":[{"href":"https:\/\/denizmtl.com\/mobilapp\/wp-json\/wp\/v2\/types\/product"}],"author":[{"embeddable":true,"href":"https:\/\/denizmtl.com\/mobilapp\/wp-json\/wp\/v2\/users\/1"}],"replies":[{"embeddable":true,"href":"https:\/\/denizmtl.com\/mobilapp\/wp-json\/wp\/v2\/comments?post=28815"}],"wp:featuredmedia":[{"embeddable":true,"href":"https:\/\/denizmtl.com\/mobilapp\/wp-json\/wp\/v2\/media\/28844"}],"wp:attachment":[{"href":"https:\/\/denizmtl.com\/mobilapp\/wp-json\/wp\/v2\/media?parent=28815"}],"wp:term":[{"taxonomy":"product_brand","embeddable":true,"href":"https:\/\/denizmtl.com\/mobilapp\/wp-json\/wp\/v2\/product_brand?post=28815"},{"taxonomy":"product_cat","embeddable":true,"href":"https:\/\/denizmtl.com\/mobilapp\/wp-json\/wp\/v2\/product_cat?post=28815"},{"taxonomy":"product_tag","embeddable":true,"href":"https:\/\/denizmtl.com\/mobilapp\/wp-json\/wp\/v2\/product_tag?post=28815"}],"curies":[{"name":"wp","href":"https:\/\/api.w.org\/{rel}","templated":true}]}}