{"id":28813,"date":"2025-08-14T11:33:30","date_gmt":"2025-08-14T08:33:30","guid":{"rendered":"https:\/\/denizmtl.com\/mobilapp\/?post_type=product&#038;p=28813"},"modified":"2025-08-14T11:33:42","modified_gmt":"2025-08-14T08:33:42","slug":"insize-ufd-p710-dijital-ultrasonik-hata-dedektoru","status":"publish","type":"product","link":"https:\/\/denizmtl.com\/mobilapp\/urunler\/insize-ufd-p710-dijital-ultrasonik-hata-dedektoru\/","title":{"rendered":"Insize UFD-P710 Dijital Ultrasonik Hata Dedekt\u00f6r\u00fc"},"content":{"rendered":"","protected":false},"excerpt":{"rendered":"<ul>\n<li>Ar\u0131zal\u0131 yank\u0131 sinyallerinin h\u0131zl\u0131, do\u011fru g\u00f6r\u00fcnt\u00fclenmesi ve analizi ile \u00e7e\u015fitli zay\u0131f sinyal de\u011fi\u015fiklikleri ve ayr\u0131nt\u0131lar\u0131 zaman\u0131nda yan\u0131tlanabilir, ger\u00e7ek zamanl\u0131 yank\u0131 sinyali ve \u00f6zg\u00fcnl\u00fck etkili bir \u015fekilde garanti edilebilir<\/li>\n<li>Y\u00fcksek zay\u0131flama malzemelerinin veya kal\u0131n i\u015f par\u00e7alar\u0131n\u0131n tespiti i\u00e7in m\u00fckemmel penetrasyon ve harf oran\u0131na sahiptir; keskin dalga uyarma teknolojisi ve ayarlanabilir darbe geni\u015fli\u011fi, darbe voltaj\u0131, ince i\u015f par\u00e7alar\u0131n\u0131n ve kompozit malzemelerin tespitinde anizotropik kare dalga emisyon teknolojisi y\u00fcksek \u00e7\u00f6z\u00fcn\u00fcrl\u00fc\u011fe sahiptir<\/li>\n<li>FIR dijital filtreleme teknolojisi daha iyi sinyal-g\u00fcr\u00fclt\u00fc oran\u0131; prob frekans\u0131 harmonik analizi, prob performans bilgilerini daha iyi analiz edebilir<\/li>\n<li>Malzeme ses h\u0131z\u0131n\u0131n, prob gecikmesinin, prob K de\u011ferinin otomatik kalibrasyonu; kullan\u0131\u015fl\u0131 DAC, AVG e\u011frisi olu\u015fturma ve uygulama<\/li>\n<li>USB HOST aray\u00fcz\u00fc, veri aktar\u0131m\u0131n\u0131 ger\u00e7ekle\u015ftirmek i\u00e7in harici bir U diske ba\u011flanabilir; di\u011fer kablosuz cihazlarla ileti\u015fimi sa\u011flamak i\u00e7in harici bir WIFI mod\u00fcl\u00fcne ba\u011flanabilir<\/li>\n<li>Hata tespiti ve e\u011fitim sunumlar\u0131 i\u00e7in HDMI video \u00e7\u0131k\u0131\u015f\u0131<\/li>\n<li>S\u00fcrekli dinamik kay\u0131t veri depolamas\u0131 i\u00e7in ultra b\u00fcy\u00fck kapasiteli depolama alan\u0131<\/li>\n<li>Kablosuz faz dizilimi mod\u00fcl\u00fc ba\u011flanabilir, b\u00f6ylece geleneksel ultrasonik hata dedekt\u00f6r\u00fc faz dizilimi cihaz\u0131yla ayn\u0131 alg\u0131lama i\u015flevine sahip olur<\/li>\n<li><a href=\"https:\/\/denizmtl.com\/wp-content\/uploads\/2025\/04\/UFD-P710.pdf\"><strong>PDF i\u00e7in t\u0131klay\u0131n\u0131z.<\/strong><\/a><\/li>\n<\/ul>\n","protected":false},"author":1,"featured_media":28843,"comment_status":"open","ping_status":"closed","template":"","meta":[],"product_brand":[],"product_cat":[28],"product_tag":[],"class_list":{"0":"post-28813","1":"product","2":"type-product","3":"status-publish","4":"has-post-thumbnail","6":"product_cat-diger-olcu-aletleri","8":"first","9":"instock","10":"shipping-taxable","11":"product-type-simple"},"_links":{"self":[{"href":"https:\/\/denizmtl.com\/mobilapp\/wp-json\/wp\/v2\/product\/28813","targetHints":{"allow":["GET"]}}],"collection":[{"href":"https:\/\/denizmtl.com\/mobilapp\/wp-json\/wp\/v2\/product"}],"about":[{"href":"https:\/\/denizmtl.com\/mobilapp\/wp-json\/wp\/v2\/types\/product"}],"author":[{"embeddable":true,"href":"https:\/\/denizmtl.com\/mobilapp\/wp-json\/wp\/v2\/users\/1"}],"replies":[{"embeddable":true,"href":"https:\/\/denizmtl.com\/mobilapp\/wp-json\/wp\/v2\/comments?post=28813"}],"wp:featuredmedia":[{"embeddable":true,"href":"https:\/\/denizmtl.com\/mobilapp\/wp-json\/wp\/v2\/media\/28843"}],"wp:attachment":[{"href":"https:\/\/denizmtl.com\/mobilapp\/wp-json\/wp\/v2\/media?parent=28813"}],"wp:term":[{"taxonomy":"product_brand","embeddable":true,"href":"https:\/\/denizmtl.com\/mobilapp\/wp-json\/wp\/v2\/product_brand?post=28813"},{"taxonomy":"product_cat","embeddable":true,"href":"https:\/\/denizmtl.com\/mobilapp\/wp-json\/wp\/v2\/product_cat?post=28813"},{"taxonomy":"product_tag","embeddable":true,"href":"https:\/\/denizmtl.com\/mobilapp\/wp-json\/wp\/v2\/product_tag?post=28813"}],"curies":[{"name":"wp","href":"https:\/\/api.w.org\/{rel}","templated":true}]}}