{"id":28812,"date":"2025-08-14T11:33:29","date_gmt":"2025-08-14T08:33:29","guid":{"rendered":"https:\/\/denizmtl.com\/mobilapp\/?post_type=product&#038;p=28812"},"modified":"2025-08-14T11:33:41","modified_gmt":"2025-08-14T08:33:41","slug":"insize-0711-ss480-kursunsuz-lehim-makinesi","status":"publish","type":"product","link":"https:\/\/denizmtl.com\/mobilapp\/urunler\/insize-0711-ss480-kursunsuz-lehim-makinesi\/","title":{"rendered":"Insize 0711-SS480 Kur\u015funsuz Lehim Makinesi"},"content":{"rendered":"","protected":false},"excerpt":{"rendered":"<ul>\n<li>Kaynak tablas\u0131n\u0131n h\u0131zl\u0131 \u0131s\u0131nmas\u0131 ve s\u0131cakl\u0131k geri d\u00f6n\u00fc\u015f\u00fc<\/li>\n<li>3 farkl\u0131 s\u0131cakl\u0131k aras\u0131nda h\u0131zl\u0131 ge\u00e7i\u015f yap\u0131n<\/li>\n<li>S\u0131cakl\u0131k kalibrasyon fonksiyonu<\/li>\n<li>Genel ama\u00e7l\u0131 lehimleme nozullar\u0131yla uyumludur, kullan\u0131m\u0131 kolay ve ekonomiktir<\/li>\n<li><a href=\"https:\/\/denizmtl.com\/wp-content\/uploads\/2025\/04\/0711-SS480.pdf\"><strong>PDF i\u00e7in t\u0131klay\u0131n\u0131z<\/strong><\/a><\/li>\n<\/ul>\n","protected":false},"author":1,"featured_media":28842,"comment_status":"open","ping_status":"closed","template":"","meta":[],"product_brand":[],"product_cat":[28],"product_tag":[],"class_list":{"0":"post-28812","1":"product","2":"type-product","3":"status-publish","4":"has-post-thumbnail","6":"product_cat-diger-olcu-aletleri","8":"first","9":"instock","10":"shipping-taxable","11":"product-type-simple"},"_links":{"self":[{"href":"https:\/\/denizmtl.com\/mobilapp\/wp-json\/wp\/v2\/product\/28812","targetHints":{"allow":["GET"]}}],"collection":[{"href":"https:\/\/denizmtl.com\/mobilapp\/wp-json\/wp\/v2\/product"}],"about":[{"href":"https:\/\/denizmtl.com\/mobilapp\/wp-json\/wp\/v2\/types\/product"}],"author":[{"embeddable":true,"href":"https:\/\/denizmtl.com\/mobilapp\/wp-json\/wp\/v2\/users\/1"}],"replies":[{"embeddable":true,"href":"https:\/\/denizmtl.com\/mobilapp\/wp-json\/wp\/v2\/comments?post=28812"}],"wp:featuredmedia":[{"embeddable":true,"href":"https:\/\/denizmtl.com\/mobilapp\/wp-json\/wp\/v2\/media\/28842"}],"wp:attachment":[{"href":"https:\/\/denizmtl.com\/mobilapp\/wp-json\/wp\/v2\/media?parent=28812"}],"wp:term":[{"taxonomy":"product_brand","embeddable":true,"href":"https:\/\/denizmtl.com\/mobilapp\/wp-json\/wp\/v2\/product_brand?post=28812"},{"taxonomy":"product_cat","embeddable":true,"href":"https:\/\/denizmtl.com\/mobilapp\/wp-json\/wp\/v2\/product_cat?post=28812"},{"taxonomy":"product_tag","embeddable":true,"href":"https:\/\/denizmtl.com\/mobilapp\/wp-json\/wp\/v2\/product_tag?post=28812"}],"curies":[{"name":"wp","href":"https:\/\/api.w.org\/{rel}","templated":true}]}}