{"id":28805,"date":"2025-08-14T11:33:28","date_gmt":"2025-08-14T08:33:28","guid":{"rendered":"https:\/\/denizmtl.com\/mobilapp\/?post_type=product&#038;p=28805"},"modified":"2025-10-02T17:44:55","modified_gmt":"2025-10-02T14:44:55","slug":"insize-5707-ds78-portatif-spektrometre-gelismis-tip","status":"publish","type":"product","link":"https:\/\/denizmtl.com\/mobilapp\/urunler\/insize-5707-ds78-portatif-spektrometre-gelismis-tip\/","title":{"rendered":"Insize 5707-DS78 Portatif Spektrometre (Geli\u015fmi\u015f Tip)"},"content":{"rendered":"","protected":false},"excerpt":{"rendered":"<ul>\n<li>Geleneksel spektrofotometrenin dalga boyu aral\u0131\u011f\u0131 400~700nm&#8217;dir, daha do\u011fru renk \u00f6l\u00e7\u00fcm\u00fc i\u00e7in bu spektrofotometrenin dalga boyu 360~780nm&#8217;ye kadar uzat\u0131lm\u0131\u015ft\u0131r<\/li>\n<li>Beklenenden daha uzun \u00f6m\u00fcrl\u00fc Xenon lamba ve LED \u0131\u015f\u0131k sistemi<\/li>\n<li>D\u00f6rt a\u00e7\u0131kl\u0131k boyutu iste\u011fe g\u00f6re de\u011fi\u015ftirilebilir ve bu sayede en k\u00fc\u00e7\u00fck nesnelerin veya kavisli \u00f6rneklerin bile kolayca \u00f6l\u00e7\u00fclmesi sa\u011flan\u0131r<\/li>\n<li>Referans s\u0131n\u0131f\u0131 BCRA ye\u015fil levhalar kullan\u0131larak otomatik dalga boyu do\u011fruluk d\u00fczeltmesi<\/li>\n<li>Manuel olarak kalibre etmeye gerek yok, sadece kalibrasyon taban\u0131na koyun, cihaz kendi durumuna ve \u00e7evresel fakt\u00f6rlere g\u00f6re otomatik olarak kalibre edilecek ve cihaz\u0131n her zaman kararl\u0131 bir durumda oldu\u011fundan emin olunacakt\u0131r.<\/li>\n<li>Konumland\u0131rman\u0131n g\u00f6r\u00fcnt\u00fcs\u00fcn\u00fc almak i\u00e7in dahili renkli kamera, \u00f6l\u00e7\u00fclecek nesnenin par\u00e7as\u0131n\u0131n do\u011fru bir \u015fekilde belirlenmesi<\/li>\n<li>Tek \u00f6l\u00e7\u00fcm, s\u00fcrekli kesintisiz \u00f6l\u00e7\u00fcm, ortalama alma m\u00fcmk\u00fcn<\/li>\n<li><a href=\"https:\/\/denizmtl.com\/wp-content\/uploads\/2025\/04\/5707-DS78.pdf\"><strong>PDF i\u00e7in t\u0131klay\u0131n\u0131z.<\/strong><\/a><\/li>\n<\/ul>\n<p>&nbsp;<br \/>\n<a class=\"wp-iletim-button\" href=\"https:\/\/wa.me\/905422584189?text=Merhaba%2C%20https%3A%2F%2Fdenizmtl.com%2Fmobilapp%2Fwp-json%2Fwp%2Fv2%2Fproduct%2F28805%20sayfas%C4%B1ndaki%20%C3%BCr%C3%BCnle%20ilgili%20fiyat%20ve%20demo%20talep%20etmek%20istiyorum.\" target=\"_blank\" rel=\"noopener\" style=\"display:inline-block;padding:10px 16px;border-radius:6px;color:#fff;text-decoration:none;font-weight:600;background:#334862;\">F\u0130YAT VE DEMO TALEP ET<\/a>\n","protected":false},"author":1,"featured_media":28835,"comment_status":"open","ping_status":"closed","template":"","meta":[],"product_brand":[],"product_cat":[28,100],"product_tag":[],"class_list":{"0":"post-28805","1":"product","2":"type-product","3":"status-publish","4":"has-post-thumbnail","6":"product_cat-diger-olcu-aletleri","7":"product_cat-test-cihazlari","9":"first","10":"instock","11":"shipping-taxable","12":"product-type-simple"},"_links":{"self":[{"href":"https:\/\/denizmtl.com\/mobilapp\/wp-json\/wp\/v2\/product\/28805","targetHints":{"allow":["GET"]}}],"collection":[{"href":"https:\/\/denizmtl.com\/mobilapp\/wp-json\/wp\/v2\/product"}],"about":[{"href":"https:\/\/denizmtl.com\/mobilapp\/wp-json\/wp\/v2\/types\/product"}],"author":[{"embeddable":true,"href":"https:\/\/denizmtl.com\/mobilapp\/wp-json\/wp\/v2\/users\/1"}],"replies":[{"embeddable":true,"href":"https:\/\/denizmtl.com\/mobilapp\/wp-json\/wp\/v2\/comments?post=28805"}],"wp:featuredmedia":[{"embeddable":true,"href":"https:\/\/denizmtl.com\/mobilapp\/wp-json\/wp\/v2\/media\/28835"}],"wp:attachment":[{"href":"https:\/\/denizmtl.com\/mobilapp\/wp-json\/wp\/v2\/media?parent=28805"}],"wp:term":[{"taxonomy":"product_brand","embeddable":true,"href":"https:\/\/denizmtl.com\/mobilapp\/wp-json\/wp\/v2\/product_brand?post=28805"},{"taxonomy":"product_cat","embeddable":true,"href":"https:\/\/denizmtl.com\/mobilapp\/wp-json\/wp\/v2\/product_cat?post=28805"},{"taxonomy":"product_tag","embeddable":true,"href":"https:\/\/denizmtl.com\/mobilapp\/wp-json\/wp\/v2\/product_tag?post=28805"}],"curies":[{"name":"wp","href":"https:\/\/api.w.org\/{rel}","templated":true}]}}