{"id":28800,"date":"2025-08-14T11:33:27","date_gmt":"2025-08-14T08:33:27","guid":{"rendered":"https:\/\/denizmtl.com\/mobilapp\/?post_type=product&#038;p=28800"},"modified":"2025-08-14T11:33:35","modified_gmt":"2025-08-14T08:33:35","slug":"insize-isd-lf-genis-gorus-alanli-dinamik-olcum-sistemi","status":"publish","type":"product","link":"https:\/\/denizmtl.com\/mobilapp\/urunler\/insize-isd-lf-genis-gorus-alanli-dinamik-olcum-sistemi\/","title":{"rendered":"Insize ISD-LF Geni\u015f G\u00f6r\u00fc\u015f Alanl\u0131 Dinamik \u00d6l\u00e7\u00fcm Sistemi"},"content":{"rendered":"","protected":false},"excerpt":{"rendered":"<ul>\n<li>Yak\u0131n mesafe end\u00fcstriyel foto\u011frametri ve g\u00f6rsel \u00fc\u00e7genleme kullanarak izleme noktalar\u0131n\u0131n i\u015faretlenmesine dayanan \u00fc\u00e7 boyutlu dinamik bir sistem<\/li>\n<li>3 boyutlu uzayda i\u015faretleme noktas\u0131n\u0131n y\u00f6r\u00fcngesini, tutumunu ve h\u0131z\u0131n\u0131 do\u011fru bir \u015fekilde \u00f6l\u00e7mek<\/li>\n<li>3B koordinatlar, 3B hareket deformasyonu, 3B h\u0131z ve ivme, 3B y\u00f6r\u00fcnge \u00f6l\u00e7\u00fcm\u00fc ve 6 serbestlik derecesi \u00f6l\u00e7\u00fcm\u00fc gibi verileri analiz eder<\/li>\n<li>\u00d6l\u00e7\u00fcm sonu\u00e7lar\u0131 resim, tablo, video, e\u011fri, \u00f6zelle\u015ftirilmi\u015f veri vb. olarak sa\u011flanabilir.<\/li>\n<li>Y\u00fcksek ve d\u00fc\u015f\u00fck s\u0131cakl\u0131klara, y\u00fcksek h\u0131zl\u0131 \u015foka, titre\u015fime ve di\u011fer ortamlara uyum sa\u011flar<\/li>\n<li>\u0130zlenebilir test s\u00fcreci<br \/>\n<a href=\"https:\/\/denizmtl.com\/wp-content\/uploads\/2025\/04\/ISD-LF.pdf\"><strong>PDF i\u00e7in t\u0131klay\u0131n\u0131z.<\/strong><\/a><\/li>\n<\/ul>\n","protected":false},"author":1,"featured_media":28830,"comment_status":"open","ping_status":"closed","template":"","meta":[],"product_brand":[],"product_cat":[28],"product_tag":[],"class_list":{"0":"post-28800","1":"product","2":"type-product","3":"status-publish","4":"has-post-thumbnail","6":"product_cat-diger-olcu-aletleri","8":"first","9":"instock","10":"shipping-taxable","11":"product-type-simple"},"_links":{"self":[{"href":"https:\/\/denizmtl.com\/mobilapp\/wp-json\/wp\/v2\/product\/28800","targetHints":{"allow":["GET"]}}],"collection":[{"href":"https:\/\/denizmtl.com\/mobilapp\/wp-json\/wp\/v2\/product"}],"about":[{"href":"https:\/\/denizmtl.com\/mobilapp\/wp-json\/wp\/v2\/types\/product"}],"author":[{"embeddable":true,"href":"https:\/\/denizmtl.com\/mobilapp\/wp-json\/wp\/v2\/users\/1"}],"replies":[{"embeddable":true,"href":"https:\/\/denizmtl.com\/mobilapp\/wp-json\/wp\/v2\/comments?post=28800"}],"wp:featuredmedia":[{"embeddable":true,"href":"https:\/\/denizmtl.com\/mobilapp\/wp-json\/wp\/v2\/media\/28830"}],"wp:attachment":[{"href":"https:\/\/denizmtl.com\/mobilapp\/wp-json\/wp\/v2\/media?parent=28800"}],"wp:term":[{"taxonomy":"product_brand","embeddable":true,"href":"https:\/\/denizmtl.com\/mobilapp\/wp-json\/wp\/v2\/product_brand?post=28800"},{"taxonomy":"product_cat","embeddable":true,"href":"https:\/\/denizmtl.com\/mobilapp\/wp-json\/wp\/v2\/product_cat?post=28800"},{"taxonomy":"product_tag","embeddable":true,"href":"https:\/\/denizmtl.com\/mobilapp\/wp-json\/wp\/v2\/product_tag?post=28800"}],"curies":[{"name":"wp","href":"https:\/\/api.w.org\/{rel}","templated":true}]}}