{"id":28799,"date":"2025-08-14T11:33:27","date_gmt":"2025-08-14T08:33:27","guid":{"rendered":"https:\/\/denizmtl.com\/mobilapp\/?post_type=product&#038;p=28799"},"modified":"2025-08-14T11:33:34","modified_gmt":"2025-08-14T08:33:34","slug":"insize-tsa-b33-olcum-istasyonu","status":"publish","type":"product","link":"https:\/\/denizmtl.com\/mobilapp\/urunler\/insize-tsa-b33-olcum-istasyonu\/","title":{"rendered":"Insize TSA-B33 \u00d6l\u00e7\u00fcm \u0130stasyonu"},"content":{"rendered":"","protected":false},"excerpt":{"rendered":"<ul>\n<li>Arka kesi\u015fim, yerle\u015fim, \u00e7\u0131k\u0131nt\u0131 \u00f6l\u00e7\u00fcm\u00fc, eksantriklik \u00f6l\u00e7\u00fcm\u00fc ve di\u011fer i\u015flevlerle<\/li>\n<li>Arazi \u00f6l\u00e7\u00fcm\u00fc ve haritalama m\u00fchendisli\u011finde, in\u015faat m\u00fchendisli\u011finde ve di\u011fer bir\u00e7ok hassas \u00f6l\u00e7\u00fcm alan\u0131nda yayg\u0131n olarak kullan\u0131l\u0131r<\/li>\n<li>Prizmas\u0131z 1500 m&#8217;ye kadar menzile sahip G\u00fcvenli S\u0131n\u0131f 3R lazer mesafe \u00f6l\u00e7er<\/li>\n<li>Mutlak kodlu goniometrik teknoloji, yatay ve dikey disklerin kar\u015f\u0131 a\u011f\u0131rl\u0131k probu ile \u00f6l\u00e7\u00fclmesi kolayd\u0131r<\/li>\n<li>Biaksiyel s\u0131v\u0131 fotoelektrik elektronik kompanzat\u00f6r, cihaz seviyeleme hatalar\u0131n\u0131 otomatik olarak d\u00fczeltir<\/li>\n<li>Dahili s\u0131cakl\u0131k ve hava bas\u0131n\u00e7 sens\u00f6r\u00fc mesafe \u00f6l\u00e7\u00fcm hatalar\u0131n\u0131 otomatik olarak d\u00fczeltir<\/li>\n<li>Prizma sabitini revize edebilir<\/li>\n<li><a href=\"https:\/\/denizmtl.com\/wp-content\/uploads\/2025\/04\/TSA-B33.pdf\"><strong>PDF i\u00e7in t\u0131klay\u0131n\u0131z.<\/strong><\/a><\/li>\n<\/ul>\n","protected":false},"author":1,"featured_media":28829,"comment_status":"open","ping_status":"closed","template":"","meta":[],"product_brand":[],"product_cat":[28],"product_tag":[],"class_list":{"0":"post-28799","1":"product","2":"type-product","3":"status-publish","4":"has-post-thumbnail","6":"product_cat-diger-olcu-aletleri","8":"first","9":"instock","10":"shipping-taxable","11":"product-type-simple"},"_links":{"self":[{"href":"https:\/\/denizmtl.com\/mobilapp\/wp-json\/wp\/v2\/product\/28799","targetHints":{"allow":["GET"]}}],"collection":[{"href":"https:\/\/denizmtl.com\/mobilapp\/wp-json\/wp\/v2\/product"}],"about":[{"href":"https:\/\/denizmtl.com\/mobilapp\/wp-json\/wp\/v2\/types\/product"}],"author":[{"embeddable":true,"href":"https:\/\/denizmtl.com\/mobilapp\/wp-json\/wp\/v2\/users\/1"}],"replies":[{"embeddable":true,"href":"https:\/\/denizmtl.com\/mobilapp\/wp-json\/wp\/v2\/comments?post=28799"}],"wp:featuredmedia":[{"embeddable":true,"href":"https:\/\/denizmtl.com\/mobilapp\/wp-json\/wp\/v2\/media\/28829"}],"wp:attachment":[{"href":"https:\/\/denizmtl.com\/mobilapp\/wp-json\/wp\/v2\/media?parent=28799"}],"wp:term":[{"taxonomy":"product_brand","embeddable":true,"href":"https:\/\/denizmtl.com\/mobilapp\/wp-json\/wp\/v2\/product_brand?post=28799"},{"taxonomy":"product_cat","embeddable":true,"href":"https:\/\/denizmtl.com\/mobilapp\/wp-json\/wp\/v2\/product_cat?post=28799"},{"taxonomy":"product_tag","embeddable":true,"href":"https:\/\/denizmtl.com\/mobilapp\/wp-json\/wp\/v2\/product_tag?post=28799"}],"curies":[{"name":"wp","href":"https:\/\/api.w.org\/{rel}","templated":true}]}}