{"id":28777,"date":"2025-08-14T11:33:13","date_gmt":"2025-08-14T08:33:13","guid":{"rendered":"https:\/\/denizmtl.com\/mobilapp\/?post_type=product&#038;p=28777"},"modified":"2025-08-14T11:33:22","modified_gmt":"2025-08-14T08:33:22","slug":"insize-7138-dogrusal-olcum-problari-linear","status":"publish","type":"product","link":"https:\/\/denizmtl.com\/mobilapp\/urunler\/insize-7138-dogrusal-olcum-problari-linear\/","title":{"rendered":"Insize 7138 Do\u011frusal \u00d6l\u00e7\u00fcm Problar\u0131 (Linear)"},"content":{"rendered":"","protected":false},"excerpt":{"rendered":"<ul>\n<li>Do\u011frusal g\u00f6sterge tipi: optik \u0131zgara<\/li>\n<li>Toz\/su ge\u00e7irmez: IP67<\/li>\n<li>\u0130ste\u011fe ba\u011fl\u0131 aksesuar: ekran \u00fcnitesi (kod: 7131-1A, klavye sinyali \u00e7\u0131k\u0131\u015f\u0131 yapabilir, verileri excel, word, txt vb.&#8217;ye aktarabilir, ayr\u0131ca seri sinyal \u00e7\u0131k\u0131\u015f\u0131 yapabilir ve verileri seri ileti\u015fim yaz\u0131l\u0131m\u0131na iletebilir)<\/li>\n<li><a href=\"https:\/\/denizmtl.com\/wp-content\/uploads\/2025\/04\/7138.pdf\"><strong>PDF i\u00e7in t\u0131klay\u0131n\u0131z.<\/strong><\/a><\/li>\n<\/ul>\n","protected":false},"author":1,"featured_media":28794,"comment_status":"open","ping_status":"closed","template":"","meta":[],"product_brand":[],"product_cat":[28],"product_tag":[],"class_list":{"0":"post-28777","1":"product","2":"type-product","3":"status-publish","4":"has-post-thumbnail","6":"product_cat-diger-olcu-aletleri","8":"first","9":"instock","10":"shipping-taxable","11":"product-type-simple"},"_links":{"self":[{"href":"https:\/\/denizmtl.com\/mobilapp\/wp-json\/wp\/v2\/product\/28777","targetHints":{"allow":["GET"]}}],"collection":[{"href":"https:\/\/denizmtl.com\/mobilapp\/wp-json\/wp\/v2\/product"}],"about":[{"href":"https:\/\/denizmtl.com\/mobilapp\/wp-json\/wp\/v2\/types\/product"}],"author":[{"embeddable":true,"href":"https:\/\/denizmtl.com\/mobilapp\/wp-json\/wp\/v2\/users\/1"}],"replies":[{"embeddable":true,"href":"https:\/\/denizmtl.com\/mobilapp\/wp-json\/wp\/v2\/comments?post=28777"}],"wp:featuredmedia":[{"embeddable":true,"href":"https:\/\/denizmtl.com\/mobilapp\/wp-json\/wp\/v2\/media\/28794"}],"wp:attachment":[{"href":"https:\/\/denizmtl.com\/mobilapp\/wp-json\/wp\/v2\/media?parent=28777"}],"wp:term":[{"taxonomy":"product_brand","embeddable":true,"href":"https:\/\/denizmtl.com\/mobilapp\/wp-json\/wp\/v2\/product_brand?post=28777"},{"taxonomy":"product_cat","embeddable":true,"href":"https:\/\/denizmtl.com\/mobilapp\/wp-json\/wp\/v2\/product_cat?post=28777"},{"taxonomy":"product_tag","embeddable":true,"href":"https:\/\/denizmtl.com\/mobilapp\/wp-json\/wp\/v2\/product_tag?post=28777"}],"curies":[{"name":"wp","href":"https:\/\/api.w.org\/{rel}","templated":true}]}}