{"id":28775,"date":"2025-08-14T11:33:13","date_gmt":"2025-08-14T08:33:13","guid":{"rendered":"https:\/\/denizmtl.com\/mobilapp\/?post_type=product&#038;p=28775"},"modified":"2025-08-14T11:33:21","modified_gmt":"2025-08-14T08:33:21","slug":"insize-5203-dijital-basinc-olcer-80mm-kadran-capi","status":"publish","type":"product","link":"https:\/\/denizmtl.com\/mobilapp\/urunler\/insize-5203-dijital-basinc-olcer-80mm-kadran-capi\/","title":{"rendered":"Insize 5203 Dijital Bas\u0131n\u00e7 \u00d6l\u00e7er (80mm Kadran \u00c7ap\u0131)"},"content":{"rendered":"","protected":false},"excerpt":{"rendered":"<ul>\n<li>Kasa 304 paslanmaz \u00e7elikten \u00fcretilmi\u015ftir<\/li>\n<li>B\u00fcy\u00fck LCD ekran, destek \u00fcnitesi de\u011fi\u015ftirme<\/li>\n<li>S\u0131f\u0131rlama, arka \u0131\u015f\u0131k, a\u00e7\u0131k\/kapal\u0131, d\u00fc\u015f\u00fck voltaj alarm\u0131, a\u015f\u0131r\u0131 de\u011fer kay\u0131t fonksiyonlar\u0131<\/li>\n<li>Mevcut bas\u0131n\u00e7 y\u00fczdesini g\u00f6steren bas\u0131n\u00e7 \u00e7ubu\u011fu ekran\u0131<\/li>\n<li>Dahili y\u00fcksek hassasiyetli bas\u0131n\u00e7 sens\u00f6r\u00fc, y\u00fcksek do\u011fruluk, y\u00fcksek uzun vadeli kararl\u0131l\u0131k<\/li>\n<li>Paslanmaz \u00e7eli\u011fi a\u015f\u0131nd\u0131rmayan gaz, s\u0131v\u0131, ya\u011f ve di\u011fer ortamlar\u0131n \u00f6l\u00e7\u00fcm\u00fc.<\/li>\n<li>Elektromanyetik giri\u015fim \u00f6nleyici tasar\u0131m, EN61326 standard\u0131na uygundur.<\/li>\n<li><a href=\"https:\/\/denizmtl.com\/wp-content\/uploads\/2025\/04\/5203.pdf\"><strong>PDF i\u00e7in t\u0131klay\u0131n\u0131z.<\/strong><\/a><\/li>\n<\/ul>\n","protected":false},"author":1,"featured_media":28792,"comment_status":"open","ping_status":"closed","template":"","meta":[],"product_brand":[],"product_cat":[28,96],"product_tag":[],"class_list":{"0":"post-28775","1":"product","2":"type-product","3":"status-publish","4":"has-post-thumbnail","6":"product_cat-diger-olcu-aletleri","7":"product_cat-standart-olcu-aletleri","9":"first","10":"instock","11":"shipping-taxable","12":"product-type-simple"},"_links":{"self":[{"href":"https:\/\/denizmtl.com\/mobilapp\/wp-json\/wp\/v2\/product\/28775","targetHints":{"allow":["GET"]}}],"collection":[{"href":"https:\/\/denizmtl.com\/mobilapp\/wp-json\/wp\/v2\/product"}],"about":[{"href":"https:\/\/denizmtl.com\/mobilapp\/wp-json\/wp\/v2\/types\/product"}],"author":[{"embeddable":true,"href":"https:\/\/denizmtl.com\/mobilapp\/wp-json\/wp\/v2\/users\/1"}],"replies":[{"embeddable":true,"href":"https:\/\/denizmtl.com\/mobilapp\/wp-json\/wp\/v2\/comments?post=28775"}],"wp:featuredmedia":[{"embeddable":true,"href":"https:\/\/denizmtl.com\/mobilapp\/wp-json\/wp\/v2\/media\/28792"}],"wp:attachment":[{"href":"https:\/\/denizmtl.com\/mobilapp\/wp-json\/wp\/v2\/media?parent=28775"}],"wp:term":[{"taxonomy":"product_brand","embeddable":true,"href":"https:\/\/denizmtl.com\/mobilapp\/wp-json\/wp\/v2\/product_brand?post=28775"},{"taxonomy":"product_cat","embeddable":true,"href":"https:\/\/denizmtl.com\/mobilapp\/wp-json\/wp\/v2\/product_cat?post=28775"},{"taxonomy":"product_tag","embeddable":true,"href":"https:\/\/denizmtl.com\/mobilapp\/wp-json\/wp\/v2\/product_tag?post=28775"}],"curies":[{"name":"wp","href":"https:\/\/api.w.org\/{rel}","templated":true}]}}