{"id":28769,"date":"2025-08-14T11:33:11","date_gmt":"2025-08-14T08:33:11","guid":{"rendered":"https:\/\/denizmtl.com\/mobilapp\/?post_type=product&#038;p=28769"},"modified":"2025-08-14T11:33:24","modified_gmt":"2025-08-14T08:33:24","slug":"insize-ishw-eh20-elektrikli-aluminyum-sertlik-olcum-cihazi","status":"publish","type":"product","link":"https:\/\/denizmtl.com\/mobilapp\/urunler\/insize-ishw-eh20-elektrikli-aluminyum-sertlik-olcum-cihazi\/","title":{"rendered":"Insize ISHW-EH20 Elektrikli Al\u00fcminyum Sertlik \u00d6l\u00e7\u00fcm Cihaz\u0131"},"content":{"rendered":"","protected":false},"excerpt":{"rendered":"<ul>\n<li>ASTM B647&#8217;ye g\u00f6re<\/li>\n<li>Al\u00fcminyum profiller, borular, levhalar, al\u00fcminyum par\u00e7alar, bak\u0131r ala\u015f\u0131mlar\u0131 ve di\u011fer yumu\u015fak metaller gibi yumu\u015fak metallerin sertli\u011fini \u00f6l\u00e7mek i\u00e7in<\/li>\n<li>Ta\u015f\u0131mas\u0131 ve okunmas\u0131 kolay<\/li>\n<li>Tek tu\u015fla \u00f6l\u00e7\u00fcm, g\u00fc\u00e7 olarak mikro servo motor kullan\u0131m\u0131, uygulanan kuvvetin do\u011fru kontrol\u00fc, \u00f6l\u00e7\u00fcm\u00fcn kararl\u0131l\u0131\u011f\u0131n\u0131 art\u0131r\u0131r<\/li>\n<li>\u0130\u011fne uzun \u00f6m\u00fcr i\u00e7in \u00f6zel malzemeden yap\u0131lm\u0131\u015ft\u0131r<\/li>\n<li><a href=\"https:\/\/denizmtl.com\/wp-content\/uploads\/2025\/04\/ISHW-E.pdf\"><strong>PDF i\u00e7in t\u0131klay\u0131n\u0131z.<\/strong><\/a><\/li>\n<\/ul>\n","protected":false},"author":1,"featured_media":28789,"comment_status":"open","ping_status":"closed","template":"","meta":[],"product_brand":[],"product_cat":[28],"product_tag":[],"class_list":{"0":"post-28769","1":"product","2":"type-product","3":"status-publish","4":"has-post-thumbnail","6":"product_cat-diger-olcu-aletleri","8":"first","9":"instock","10":"shipping-taxable","11":"product-type-variable"},"_links":{"self":[{"href":"https:\/\/denizmtl.com\/mobilapp\/wp-json\/wp\/v2\/product\/28769","targetHints":{"allow":["GET"]}}],"collection":[{"href":"https:\/\/denizmtl.com\/mobilapp\/wp-json\/wp\/v2\/product"}],"about":[{"href":"https:\/\/denizmtl.com\/mobilapp\/wp-json\/wp\/v2\/types\/product"}],"author":[{"embeddable":true,"href":"https:\/\/denizmtl.com\/mobilapp\/wp-json\/wp\/v2\/users\/1"}],"replies":[{"embeddable":true,"href":"https:\/\/denizmtl.com\/mobilapp\/wp-json\/wp\/v2\/comments?post=28769"}],"wp:featuredmedia":[{"embeddable":true,"href":"https:\/\/denizmtl.com\/mobilapp\/wp-json\/wp\/v2\/media\/28789"}],"wp:attachment":[{"href":"https:\/\/denizmtl.com\/mobilapp\/wp-json\/wp\/v2\/media?parent=28769"}],"wp:term":[{"taxonomy":"product_brand","embeddable":true,"href":"https:\/\/denizmtl.com\/mobilapp\/wp-json\/wp\/v2\/product_brand?post=28769"},{"taxonomy":"product_cat","embeddable":true,"href":"https:\/\/denizmtl.com\/mobilapp\/wp-json\/wp\/v2\/product_cat?post=28769"},{"taxonomy":"product_tag","embeddable":true,"href":"https:\/\/denizmtl.com\/mobilapp\/wp-json\/wp\/v2\/product_tag?post=28769"}],"curies":[{"name":"wp","href":"https:\/\/api.w.org\/{rel}","templated":true}]}}