{"id":28755,"date":"2025-08-14T11:33:08","date_gmt":"2025-08-14T08:33:08","guid":{"rendered":"https:\/\/denizmtl.com\/mobilapp\/?post_type=product&#038;p=28755"},"modified":"2025-08-14T11:33:16","modified_gmt":"2025-08-14T08:33:16","slug":"insize-stm-a-surtunme-ve-asinma-testi-cihazi","status":"publish","type":"product","link":"https:\/\/denizmtl.com\/mobilapp\/urunler\/insize-stm-a-surtunme-ve-asinma-testi-cihazi\/","title":{"rendered":"Insize STM-A S\u00fcrt\u00fcnme ve A\u015f\u0131nma Testi Cihaz\u0131"},"content":{"rendered":"","protected":false},"excerpt":{"rendered":"<ul>\n<li>GB\/T 10006, GB\/T 2790, GB\/T 2791, GB\/T 2792, ISO 8295, ISO 8510-2, ASTM D1894, ASTM D4917&#8217;ye g\u00f6re<\/li>\n<li>Plastik film, folyo, ka\u011f\u0131t, karton, kuma\u015f, ileti\u015fim kablolar\u0131 ve metal malzemelerden olu\u015fan kablolar, kompozit bant, konvey\u00f6r bant, ka\u011f\u0131t ve di\u011fer ilgili malzemeler, dinamik ve statik s\u00fcrt\u00fcnme katsay\u0131s\u0131 ve yap\u0131\u015fkan kompozit \u00fcr\u00fcnler, t\u0131bbi yamalar, ka\u011f\u0131t, koruyucu film ve di\u011ferleri i\u00e7in uygundur.<\/li>\n<li>\u00fcr\u00fcnler, soyulma mukavemetinin belirlenmesi<\/li>\n<li>Yedi in\u00e7 end\u00fcstriyel dokunmatik ekran, insan-makine aray\u00fcz\u00fc \u015f\u0131k ve kullan\u0131\u015fl\u0131<\/li>\n<li>Geni\u015f aral\u0131kl\u0131, y\u00fcksek hassasiyetli s\u0131cakl\u0131k kontrol cihaz\u0131, numunelerin farkl\u0131 s\u0131cakl\u0131klarda test edilmesini kolayca ger\u00e7ekle\u015ftirir<\/li>\n<li>M\u00fc\u015fterilerin farkl\u0131 ihtiya\u00e7lar\u0131n\u0131 kar\u015f\u0131lamak i\u00e7in sonsuz de\u011fi\u015fken h\u0131z, \u00e7ok h\u0131zl\u0131 ayarlanabilir<\/li>\n<li>Standart test tezgah\u0131 ve test kayd\u0131r\u0131c\u0131s\u0131 manyetikli\u011fi giderilir ve kal\u0131nt\u0131 manyetizma a\u00e7\u0131s\u0131ndan test edilir, bu da sistematik test hatalar\u0131n\u0131 etkili bir \u015fekilde azalt\u0131r<\/li>\n<li>Sistem bir bilgisayar ve bir mikroi\u015flemci taraf\u0131ndan kontrol edilir, bu da kullan\u0131c\u0131n\u0131n testi h\u0131zl\u0131 bir \u015fekilde ger\u00e7ekle\u015ftirmesini kolayla\u015ft\u0131r\u0131r<\/li>\n<li>USB aray\u00fcz\u00fc, profesyonel \u00f6l\u00e7\u00fcm ve kontrol yaz\u0131l\u0131m\u0131 ile donat\u0131lm\u0131\u015f, testi tamamlamak i\u00e7in cihaz\u0131 yaz\u0131l\u0131m arac\u0131l\u0131\u011f\u0131yla kontrol edebilirsiniz.<\/li>\n<li><a href=\"https:\/\/denizmtl.com\/wp-content\/uploads\/2025\/04\/STM-A.pdf\"><strong>PDF i\u00e7in t\u0131klay\u0131n\u0131z.<\/strong><\/a><\/li>\n<\/ul>\n","protected":false},"author":1,"featured_media":28784,"comment_status":"open","ping_status":"closed","template":"","meta":[],"product_brand":[],"product_cat":[28],"product_tag":[],"class_list":{"0":"post-28755","1":"product","2":"type-product","3":"status-publish","4":"has-post-thumbnail","6":"product_cat-diger-olcu-aletleri","8":"first","9":"instock","10":"shipping-taxable","11":"product-type-simple"},"_links":{"self":[{"href":"https:\/\/denizmtl.com\/mobilapp\/wp-json\/wp\/v2\/product\/28755","targetHints":{"allow":["GET"]}}],"collection":[{"href":"https:\/\/denizmtl.com\/mobilapp\/wp-json\/wp\/v2\/product"}],"about":[{"href":"https:\/\/denizmtl.com\/mobilapp\/wp-json\/wp\/v2\/types\/product"}],"author":[{"embeddable":true,"href":"https:\/\/denizmtl.com\/mobilapp\/wp-json\/wp\/v2\/users\/1"}],"replies":[{"embeddable":true,"href":"https:\/\/denizmtl.com\/mobilapp\/wp-json\/wp\/v2\/comments?post=28755"}],"wp:featuredmedia":[{"embeddable":true,"href":"https:\/\/denizmtl.com\/mobilapp\/wp-json\/wp\/v2\/media\/28784"}],"wp:attachment":[{"href":"https:\/\/denizmtl.com\/mobilapp\/wp-json\/wp\/v2\/media?parent=28755"}],"wp:term":[{"taxonomy":"product_brand","embeddable":true,"href":"https:\/\/denizmtl.com\/mobilapp\/wp-json\/wp\/v2\/product_brand?post=28755"},{"taxonomy":"product_cat","embeddable":true,"href":"https:\/\/denizmtl.com\/mobilapp\/wp-json\/wp\/v2\/product_cat?post=28755"},{"taxonomy":"product_tag","embeddable":true,"href":"https:\/\/denizmtl.com\/mobilapp\/wp-json\/wp\/v2\/product_tag?post=28755"}],"curies":[{"name":"wp","href":"https:\/\/api.w.org\/{rel}","templated":true}]}}