{"id":28753,"date":"2025-08-14T11:33:08","date_gmt":"2025-08-14T08:33:08","guid":{"rendered":"https:\/\/denizmtl.com\/mobilapp\/?post_type=product&#038;p=28753"},"modified":"2025-08-14T11:33:15","modified_gmt":"2025-08-14T08:33:15","slug":"insize-ism-df80-uc-boyutlu-genis-alan-derinligi-kamerasi","status":"publish","type":"product","link":"https:\/\/denizmtl.com\/mobilapp\/urunler\/insize-ism-df80-uc-boyutlu-genis-alan-derinligi-kamerasi\/","title":{"rendered":"Insize ISM-DF80 \u00dc\u00e7 Boyutlu Geni\u015f Alan Derinli\u011fi Kameras\u0131"},"content":{"rendered":"","protected":false},"excerpt":{"rendered":"<ul>\n<li>Bilgisayara gerek kalmadan g\u00f6r\u00fcnt\u00fcleme i\u00e7in dahili \u00f6l\u00e7\u00fcm yaz\u0131l\u0131m\u0131<\/li>\n<li>2D g\u00f6zlem ve \u00f6l\u00e7\u00fcm, otomatik odaklama<\/li>\n<li>Geni\u015f alan derinli\u011fi g\u00f6zlemi i\u00e7in odak istifleme<\/li>\n<li>3D g\u00f6r\u00fcnt\u00fcleme ve 3D \u00f6l\u00e7\u00fcm olu\u015fturma<\/li>\n<li>Rapor otomatik olarak olu\u015fturulur ve veriler d\u0131\u015far\u0131 aktar\u0131labilir<\/li>\n<li>Ger\u00e7ek zamanl\u0131 geni\u015f dinamik, metal y\u00fczeylerdeki yans\u0131malar\u0131 etkili bir \u015fekilde ortadan kald\u0131r\u0131r<\/li>\n<li><a href=\"https:\/\/denizmtl.com\/wp-content\/uploads\/2025\/04\/ISM-DF80.pdf\"><strong>PDF i\u00e7in t\u0131klay\u0131n\u0131z.<\/strong><\/a><\/li>\n<\/ul>\n","protected":false},"author":1,"featured_media":0,"comment_status":"open","ping_status":"closed","template":"","meta":[],"product_brand":[],"product_cat":[28],"product_tag":[],"class_list":{"0":"post-28753","1":"product","2":"type-product","3":"status-publish","5":"product_cat-diger-olcu-aletleri","7":"first","8":"instock","9":"shipping-taxable","10":"product-type-simple"},"_links":{"self":[{"href":"https:\/\/denizmtl.com\/mobilapp\/wp-json\/wp\/v2\/product\/28753","targetHints":{"allow":["GET"]}}],"collection":[{"href":"https:\/\/denizmtl.com\/mobilapp\/wp-json\/wp\/v2\/product"}],"about":[{"href":"https:\/\/denizmtl.com\/mobilapp\/wp-json\/wp\/v2\/types\/product"}],"author":[{"embeddable":true,"href":"https:\/\/denizmtl.com\/mobilapp\/wp-json\/wp\/v2\/users\/1"}],"replies":[{"embeddable":true,"href":"https:\/\/denizmtl.com\/mobilapp\/wp-json\/wp\/v2\/comments?post=28753"}],"wp:attachment":[{"href":"https:\/\/denizmtl.com\/mobilapp\/wp-json\/wp\/v2\/media?parent=28753"}],"wp:term":[{"taxonomy":"product_brand","embeddable":true,"href":"https:\/\/denizmtl.com\/mobilapp\/wp-json\/wp\/v2\/product_brand?post=28753"},{"taxonomy":"product_cat","embeddable":true,"href":"https:\/\/denizmtl.com\/mobilapp\/wp-json\/wp\/v2\/product_cat?post=28753"},{"taxonomy":"product_tag","embeddable":true,"href":"https:\/\/denizmtl.com\/mobilapp\/wp-json\/wp\/v2\/product_tag?post=28753"}],"curies":[{"name":"wp","href":"https:\/\/api.w.org\/{rel}","templated":true}]}}