{"id":28752,"date":"2025-08-14T11:33:08","date_gmt":"2025-08-14T08:33:08","guid":{"rendered":"https:\/\/denizmtl.com\/mobilapp\/?post_type=product&#038;p=28752"},"modified":"2025-08-14T11:33:15","modified_gmt":"2025-08-14T08:33:15","slug":"insize-5220-pa-basinc-olcer-adaptorleri","status":"publish","type":"product","link":"https:\/\/denizmtl.com\/mobilapp\/urunler\/insize-5220-pa-basinc-olcer-adaptorleri\/","title":{"rendered":"Insize 5220-PA Bas\u0131n\u00e7 \u00d6l\u00e7er Adapt\u00f6rleri"},"content":{"rendered":"","protected":false},"excerpt":{"rendered":"<ul>\n<li>Adapt\u00f6rler, bas\u0131n\u00e7 g\u00f6stergesinin test edilmesi s\u0131ras\u0131nda farkl\u0131 tip ve \u00f6zelliklerdeki di\u015fler aras\u0131nda d\u00f6n\u00fc\u015f\u00fcm ba\u011flant\u0131s\u0131 i\u00e7in tasarlanm\u0131\u015ft\u0131r.<\/li>\n<li>M20x1.5 erkek di\u015f, \u00e7o\u011fu d\u00f6n\u00fc\u015f\u00fcm ba\u011flant\u0131 ihtiyac\u0131n\u0131 kar\u015f\u0131layabilen \u00e7e\u015fitli farkl\u0131 \u00f6zelliklere ve di\u015f tiplerine d\u00f6n\u00fc\u015ft\u00fcr\u00fclebilir<\/li>\n<li><a href=\"https:\/\/denizmtl.com\/wp-content\/uploads\/2025\/04\/5220-PA.pdf\"><strong>PDF i\u00e7in t\u0131klay\u0131n\u0131z.<\/strong><\/a><\/li>\n<\/ul>\n","protected":false},"author":1,"featured_media":28782,"comment_status":"open","ping_status":"closed","template":"","meta":[],"product_brand":[],"product_cat":[28,117],"product_tag":[],"class_list":{"0":"post-28752","1":"product","2":"type-product","3":"status-publish","4":"has-post-thumbnail","6":"product_cat-diger-olcu-aletleri","7":"product_cat-olcum-setleri","9":"first","10":"instock","11":"shipping-taxable","12":"product-type-simple"},"_links":{"self":[{"href":"https:\/\/denizmtl.com\/mobilapp\/wp-json\/wp\/v2\/product\/28752","targetHints":{"allow":["GET"]}}],"collection":[{"href":"https:\/\/denizmtl.com\/mobilapp\/wp-json\/wp\/v2\/product"}],"about":[{"href":"https:\/\/denizmtl.com\/mobilapp\/wp-json\/wp\/v2\/types\/product"}],"author":[{"embeddable":true,"href":"https:\/\/denizmtl.com\/mobilapp\/wp-json\/wp\/v2\/users\/1"}],"replies":[{"embeddable":true,"href":"https:\/\/denizmtl.com\/mobilapp\/wp-json\/wp\/v2\/comments?post=28752"}],"wp:featuredmedia":[{"embeddable":true,"href":"https:\/\/denizmtl.com\/mobilapp\/wp-json\/wp\/v2\/media\/28782"}],"wp:attachment":[{"href":"https:\/\/denizmtl.com\/mobilapp\/wp-json\/wp\/v2\/media?parent=28752"}],"wp:term":[{"taxonomy":"product_brand","embeddable":true,"href":"https:\/\/denizmtl.com\/mobilapp\/wp-json\/wp\/v2\/product_brand?post=28752"},{"taxonomy":"product_cat","embeddable":true,"href":"https:\/\/denizmtl.com\/mobilapp\/wp-json\/wp\/v2\/product_cat?post=28752"},{"taxonomy":"product_tag","embeddable":true,"href":"https:\/\/denizmtl.com\/mobilapp\/wp-json\/wp\/v2\/product_tag?post=28752"}],"curies":[{"name":"wp","href":"https:\/\/api.w.org\/{rel}","templated":true}]}}