{"id":28751,"date":"2025-08-14T11:33:07","date_gmt":"2025-08-14T08:33:07","guid":{"rendered":"https:\/\/denizmtl.com\/mobilapp\/?post_type=product&#038;p=28751"},"modified":"2025-08-14T11:33:14","modified_gmt":"2025-08-14T08:33:14","slug":"insize-5240-dijital-basinc-kalibratoru","status":"publish","type":"product","link":"https:\/\/denizmtl.com\/mobilapp\/urunler\/insize-5240-dijital-basinc-kalibratoru\/","title":{"rendered":"Insize 5240 Dijital Bas\u0131n\u00e7 Kalibrat\u00f6r\u00fc"},"content":{"rendered":"","protected":false},"excerpt":{"rendered":"<ul>\n<li>Genel bas\u0131n\u00e7 g\u00f6stergelerinin, hassas bas\u0131n\u00e7 g\u00f6stergelerinin, bas\u0131n\u00e7 vericilerinin, bas\u0131n\u00e7 anahtarlar\u0131n\u0131n, sfigmomanometrelerin, bas\u0131n\u00e7 d\u00f6n\u00fc\u015ft\u00fcr\u00fcc\u00fclerinin ve di\u011fer bas\u0131n\u00e7 aletlerinin ve \u00f6l\u00e7\u00fcm cihazlar\u0131n\u0131n kalibrasyonu<\/li>\n<li>Ayn\u0131 anda birden fazla \u00f6l\u00e7\u00fcm\u00fcn g\u00f6sterildi\u011fi b\u00fcy\u00fck beyaz arkadan ayd\u0131nlatmal\u0131 LCD ekran<\/li>\n<li>Standart HART aray\u00fcz\u00fc, dahili HART ileti\u015fimi ile HART bas\u0131n\u00e7 vericisini kalibre edebilir<\/li>\n<li>Saklanan dosyalar\u0131 y\u00fcklemek i\u00e7in RS232 aray\u00fcz\u00fc<\/li>\n<li>11 bas\u0131n\u00e7 birimi de\u011fi\u015ftirilebilir<\/li>\n<li>Otomatik s\u0131cakl\u0131k telafi fonksiyonu ile<\/li>\n<li>Veri saklama fonksiyonu sayesinde bas\u0131n\u00e7 kalibrat\u00f6r\u00fc kapat\u0131ld\u0131\u011f\u0131nda veriler kaybolmaz<\/li>\n<li>Di\u011fer ek i\u015flevler: bas\u0131n\u00e7 y\u00fczdesi g\u00f6stergesi, bas\u0131n\u00e7 ka\u00e7a\u011f\u0131 tespiti, bas\u0131n\u00e7 anahtarlar\u0131n\u0131n \u00e7oklu tetiklenmesi, bas\u0131n\u00e7 tepe kayd\u0131, 24V DC \u00e7\u0131k\u0131\u015f\u0131<\/li>\n<li><a href=\"https:\/\/denizmtl.com\/wp-content\/uploads\/2025\/04\/5240.pdf\"><strong>PDF i\u00e7in t\u0131klay\u0131n\u0131z.<\/strong><\/a><\/li>\n<\/ul>\n","protected":false},"author":1,"featured_media":28781,"comment_status":"open","ping_status":"closed","template":"","meta":[],"product_brand":[],"product_cat":[28],"product_tag":[],"class_list":{"0":"post-28751","1":"product","2":"type-product","3":"status-publish","4":"has-post-thumbnail","6":"product_cat-diger-olcu-aletleri","8":"first","9":"instock","10":"shipping-taxable","11":"product-type-simple"},"_links":{"self":[{"href":"https:\/\/denizmtl.com\/mobilapp\/wp-json\/wp\/v2\/product\/28751","targetHints":{"allow":["GET"]}}],"collection":[{"href":"https:\/\/denizmtl.com\/mobilapp\/wp-json\/wp\/v2\/product"}],"about":[{"href":"https:\/\/denizmtl.com\/mobilapp\/wp-json\/wp\/v2\/types\/product"}],"author":[{"embeddable":true,"href":"https:\/\/denizmtl.com\/mobilapp\/wp-json\/wp\/v2\/users\/1"}],"replies":[{"embeddable":true,"href":"https:\/\/denizmtl.com\/mobilapp\/wp-json\/wp\/v2\/comments?post=28751"}],"wp:featuredmedia":[{"embeddable":true,"href":"https:\/\/denizmtl.com\/mobilapp\/wp-json\/wp\/v2\/media\/28781"}],"wp:attachment":[{"href":"https:\/\/denizmtl.com\/mobilapp\/wp-json\/wp\/v2\/media?parent=28751"}],"wp:term":[{"taxonomy":"product_brand","embeddable":true,"href":"https:\/\/denizmtl.com\/mobilapp\/wp-json\/wp\/v2\/product_brand?post=28751"},{"taxonomy":"product_cat","embeddable":true,"href":"https:\/\/denizmtl.com\/mobilapp\/wp-json\/wp\/v2\/product_cat?post=28751"},{"taxonomy":"product_tag","embeddable":true,"href":"https:\/\/denizmtl.com\/mobilapp\/wp-json\/wp\/v2\/product_tag?post=28751"}],"curies":[{"name":"wp","href":"https:\/\/api.w.org\/{rel}","templated":true}]}}