{"id":28720,"date":"2025-08-14T11:32:51","date_gmt":"2025-08-14T08:32:51","guid":{"rendered":"https:\/\/denizmtl.com\/mobilapp\/?post_type=product&#038;p=28720"},"modified":"2025-10-02T17:44:55","modified_gmt":"2025-10-02T14:44:55","slug":"insize-5230-hp60-basinc-olcer-kalibrasyon-pompasi","status":"publish","type":"product","link":"https:\/\/denizmtl.com\/mobilapp\/urunler\/insize-5230-hp60-basinc-olcer-kalibrasyon-pompasi\/","title":{"rendered":"Insize 5230-HP60 Bas\u0131n\u00e7 \u00d6l\u00e7er Kalibrasyon Pompas\u0131"},"content":{"rendered":"","protected":false},"excerpt":{"rendered":"<ul>\n<li>Laboratuvar ve end\u00fcstriyel saha kullan\u0131m\u0131 i\u00e7in ta\u015f\u0131nabilir tasar\u0131m<\/li>\n<li>\u00dc\u00e7 h\u0131zl\u0131 ba\u011flant\u0131 portu, iki bas\u0131n\u00e7 g\u00f6stergesi ayn\u0131 anda kalibre edilebilir<\/li>\n<li>Kararl\u0131 bas\u0131n\u00e7 art\u0131\u015f\u0131\/azal\u0131\u015f\u0131<\/li>\n<li>Sistemin kirli medya kirlili\u011fini \u00f6nlemek i\u00e7in medya tahliye tasar\u0131m\u0131<\/li>\n<li>Par\u00e7alar paslanmaz \u00e7elikten yap\u0131lm\u0131\u015ft\u0131r, istikrarl\u0131 ve g\u00fcvenilir kalite<\/li>\n<li>Genel olarak a\u00e7\u0131k yap\u0131, bak\u0131m\u0131 ve onar\u0131m\u0131 kolayd\u0131r<\/li>\n<li><a href=\"https:\/\/denizmtl.com\/wp-content\/uploads\/2025\/04\/5230-HP60.pdf\"><strong>PDF i\u00e7in t\u0131klay\u0131n\u0131z.<\/strong><\/a><\/li>\n<\/ul>\n<p>&nbsp;<br \/>\n<a class=\"wp-iletim-button\" href=\"https:\/\/wa.me\/905422584189?text=Merhaba%2C%20https%3A%2F%2Fdenizmtl.com%2Fmobilapp%2Fwp-json%2Fwp%2Fv2%2Fproduct%2F28720%20sayfas%C4%B1ndaki%20%C3%BCr%C3%BCnle%20ilgili%20fiyat%20ve%20demo%20talep%20etmek%20istiyorum.\" target=\"_blank\" rel=\"noopener\" style=\"display:inline-block;padding:10px 16px;border-radius:6px;color:#fff;text-decoration:none;font-weight:600;background:#334862;\">F\u0130YAT VE DEMO TALEP ET<\/a>\n","protected":false},"author":1,"featured_media":28750,"comment_status":"open","ping_status":"closed","template":"","meta":[],"product_brand":[],"product_cat":[28,100],"product_tag":[],"class_list":{"0":"post-28720","1":"product","2":"type-product","3":"status-publish","4":"has-post-thumbnail","6":"product_cat-diger-olcu-aletleri","7":"product_cat-test-cihazlari","9":"first","10":"instock","11":"shipping-taxable","12":"product-type-simple"},"_links":{"self":[{"href":"https:\/\/denizmtl.com\/mobilapp\/wp-json\/wp\/v2\/product\/28720","targetHints":{"allow":["GET"]}}],"collection":[{"href":"https:\/\/denizmtl.com\/mobilapp\/wp-json\/wp\/v2\/product"}],"about":[{"href":"https:\/\/denizmtl.com\/mobilapp\/wp-json\/wp\/v2\/types\/product"}],"author":[{"embeddable":true,"href":"https:\/\/denizmtl.com\/mobilapp\/wp-json\/wp\/v2\/users\/1"}],"replies":[{"embeddable":true,"href":"https:\/\/denizmtl.com\/mobilapp\/wp-json\/wp\/v2\/comments?post=28720"}],"wp:featuredmedia":[{"embeddable":true,"href":"https:\/\/denizmtl.com\/mobilapp\/wp-json\/wp\/v2\/media\/28750"}],"wp:attachment":[{"href":"https:\/\/denizmtl.com\/mobilapp\/wp-json\/wp\/v2\/media?parent=28720"}],"wp:term":[{"taxonomy":"product_brand","embeddable":true,"href":"https:\/\/denizmtl.com\/mobilapp\/wp-json\/wp\/v2\/product_brand?post=28720"},{"taxonomy":"product_cat","embeddable":true,"href":"https:\/\/denizmtl.com\/mobilapp\/wp-json\/wp\/v2\/product_cat?post=28720"},{"taxonomy":"product_tag","embeddable":true,"href":"https:\/\/denizmtl.com\/mobilapp\/wp-json\/wp\/v2\/product_tag?post=28720"}],"curies":[{"name":"wp","href":"https:\/\/api.w.org\/{rel}","templated":true}]}}