{"id":28717,"date":"2025-08-14T11:32:50","date_gmt":"2025-08-14T08:32:50","guid":{"rendered":"https:\/\/denizmtl.com\/mobilapp\/?post_type=product&#038;p=28717"},"modified":"2025-08-14T11:33:05","modified_gmt":"2025-08-14T08:33:05","slug":"insize-0414-ed34-iletkenlik-olcum-cihazi","status":"publish","type":"product","link":"https:\/\/denizmtl.com\/mobilapp\/urunler\/insize-0414-ed34-iletkenlik-olcum-cihazi\/","title":{"rendered":"Insize 0414-ED34 \u0130letkenlik \u00d6l\u00e7\u00fcm Cihaz\u0131"},"content":{"rendered":"","protected":false},"excerpt":{"rendered":"<ul>\n<li>Sa\u011flam platin-siyah iletkenlik elektrodu (K=1) ile donat\u0131lm\u0131\u015f, sa\u011flam platin-siyah kaplama, sadece elektrodun y\u00fczey alan\u0131n\u0131 art\u0131rmakla ve polarizasyon etkisini azaltmakla kalmaz, ayn\u0131 zamanda platin-siyah\u0131n metale yap\u0131\u015fmas\u0131n\u0131 da iyile\u015ftirir, korozyona dayan\u0131kl\u0131d\u0131r<\/li>\n<li>POM muhafaza, dahili termist\u00f6r, otomatik s\u0131cakl\u0131k telafisi<\/li>\n<li>GLP veri depolama ve y\u00f6netimi, USB veri \u00e7\u0131k\u0131\u015f\u0131<\/li>\n<li>1~4 noktal\u0131 otomatik kalibrasyon, kalibrasyon rehberli\u011fi ve otomatik inceleme fonksiyonu ile<\/li>\n<li>\u00d6l\u00e7\u00fcm cihaz\u0131 iletkenlik standart \u00e7\u00f6zeltilerini otomatik olarak tan\u0131yabilir<\/li>\n<li>Daha do\u011fru \u00f6l\u00e7\u00fcm i\u00e7in manuel ve otomatik s\u0131cakl\u0131k telafisi i\u015flevleri<\/li>\n<li>\u00d6l\u00e7\u00fcm cihaz\u0131 iletkenli\u011fi, TDS&#8217;yi ve tuzlulu\u011fu de\u011fi\u015ftirebilir<\/li>\n<li>Esnek elektrot tutucu ile donat\u0131lm\u0131\u015ft\u0131r, tek elle kullan\u0131m\u0131 kolayd\u0131r<\/li>\n<li><a href=\"https:\/\/denizmtl.com\/wp-content\/uploads\/2025\/04\/0414-ED34.pdf\"><strong>PDF i\u00e7in t\u0131klay\u0131n\u0131z.<\/strong><\/a><\/li>\n<\/ul>\n","protected":false},"author":1,"featured_media":28747,"comment_status":"open","ping_status":"closed","template":"","meta":[],"product_brand":[],"product_cat":[28],"product_tag":[],"class_list":{"0":"post-28717","1":"product","2":"type-product","3":"status-publish","4":"has-post-thumbnail","6":"product_cat-diger-olcu-aletleri","8":"first","9":"instock","10":"shipping-taxable","11":"product-type-simple"},"_links":{"self":[{"href":"https:\/\/denizmtl.com\/mobilapp\/wp-json\/wp\/v2\/product\/28717","targetHints":{"allow":["GET"]}}],"collection":[{"href":"https:\/\/denizmtl.com\/mobilapp\/wp-json\/wp\/v2\/product"}],"about":[{"href":"https:\/\/denizmtl.com\/mobilapp\/wp-json\/wp\/v2\/types\/product"}],"author":[{"embeddable":true,"href":"https:\/\/denizmtl.com\/mobilapp\/wp-json\/wp\/v2\/users\/1"}],"replies":[{"embeddable":true,"href":"https:\/\/denizmtl.com\/mobilapp\/wp-json\/wp\/v2\/comments?post=28717"}],"wp:featuredmedia":[{"embeddable":true,"href":"https:\/\/denizmtl.com\/mobilapp\/wp-json\/wp\/v2\/media\/28747"}],"wp:attachment":[{"href":"https:\/\/denizmtl.com\/mobilapp\/wp-json\/wp\/v2\/media?parent=28717"}],"wp:term":[{"taxonomy":"product_brand","embeddable":true,"href":"https:\/\/denizmtl.com\/mobilapp\/wp-json\/wp\/v2\/product_brand?post=28717"},{"taxonomy":"product_cat","embeddable":true,"href":"https:\/\/denizmtl.com\/mobilapp\/wp-json\/wp\/v2\/product_cat?post=28717"},{"taxonomy":"product_tag","embeddable":true,"href":"https:\/\/denizmtl.com\/mobilapp\/wp-json\/wp\/v2\/product_tag?post=28717"}],"curies":[{"name":"wp","href":"https:\/\/api.w.org\/{rel}","templated":true}]}}