{"id":28713,"date":"2025-08-14T11:32:49","date_gmt":"2025-08-14T08:32:49","guid":{"rendered":"https:\/\/denizmtl.com\/mobilapp\/?post_type=product&#038;p=28713"},"modified":"2025-08-14T11:33:03","modified_gmt":"2025-08-14T08:33:03","slug":"insize-8309-endustriyel-elektronik-balansor-profesyonel-tip","status":"publish","type":"product","link":"https:\/\/denizmtl.com\/mobilapp\/urunler\/insize-8309-endustriyel-elektronik-balansor-profesyonel-tip\/","title":{"rendered":"Insize 8309 End\u00fcstriyel Elektronik Balans\u00f6r (Profesyonel Tip)"},"content":{"rendered":"","protected":false},"excerpt":{"rendered":"<ul>\n<li>Elektromanyetik dengeli sens\u00f6r<\/li>\n<li>Birden fazla s\u0131cakl\u0131k noktas\u0131nda do\u011fru y\u00fckleme yaparak s\u0131f\u0131r stabilite ve tart\u0131m do\u011frulu\u011funu telafi eder<\/li>\n<li>Paslanmaz \u00e7elik tart\u0131m tavas\u0131, asit ve korozyona dayan\u0131kl\u0131<\/li>\n<li>Manuel ekran kapatma, ekran koruyucu<\/li>\n<li>Tartma, sayma, s\u0131f\u0131rlama<\/li>\n<li>A\u015f\u0131r\u0131 y\u00fck alarm\u0131<\/li>\n<li>Birim: g, kg, lb, ct, oz<\/li>\n<li>\u015eifre korumas\u0131<\/li>\n<li>Veri \u00e7\u0131k\u0131\u015f\u0131<\/li>\n<li><a href=\"https:\/\/denizmtl.com\/wp-content\/uploads\/2025\/04\/8309.pdf\"><strong>PDF i\u00e7in t\u0131klay\u0131n\u0131z.<\/strong><\/a><\/li>\n<\/ul>\n","protected":false},"author":1,"featured_media":28743,"comment_status":"open","ping_status":"closed","template":"","meta":[],"product_brand":[],"product_cat":[28],"product_tag":[],"class_list":{"0":"post-28713","1":"product","2":"type-product","3":"status-publish","4":"has-post-thumbnail","6":"product_cat-diger-olcu-aletleri","8":"first","9":"instock","10":"shipping-taxable","11":"product-type-simple"},"_links":{"self":[{"href":"https:\/\/denizmtl.com\/mobilapp\/wp-json\/wp\/v2\/product\/28713","targetHints":{"allow":["GET"]}}],"collection":[{"href":"https:\/\/denizmtl.com\/mobilapp\/wp-json\/wp\/v2\/product"}],"about":[{"href":"https:\/\/denizmtl.com\/mobilapp\/wp-json\/wp\/v2\/types\/product"}],"author":[{"embeddable":true,"href":"https:\/\/denizmtl.com\/mobilapp\/wp-json\/wp\/v2\/users\/1"}],"replies":[{"embeddable":true,"href":"https:\/\/denizmtl.com\/mobilapp\/wp-json\/wp\/v2\/comments?post=28713"}],"wp:featuredmedia":[{"embeddable":true,"href":"https:\/\/denizmtl.com\/mobilapp\/wp-json\/wp\/v2\/media\/28743"}],"wp:attachment":[{"href":"https:\/\/denizmtl.com\/mobilapp\/wp-json\/wp\/v2\/media?parent=28713"}],"wp:term":[{"taxonomy":"product_brand","embeddable":true,"href":"https:\/\/denizmtl.com\/mobilapp\/wp-json\/wp\/v2\/product_brand?post=28713"},{"taxonomy":"product_cat","embeddable":true,"href":"https:\/\/denizmtl.com\/mobilapp\/wp-json\/wp\/v2\/product_cat?post=28713"},{"taxonomy":"product_tag","embeddable":true,"href":"https:\/\/denizmtl.com\/mobilapp\/wp-json\/wp\/v2\/product_tag?post=28713"}],"curies":[{"name":"wp","href":"https:\/\/api.w.org\/{rel}","templated":true}]}}