{"id":28712,"date":"2025-08-14T11:32:49","date_gmt":"2025-08-14T08:32:49","guid":{"rendered":"https:\/\/denizmtl.com\/mobilapp\/?post_type=product&#038;p=28712"},"modified":"2025-08-14T11:33:02","modified_gmt":"2025-08-14T08:33:02","slug":"insize-utm-tt-elektronik-burulma-testi-cihazi","status":"publish","type":"product","link":"https:\/\/denizmtl.com\/mobilapp\/urunler\/insize-utm-tt-elektronik-burulma-testi-cihazi\/","title":{"rendered":"Insize UTM-TT Elektronik Burulma Testi Cihaz\u0131"},"content":{"rendered":"","protected":false},"excerpt":{"rendered":"<ul>\n<li>Metalik ve metal olmayan malzemelerin, kompozit malzemelerin ve bile\u015fenlerin burulma testleri i\u00e7in uygundur<\/li>\n<li>Sabit burulma h\u0131z\u0131 i\u00e7in servo motor tahriki<\/li>\n<li>Y\u00fcksek verimlilik ve \u015fanz\u0131man\u0131n d\u00fczg\u00fcnl\u00fc\u011f\u00fc i\u00e7in sikloid red\u00fckt\u00f6r tahriki<\/li>\n<li>Y\u00fcksek stabilite, d\u00fczg\u00fcn ve g\u00fcvenilir \u00e7al\u0131\u015fma, h\u0131zl\u0131 tepki ve d\u00fc\u015f\u00fck g\u00fcr\u00fclt\u00fc i\u00e7in elektrik kontrol sistemi<\/li>\n<li>Ekipman\u0131n e\u015f eksenlili\u011fi ve paralelli\u011fi i\u00e7in y\u00fcksek hassasiyetli do\u011frusal k\u0131lavuz<\/li>\n<li>Otomatik tork ve burulma a\u00e7\u0131s\u0131 izleme \u00f6l\u00e7\u00fcm\u00fc, y\u00fck oran\u0131 g\u00f6sterimi, tepe tutma vb.<\/li>\n<li>Verimli ve profesyonel kontrol yaz\u0131l\u0131m\u0131<\/li>\n<li>G\u00fc\u00e7l\u00fc veri ve e\u011fri analizi<br \/>\n<a href=\"https:\/\/denizmtl.com\/wp-content\/uploads\/2025\/04\/UTM-TT.pdf\"><strong>PDF i\u00e7in t\u0131klay\u0131n\u0131z.<\/strong><\/a><\/li>\n<\/ul>\n","protected":false},"author":1,"featured_media":28742,"comment_status":"open","ping_status":"closed","template":"","meta":[],"product_brand":[],"product_cat":[28],"product_tag":[],"class_list":{"0":"post-28712","1":"product","2":"type-product","3":"status-publish","4":"has-post-thumbnail","6":"product_cat-diger-olcu-aletleri","8":"first","9":"instock","10":"shipping-taxable","11":"product-type-simple"},"_links":{"self":[{"href":"https:\/\/denizmtl.com\/mobilapp\/wp-json\/wp\/v2\/product\/28712","targetHints":{"allow":["GET"]}}],"collection":[{"href":"https:\/\/denizmtl.com\/mobilapp\/wp-json\/wp\/v2\/product"}],"about":[{"href":"https:\/\/denizmtl.com\/mobilapp\/wp-json\/wp\/v2\/types\/product"}],"author":[{"embeddable":true,"href":"https:\/\/denizmtl.com\/mobilapp\/wp-json\/wp\/v2\/users\/1"}],"replies":[{"embeddable":true,"href":"https:\/\/denizmtl.com\/mobilapp\/wp-json\/wp\/v2\/comments?post=28712"}],"wp:featuredmedia":[{"embeddable":true,"href":"https:\/\/denizmtl.com\/mobilapp\/wp-json\/wp\/v2\/media\/28742"}],"wp:attachment":[{"href":"https:\/\/denizmtl.com\/mobilapp\/wp-json\/wp\/v2\/media?parent=28712"}],"wp:term":[{"taxonomy":"product_brand","embeddable":true,"href":"https:\/\/denizmtl.com\/mobilapp\/wp-json\/wp\/v2\/product_brand?post=28712"},{"taxonomy":"product_cat","embeddable":true,"href":"https:\/\/denizmtl.com\/mobilapp\/wp-json\/wp\/v2\/product_cat?post=28712"},{"taxonomy":"product_tag","embeddable":true,"href":"https:\/\/denizmtl.com\/mobilapp\/wp-json\/wp\/v2\/product_tag?post=28712"}],"curies":[{"name":"wp","href":"https:\/\/api.w.org\/{rel}","templated":true}]}}