{"id":28711,"date":"2025-08-14T11:32:49","date_gmt":"2025-08-14T08:32:49","guid":{"rendered":"https:\/\/denizmtl.com\/mobilapp\/?post_type=product&#038;p=28711"},"modified":"2025-08-14T11:33:02","modified_gmt":"2025-08-14T08:33:02","slug":"insize-0716-er120-topraklama-rezistans-testi","status":"publish","type":"product","link":"https:\/\/denizmtl.com\/mobilapp\/urunler\/insize-0716-er120-topraklama-rezistans-testi\/","title":{"rendered":"Insize 0716-ER120 Topraklama Rezistans Testi"},"content":{"rendered":"","protected":false},"excerpt":{"rendered":"<ul>\n<li>Zamanlanm\u0131\u015f \u00f6l\u00e7\u00fcm fonksiyonu<\/li>\n<li>Otomatik kapanma<\/li>\n<li>Arkadan ayd\u0131nlatmal\u0131 ekran<\/li>\n<li>Veri tutma<\/li>\n<li>D\u00fc\u015f\u00fck pil g\u00f6stergesi<\/li>\n<li><strong>PDF i\u00e7in t\u0131klay\u0131n\u0131z.<\/strong><\/li>\n<\/ul>\n","protected":false},"author":1,"featured_media":28741,"comment_status":"open","ping_status":"closed","template":"","meta":[],"product_brand":[],"product_cat":[28],"product_tag":[],"class_list":{"0":"post-28711","1":"product","2":"type-product","3":"status-publish","4":"has-post-thumbnail","6":"product_cat-diger-olcu-aletleri","8":"first","9":"instock","10":"shipping-taxable","11":"product-type-simple"},"_links":{"self":[{"href":"https:\/\/denizmtl.com\/mobilapp\/wp-json\/wp\/v2\/product\/28711","targetHints":{"allow":["GET"]}}],"collection":[{"href":"https:\/\/denizmtl.com\/mobilapp\/wp-json\/wp\/v2\/product"}],"about":[{"href":"https:\/\/denizmtl.com\/mobilapp\/wp-json\/wp\/v2\/types\/product"}],"author":[{"embeddable":true,"href":"https:\/\/denizmtl.com\/mobilapp\/wp-json\/wp\/v2\/users\/1"}],"replies":[{"embeddable":true,"href":"https:\/\/denizmtl.com\/mobilapp\/wp-json\/wp\/v2\/comments?post=28711"}],"wp:featuredmedia":[{"embeddable":true,"href":"https:\/\/denizmtl.com\/mobilapp\/wp-json\/wp\/v2\/media\/28741"}],"wp:attachment":[{"href":"https:\/\/denizmtl.com\/mobilapp\/wp-json\/wp\/v2\/media?parent=28711"}],"wp:term":[{"taxonomy":"product_brand","embeddable":true,"href":"https:\/\/denizmtl.com\/mobilapp\/wp-json\/wp\/v2\/product_brand?post=28711"},{"taxonomy":"product_cat","embeddable":true,"href":"https:\/\/denizmtl.com\/mobilapp\/wp-json\/wp\/v2\/product_cat?post=28711"},{"taxonomy":"product_tag","embeddable":true,"href":"https:\/\/denizmtl.com\/mobilapp\/wp-json\/wp\/v2\/product_tag?post=28711"}],"curies":[{"name":"wp","href":"https:\/\/api.w.org\/{rel}","templated":true}]}}