{"id":28710,"date":"2025-08-14T11:32:49","date_gmt":"2025-08-14T08:32:49","guid":{"rendered":"https:\/\/denizmtl.com\/mobilapp\/?post_type=product&#038;p=28710"},"modified":"2025-08-14T11:33:02","modified_gmt":"2025-08-14T08:33:02","slug":"insize-5701-d40-d45-el-tipi-spektrofotometre","status":"publish","type":"product","link":"https:\/\/denizmtl.com\/mobilapp\/urunler\/insize-5701-d40-d45-el-tipi-spektrofotometre\/","title":{"rendered":"Insize 5701-D40 \/ D45 El Tipi Spektrofotometre"},"content":{"rendered":"","protected":false},"excerpt":{"rendered":"<ul>\n<li>CIE No. 15, ISO7724-1, ASTM E1164 ve DIN5033 Teil7 standartlar\u0131na uygundur<\/li>\n<li>Izgara spektrofotometrik, 3,5&#8243; IPS tam renkli ekran, \u00e7ift optik yollu y\u00fcksek hassasiyetli CMOS dizi sens\u00f6r\u00fc<\/li>\n<li>Uzun \u00f6m\u00fcrl\u00fc ve d\u00fc\u015f\u00fck g\u00fc\u00e7 t\u00fcketimli kombine LED \u0131\u015f\u0131k kayna\u011f\u0131 kullan\u0131n, UV&#8217;yi dahil edin ve UV \u00f6l\u00e7\u00fcm\u00fcn\u00fc hari\u00e7 tutun<\/li>\n<li>Kamera konumland\u0131rma i\u015flevi, de\u011fi\u015ftirilebilir d\u00f6rt diyafram<\/li>\n<li>Geni\u015f kapasiteli depolama alan\u0131, 20000&#8217;den fazla \u00f6l\u00e7\u00fcm verisi<\/li>\n<li>\u0130ki standart g\u00f6zlemci a\u00e7\u0131s\u0131, \u00e7e\u015fitli ayd\u0131nlatma maddeleri, \u00e7e\u015fitli renk endeksleri, \u00e7e\u015fitli standart kolorimetrik verilerle uyumludur<\/li>\n<li>Numune spektrumlar\u0131n\u0131 \u00f6l\u00e7\u00fcn, do\u011fru Laboratuvar verileri, renk e\u015fle\u015ftirmede ve do\u011fru renk iletiminde kullan\u0131labilir.<br \/>\n<a href=\"https:\/\/denizmtl.com\/wp-content\/uploads\/2025\/04\/5701-1.pdf\"><strong>PDF i\u00e7in t\u0131klay\u0131n\u0131z.<\/strong><\/a><\/li>\n<\/ul>\n","protected":false},"author":1,"featured_media":28740,"comment_status":"open","ping_status":"closed","template":"","meta":[],"product_brand":[],"product_cat":[28],"product_tag":[],"class_list":{"0":"post-28710","1":"product","2":"type-product","3":"status-publish","4":"has-post-thumbnail","6":"product_cat-diger-olcu-aletleri","8":"first","9":"instock","10":"shipping-taxable","11":"product-type-simple"},"_links":{"self":[{"href":"https:\/\/denizmtl.com\/mobilapp\/wp-json\/wp\/v2\/product\/28710","targetHints":{"allow":["GET"]}}],"collection":[{"href":"https:\/\/denizmtl.com\/mobilapp\/wp-json\/wp\/v2\/product"}],"about":[{"href":"https:\/\/denizmtl.com\/mobilapp\/wp-json\/wp\/v2\/types\/product"}],"author":[{"embeddable":true,"href":"https:\/\/denizmtl.com\/mobilapp\/wp-json\/wp\/v2\/users\/1"}],"replies":[{"embeddable":true,"href":"https:\/\/denizmtl.com\/mobilapp\/wp-json\/wp\/v2\/comments?post=28710"}],"wp:featuredmedia":[{"embeddable":true,"href":"https:\/\/denizmtl.com\/mobilapp\/wp-json\/wp\/v2\/media\/28740"}],"wp:attachment":[{"href":"https:\/\/denizmtl.com\/mobilapp\/wp-json\/wp\/v2\/media?parent=28710"}],"wp:term":[{"taxonomy":"product_brand","embeddable":true,"href":"https:\/\/denizmtl.com\/mobilapp\/wp-json\/wp\/v2\/product_brand?post=28710"},{"taxonomy":"product_cat","embeddable":true,"href":"https:\/\/denizmtl.com\/mobilapp\/wp-json\/wp\/v2\/product_cat?post=28710"},{"taxonomy":"product_tag","embeddable":true,"href":"https:\/\/denizmtl.com\/mobilapp\/wp-json\/wp\/v2\/product_tag?post=28710"}],"curies":[{"name":"wp","href":"https:\/\/api.w.org\/{rel}","templated":true}]}}