{"id":28709,"date":"2025-08-14T11:32:48","date_gmt":"2025-08-14T08:32:48","guid":{"rendered":"https:\/\/denizmtl.com\/mobilapp\/?post_type=product&#038;p=28709"},"modified":"2025-08-14T11:33:01","modified_gmt":"2025-08-14T08:33:01","slug":"insize-9454-sr35-rezistans-yalitim-testi","status":"publish","type":"product","link":"https:\/\/denizmtl.com\/mobilapp\/urunler\/insize-9454-sr35-rezistans-yalitim-testi\/","title":{"rendered":"Insize 9454-SR35 Rezistans Yal\u0131t\u0131m Testi"},"content":{"rendered":"","protected":false},"excerpt":{"rendered":"<ul>\n<li>S\u00fcrekli \u00f6l\u00e7\u00fcm, kar\u015f\u0131la\u015ft\u0131rmal\u0131 \u00f6l\u00e7\u00fcm<\/li>\n<li>Kirli \u00f6l\u00e7\u00fcm, polarizasyon indeksi \u00f6l\u00e7\u00fcm\u00fc<\/li>\n<li>AC ve DC voltaj \u00f6l\u00e7\u00fcm\u00fc<\/li>\n<li>Veri depolama, USB aray\u00fcz\u00fc veri aktar\u0131m\u0131<\/li>\n<li>Y\u00fcksek voltaj \u00e7\u0131k\u0131\u015f uyar\u0131s\u0131, otomatik de\u015farj<\/li>\n<li>Pil seviyesi g\u00f6stergesi<\/li>\n<li>Arka \u0131\u015f\u0131k g\u00f6r\u00fcnt\u00fcleme fonksiyonu<\/li>\n<li>Otomatik kapanma fonksiyonu<\/li>\n<li><a href=\"https:\/\/denizmtl.com\/wp-content\/uploads\/2025\/04\/9454-SR35.pdf\"><strong>PDF i\u00e7in t\u0131klay\u0131n\u0131z.<\/strong><\/a><\/li>\n<\/ul>\n","protected":false},"author":1,"featured_media":28739,"comment_status":"open","ping_status":"closed","template":"","meta":[],"product_brand":[],"product_cat":[28],"product_tag":[],"class_list":{"0":"post-28709","1":"product","2":"type-product","3":"status-publish","4":"has-post-thumbnail","6":"product_cat-diger-olcu-aletleri","8":"first","9":"instock","10":"shipping-taxable","11":"product-type-simple"},"_links":{"self":[{"href":"https:\/\/denizmtl.com\/mobilapp\/wp-json\/wp\/v2\/product\/28709","targetHints":{"allow":["GET"]}}],"collection":[{"href":"https:\/\/denizmtl.com\/mobilapp\/wp-json\/wp\/v2\/product"}],"about":[{"href":"https:\/\/denizmtl.com\/mobilapp\/wp-json\/wp\/v2\/types\/product"}],"author":[{"embeddable":true,"href":"https:\/\/denizmtl.com\/mobilapp\/wp-json\/wp\/v2\/users\/1"}],"replies":[{"embeddable":true,"href":"https:\/\/denizmtl.com\/mobilapp\/wp-json\/wp\/v2\/comments?post=28709"}],"wp:featuredmedia":[{"embeddable":true,"href":"https:\/\/denizmtl.com\/mobilapp\/wp-json\/wp\/v2\/media\/28739"}],"wp:attachment":[{"href":"https:\/\/denizmtl.com\/mobilapp\/wp-json\/wp\/v2\/media?parent=28709"}],"wp:term":[{"taxonomy":"product_brand","embeddable":true,"href":"https:\/\/denizmtl.com\/mobilapp\/wp-json\/wp\/v2\/product_brand?post=28709"},{"taxonomy":"product_cat","embeddable":true,"href":"https:\/\/denizmtl.com\/mobilapp\/wp-json\/wp\/v2\/product_cat?post=28709"},{"taxonomy":"product_tag","embeddable":true,"href":"https:\/\/denizmtl.com\/mobilapp\/wp-json\/wp\/v2\/product_tag?post=28709"}],"curies":[{"name":"wp","href":"https:\/\/api.w.org\/{rel}","templated":true}]}}