{"id":28708,"date":"2025-08-14T11:32:48","date_gmt":"2025-08-14T08:32:48","guid":{"rendered":"https:\/\/denizmtl.com\/mobilapp\/?post_type=product&#038;p=28708"},"modified":"2025-08-14T11:33:01","modified_gmt":"2025-08-14T08:33:01","slug":"insize-0324-dt11-dijital-termometre-yuksek-sicakliklar-icin","status":"publish","type":"product","link":"https:\/\/denizmtl.com\/mobilapp\/urunler\/insize-0324-dt11-dijital-termometre-yuksek-sicakliklar-icin\/","title":{"rendered":"Insize 0324-DT11 Dijital Termometre (Y\u00fcksek S\u0131cakl\u0131klar \u0130\u00e7in)"},"content":{"rendered":"","protected":false},"excerpt":{"rendered":"<ul>\n<li>S\u0131v\u0131, buhar ve gaz\u0131n s\u0131cakl\u0131\u011f\u0131n\u0131 \u00f6l\u00e7ebilir<\/li>\n<li>Ger\u00e7ek zamanl\u0131\/MAKS\/M\u0130N\/ORT s\u0131cakl\u0131k g\u00f6sterimi<\/li>\n<li>Dahili yer\u00e7ekimi sens\u00f6r\u00fc, otomatik yatay veya dikey ekran g\u00f6sterimi<\/li>\n<li>Ekran arka \u0131\u015f\u0131\u011f\u0131<\/li>\n<li>Otomatik kapanma<\/li>\n<li>Yaz\u0131l\u0131m dahildir: \u00e7evrimi\u00e7i izleme, veri depolama<\/li>\n<li><a href=\"https:\/\/denizmtl.com\/wp-content\/uploads\/2025\/04\/0324-DT11.pdf\"><strong>PDF i\u00e7in t\u0131klay\u0131n\u0131z.<\/strong><\/a><\/li>\n<\/ul>\n","protected":false},"author":1,"featured_media":28738,"comment_status":"open","ping_status":"closed","template":"","meta":[],"product_brand":[],"product_cat":[28],"product_tag":[],"class_list":{"0":"post-28708","1":"product","2":"type-product","3":"status-publish","4":"has-post-thumbnail","6":"product_cat-diger-olcu-aletleri","8":"first","9":"instock","10":"shipping-taxable","11":"product-type-simple"},"_links":{"self":[{"href":"https:\/\/denizmtl.com\/mobilapp\/wp-json\/wp\/v2\/product\/28708","targetHints":{"allow":["GET"]}}],"collection":[{"href":"https:\/\/denizmtl.com\/mobilapp\/wp-json\/wp\/v2\/product"}],"about":[{"href":"https:\/\/denizmtl.com\/mobilapp\/wp-json\/wp\/v2\/types\/product"}],"author":[{"embeddable":true,"href":"https:\/\/denizmtl.com\/mobilapp\/wp-json\/wp\/v2\/users\/1"}],"replies":[{"embeddable":true,"href":"https:\/\/denizmtl.com\/mobilapp\/wp-json\/wp\/v2\/comments?post=28708"}],"wp:featuredmedia":[{"embeddable":true,"href":"https:\/\/denizmtl.com\/mobilapp\/wp-json\/wp\/v2\/media\/28738"}],"wp:attachment":[{"href":"https:\/\/denizmtl.com\/mobilapp\/wp-json\/wp\/v2\/media?parent=28708"}],"wp:term":[{"taxonomy":"product_brand","embeddable":true,"href":"https:\/\/denizmtl.com\/mobilapp\/wp-json\/wp\/v2\/product_brand?post=28708"},{"taxonomy":"product_cat","embeddable":true,"href":"https:\/\/denizmtl.com\/mobilapp\/wp-json\/wp\/v2\/product_cat?post=28708"},{"taxonomy":"product_tag","embeddable":true,"href":"https:\/\/denizmtl.com\/mobilapp\/wp-json\/wp\/v2\/product_tag?post=28708"}],"curies":[{"name":"wp","href":"https:\/\/api.w.org\/{rel}","templated":true}]}}