{"id":28705,"date":"2025-08-14T11:32:48","date_gmt":"2025-08-14T08:32:48","guid":{"rendered":"https:\/\/denizmtl.com\/mobilapp\/?post_type=product&#038;p=28705"},"modified":"2025-08-14T11:32:59","modified_gmt":"2025-08-14T08:32:59","slug":"insize-itm-t-dusuk-sicaklik-otomatik-darbe-test-cihazi","status":"publish","type":"product","link":"https:\/\/denizmtl.com\/mobilapp\/urunler\/insize-itm-t-dusuk-sicaklik-otomatik-darbe-test-cihazi\/","title":{"rendered":"Insize ITM-T D\u00fc\u015f\u00fck S\u0131cakl\u0131k Otomatik Darbe test Cihaz\u0131"},"content":{"rendered":"","protected":false},"excerpt":{"rendered":"<ul>\n<li>GB\/T 3808, GB\/T 229, JJG 145, ASTM E23 (Amerikan standart b\u0131\u00e7akla), ISO 148.1, ISO 148.2, ISO 148.3, ISO R83&#8217;e g\u00f6re<\/li>\n<li>Metal malzemelerin dinamik y\u00fck alt\u0131nda darbeye dayan\u0131kl\u0131l\u0131k performans\u0131n\u0131 test etmek i\u00e7in<\/li>\n<li>S\u00fcrekli olarak b\u00fcy\u00fck miktarlarda metal darbe testleri ger\u00e7ekle\u015ftirme yetene\u011fi<\/li>\n<li>Otomatik numune besleme ve konumland\u0131rma<\/li>\n<li><a href=\"https:\/\/denizmtl.com\/wp-content\/uploads\/2025\/04\/ITM-T.pdf\"><strong>PDF i\u00e7in t\u0131klay\u0131n\u0131z.<\/strong><\/a><\/li>\n<\/ul>\n","protected":false},"author":1,"featured_media":28735,"comment_status":"open","ping_status":"closed","template":"","meta":[],"product_brand":[],"product_cat":[28],"product_tag":[],"class_list":{"0":"post-28705","1":"product","2":"type-product","3":"status-publish","4":"has-post-thumbnail","6":"product_cat-diger-olcu-aletleri","8":"first","9":"instock","10":"shipping-taxable","11":"product-type-simple"},"_links":{"self":[{"href":"https:\/\/denizmtl.com\/mobilapp\/wp-json\/wp\/v2\/product\/28705","targetHints":{"allow":["GET"]}}],"collection":[{"href":"https:\/\/denizmtl.com\/mobilapp\/wp-json\/wp\/v2\/product"}],"about":[{"href":"https:\/\/denizmtl.com\/mobilapp\/wp-json\/wp\/v2\/types\/product"}],"author":[{"embeddable":true,"href":"https:\/\/denizmtl.com\/mobilapp\/wp-json\/wp\/v2\/users\/1"}],"replies":[{"embeddable":true,"href":"https:\/\/denizmtl.com\/mobilapp\/wp-json\/wp\/v2\/comments?post=28705"}],"wp:featuredmedia":[{"embeddable":true,"href":"https:\/\/denizmtl.com\/mobilapp\/wp-json\/wp\/v2\/media\/28735"}],"wp:attachment":[{"href":"https:\/\/denizmtl.com\/mobilapp\/wp-json\/wp\/v2\/media?parent=28705"}],"wp:term":[{"taxonomy":"product_brand","embeddable":true,"href":"https:\/\/denizmtl.com\/mobilapp\/wp-json\/wp\/v2\/product_brand?post=28705"},{"taxonomy":"product_cat","embeddable":true,"href":"https:\/\/denizmtl.com\/mobilapp\/wp-json\/wp\/v2\/product_cat?post=28705"},{"taxonomy":"product_tag","embeddable":true,"href":"https:\/\/denizmtl.com\/mobilapp\/wp-json\/wp\/v2\/product_tag?post=28705"}],"curies":[{"name":"wp","href":"https:\/\/api.w.org\/{rel}","templated":true}]}}