{"id":28703,"date":"2025-08-14T11:32:47","date_gmt":"2025-08-14T08:32:47","guid":{"rendered":"https:\/\/denizmtl.com\/mobilapp\/?post_type=product&#038;p=28703"},"modified":"2025-08-14T11:32:58","modified_gmt":"2025-08-14T08:32:58","slug":"insize-0811-ca01-el-tipi-hava-parcacik-sayma-cihazi","status":"publish","type":"product","link":"https:\/\/denizmtl.com\/mobilapp\/urunler\/insize-0811-ca01-el-tipi-hava-parcacik-sayma-cihazi\/","title":{"rendered":"Insize 0811-CA01 El Tipi Hava Par\u00e7ac\u0131k Sayma Cihaz\u0131"},"content":{"rendered":"","protected":false},"excerpt":{"rendered":"<ul>\n<li>Elektronik \u00fcretim i\u015fletmelerinde temiz oda testi, filtre s\u0131z\u0131nt\u0131 tespiti, biyolojik g\u00fcvenli\u011fin izlenmesi, HVAC sistemleri, bilgisayar odalar\u0131, g\u0131da paketleme ortamlar\u0131, ila\u00e7 ve t\u0131bbi cihaz \u00fcretim ortamlar\u0131, hastane temiz ameliyathaneleri, otomotiv p\u00fcsk\u00fcrtme ortamlar\u0131 vb. gibi alanlarda yayg\u0131n olarak kullan\u0131l\u0131r.<\/li>\n<li>Yar\u0131 iletken lazer sens\u00f6r\u00fcn\u00fc kullanarak<\/li>\n<li>Temiz ortamlardaki hava birim hacmi ba\u015f\u0131na toz par\u00e7ac\u0131klar\u0131n\u0131n boyutunu ve say\u0131s\u0131n\u0131 \u00f6l\u00e7er ve farkl\u0131 ar\u0131tma seviyelerinde alarm verecek \u015fekilde ayarlanabilir<\/li>\n<li>Alt\u0131 say\u0131m kanal\u0131n\u0131n (0,3 \u00b5m, 0,5 \u00b5m, 1 \u00b5m, 3 \u00b5m, 5 \u00b5m, 10 \u00b5m) e\u015f zamanl\u0131 say\u0131m\u0131 ve her oda i\u00e7in %95&#8217;lik \u00fcst g\u00fcven s\u0131n\u0131r\u0131n\u0131n hesaplanmas\u0131na g\u00f6re s\u0131ras\u0131yla oda numaras\u0131na g\u00f6re saklanabilir (UCL de\u011feri)<\/li>\n<li>Uzaktan kumanda i\u00e7in bir PC veri toplama sistemine ba\u011flanabilir<\/li>\n<li><a href=\"https:\/\/denizmtl.com\/wp-content\/uploads\/2025\/04\/0811-CA01.pdf\"><strong>PDF i\u00e7in t\u0131klay\u0131n\u0131z.<\/strong><\/a><\/li>\n<\/ul>\n","protected":false},"author":1,"featured_media":28733,"comment_status":"open","ping_status":"closed","template":"","meta":[],"product_brand":[],"product_cat":[28],"product_tag":[],"class_list":{"0":"post-28703","1":"product","2":"type-product","3":"status-publish","4":"has-post-thumbnail","6":"product_cat-diger-olcu-aletleri","8":"first","9":"instock","10":"shipping-taxable","11":"product-type-simple"},"_links":{"self":[{"href":"https:\/\/denizmtl.com\/mobilapp\/wp-json\/wp\/v2\/product\/28703","targetHints":{"allow":["GET"]}}],"collection":[{"href":"https:\/\/denizmtl.com\/mobilapp\/wp-json\/wp\/v2\/product"}],"about":[{"href":"https:\/\/denizmtl.com\/mobilapp\/wp-json\/wp\/v2\/types\/product"}],"author":[{"embeddable":true,"href":"https:\/\/denizmtl.com\/mobilapp\/wp-json\/wp\/v2\/users\/1"}],"replies":[{"embeddable":true,"href":"https:\/\/denizmtl.com\/mobilapp\/wp-json\/wp\/v2\/comments?post=28703"}],"wp:featuredmedia":[{"embeddable":true,"href":"https:\/\/denizmtl.com\/mobilapp\/wp-json\/wp\/v2\/media\/28733"}],"wp:attachment":[{"href":"https:\/\/denizmtl.com\/mobilapp\/wp-json\/wp\/v2\/media?parent=28703"}],"wp:term":[{"taxonomy":"product_brand","embeddable":true,"href":"https:\/\/denizmtl.com\/mobilapp\/wp-json\/wp\/v2\/product_brand?post=28703"},{"taxonomy":"product_cat","embeddable":true,"href":"https:\/\/denizmtl.com\/mobilapp\/wp-json\/wp\/v2\/product_cat?post=28703"},{"taxonomy":"product_tag","embeddable":true,"href":"https:\/\/denizmtl.com\/mobilapp\/wp-json\/wp\/v2\/product_tag?post=28703"}],"curies":[{"name":"wp","href":"https:\/\/api.w.org\/{rel}","templated":true}]}}