{"id":28702,"date":"2025-08-14T11:32:47","date_gmt":"2025-08-14T08:32:47","guid":{"rendered":"https:\/\/denizmtl.com\/mobilapp\/?post_type=product&#038;p=28702"},"modified":"2025-08-14T11:32:58","modified_gmt":"2025-08-14T08:32:58","slug":"insize-mss-p-xrf-kaplama-olcum-testleri-icin-test-folyolari","status":"publish","type":"product","link":"https:\/\/denizmtl.com\/mobilapp\/urunler\/insize-mss-p-xrf-kaplama-olcum-testleri-icin-test-folyolari\/","title":{"rendered":"Insize MSS-P XRF Kaplama \u00d6l\u00e7\u00fcm Testleri \u0130\u00e7in Test Folyolar\u0131"},"content":{"rendered":"","protected":false},"excerpt":{"rendered":"<ul>\n<li>XRF kaplama kal\u0131nl\u0131\u011f\u0131 aletlerinin standartla\u015ft\u0131r\u0131lm\u0131\u015f kalibrasyonu i\u00e7in kullan\u0131labilir<\/li>\n<li>XRF kaplama kal\u0131nl\u0131\u011f\u0131 Enstr\u00fcmanlar\u0131n\u0131n kaplama \u00f6l\u00e7\u00fcm e\u011frilerini olu\u015fturmak i\u00e7in kullan\u0131labilir<\/li>\n<li>\u00dcretici muayene sertifikas\u0131yla birlikte tedarik edilir.<\/li>\n<li><a href=\"https:\/\/denizmtl.com\/wp-content\/uploads\/2025\/04\/MSS-P.pdf\"><strong>PDF i\u00e7in t\u0131klay\u0131n\u0131z.<\/strong><\/a><\/li>\n<\/ul>\n","protected":false},"author":1,"featured_media":28732,"comment_status":"open","ping_status":"closed","template":"","meta":[],"product_brand":[],"product_cat":[28],"product_tag":[],"class_list":{"0":"post-28702","1":"product","2":"type-product","3":"status-publish","4":"has-post-thumbnail","6":"product_cat-diger-olcu-aletleri","8":"first","9":"instock","10":"shipping-taxable","11":"product-type-simple"},"_links":{"self":[{"href":"https:\/\/denizmtl.com\/mobilapp\/wp-json\/wp\/v2\/product\/28702","targetHints":{"allow":["GET"]}}],"collection":[{"href":"https:\/\/denizmtl.com\/mobilapp\/wp-json\/wp\/v2\/product"}],"about":[{"href":"https:\/\/denizmtl.com\/mobilapp\/wp-json\/wp\/v2\/types\/product"}],"author":[{"embeddable":true,"href":"https:\/\/denizmtl.com\/mobilapp\/wp-json\/wp\/v2\/users\/1"}],"replies":[{"embeddable":true,"href":"https:\/\/denizmtl.com\/mobilapp\/wp-json\/wp\/v2\/comments?post=28702"}],"wp:featuredmedia":[{"embeddable":true,"href":"https:\/\/denizmtl.com\/mobilapp\/wp-json\/wp\/v2\/media\/28732"}],"wp:attachment":[{"href":"https:\/\/denizmtl.com\/mobilapp\/wp-json\/wp\/v2\/media?parent=28702"}],"wp:term":[{"taxonomy":"product_brand","embeddable":true,"href":"https:\/\/denizmtl.com\/mobilapp\/wp-json\/wp\/v2\/product_brand?post=28702"},{"taxonomy":"product_cat","embeddable":true,"href":"https:\/\/denizmtl.com\/mobilapp\/wp-json\/wp\/v2\/product_cat?post=28702"},{"taxonomy":"product_tag","embeddable":true,"href":"https:\/\/denizmtl.com\/mobilapp\/wp-json\/wp\/v2\/product_tag?post=28702"}],"curies":[{"name":"wp","href":"https:\/\/api.w.org\/{rel}","templated":true}]}}