{"id":28700,"date":"2025-08-14T11:32:46","date_gmt":"2025-08-14T08:32:46","guid":{"rendered":"https:\/\/denizmtl.com\/mobilapp\/?post_type=product&#038;p=28700"},"modified":"2025-08-14T11:32:57","modified_gmt":"2025-08-14T08:32:57","slug":"insize-hlc-3000-likit-kromatografi-cihazi","status":"publish","type":"product","link":"https:\/\/denizmtl.com\/mobilapp\/urunler\/insize-hlc-3000-likit-kromatografi-cihazi\/","title":{"rendered":"Insize HLC-3000 Likit Kromatografi Cihaz\u0131"},"content":{"rendered":"","protected":false},"excerpt":{"rendered":"<ul>\n<li>\u0130la\u00e7 ke\u015ffi, g\u0131da g\u00fcvenli\u011fi, \u00e7evre testleri, ya\u015fam bilimleri vb. alanlarda yayg\u0131n olarak kullan\u0131l\u0131r.<\/li>\n<li>Kolon s\u0131cakl\u0131k odas\u0131n\u0131n \u00e7e\u015fitli s\u0131cakl\u0131k kontrol modlar\u0131 s\u0131cakl\u0131\u011f\u0131 daha do\u011fru hale getirir<\/li>\n<li>Otomatik \u00f6rnekleyici, analiz s\u00fcrecini daha h\u0131zl\u0131 hale getiren y\u00fcksek h\u0131zl\u0131 bir enjeksiyon moduna sahiptir<\/li>\n<li>So\u011futma fonksiyonu, biyolojik numuneler i\u00e7in bile analiz s\u00fcrecinin kararl\u0131l\u0131\u011f\u0131n\u0131 sa\u011flar<\/li>\n<li>EMC elektromanyetik uyumluluk fonksiyonu di\u011fer elektromanyetik giri\u015fimleri \u00f6nleyebilir ve cihaz\u0131 daha kararl\u0131 hale getirir<\/li>\n<li><a href=\"https:\/\/denizmtl.com\/wp-content\/uploads\/2025\/04\/HLC-3000.pdf\"><strong>PDF i\u00e7in t\u0131klay\u0131n\u0131z.<\/strong><\/a><\/li>\n<\/ul>\n","protected":false},"author":1,"featured_media":28730,"comment_status":"open","ping_status":"closed","template":"","meta":[],"product_brand":[],"product_cat":[28],"product_tag":[],"class_list":{"0":"post-28700","1":"product","2":"type-product","3":"status-publish","4":"has-post-thumbnail","6":"product_cat-diger-olcu-aletleri","8":"first","9":"instock","10":"shipping-taxable","11":"product-type-simple"},"_links":{"self":[{"href":"https:\/\/denizmtl.com\/mobilapp\/wp-json\/wp\/v2\/product\/28700","targetHints":{"allow":["GET"]}}],"collection":[{"href":"https:\/\/denizmtl.com\/mobilapp\/wp-json\/wp\/v2\/product"}],"about":[{"href":"https:\/\/denizmtl.com\/mobilapp\/wp-json\/wp\/v2\/types\/product"}],"author":[{"embeddable":true,"href":"https:\/\/denizmtl.com\/mobilapp\/wp-json\/wp\/v2\/users\/1"}],"replies":[{"embeddable":true,"href":"https:\/\/denizmtl.com\/mobilapp\/wp-json\/wp\/v2\/comments?post=28700"}],"wp:featuredmedia":[{"embeddable":true,"href":"https:\/\/denizmtl.com\/mobilapp\/wp-json\/wp\/v2\/media\/28730"}],"wp:attachment":[{"href":"https:\/\/denizmtl.com\/mobilapp\/wp-json\/wp\/v2\/media?parent=28700"}],"wp:term":[{"taxonomy":"product_brand","embeddable":true,"href":"https:\/\/denizmtl.com\/mobilapp\/wp-json\/wp\/v2\/product_brand?post=28700"},{"taxonomy":"product_cat","embeddable":true,"href":"https:\/\/denizmtl.com\/mobilapp\/wp-json\/wp\/v2\/product_cat?post=28700"},{"taxonomy":"product_tag","embeddable":true,"href":"https:\/\/denizmtl.com\/mobilapp\/wp-json\/wp\/v2\/product_tag?post=28700"}],"curies":[{"name":"wp","href":"https:\/\/api.w.org\/{rel}","templated":true}]}}