{"id":28699,"date":"2025-08-14T11:32:46","date_gmt":"2025-08-14T08:32:46","guid":{"rendered":"https:\/\/denizmtl.com\/mobilapp\/?post_type=product&#038;p=28699"},"modified":"2025-08-14T11:32:56","modified_gmt":"2025-08-14T08:32:56","slug":"insize-gct-3600-gaz-kromatografi-cihazi","status":"publish","type":"product","link":"https:\/\/denizmtl.com\/mobilapp\/urunler\/insize-gct-3600-gaz-kromatografi-cihazi\/","title":{"rendered":"Insize GCT-3600 Gaz Kromatografi Cihaz\u0131"},"content":{"rendered":"","protected":false},"excerpt":{"rendered":"<ul>\n<li>Petrokimya, \u00e7evre analizi, g\u0131da analizi, ila\u00e7 analizi, polimer analizi vb. alanlarda yayg\u0131n olarak kullan\u0131l\u0131r.<\/li>\n<li>Cihaz 7 in\u00e7lik bir ekranla donat\u0131lm\u0131\u015ft\u0131r, s\u0131cak de\u011fi\u015ftirilebilir \u00f6zelli\u011fi destekler, el tipi kontrol cihaz\u0131 olarak kullan\u0131labilir<\/li>\n<li>Cihaz, s\u0131cakl\u0131\u011f\u0131 y\u00fcksek hassasiyet, y\u00fcksek g\u00fcvenilirlik ve anti-parazit ile kontrol etmek i\u00e7in bir mikrobilgisayar sistemi benimser<\/li>\n<li>Cihaz, kararl\u0131l\u0131\u011f\u0131 ve tekrarlanabilirli\u011fi art\u0131rmak i\u00e7in elektronik ak\u0131\u015f kontrol \u00fcnitesi (EFC) ve elektronik bas\u0131n\u00e7 kontrol \u00fcnitesi (EPC) ile donat\u0131lm\u0131\u015ft\u0131r<\/li>\n<li>MODBUS\/TCP standart protokol\u00fcne sahip kromatografi mikrobilgisayar sistemi, DCS sistemiyle aray\u00fczlenebilir<\/li>\n<li><a href=\"https:\/\/denizmtl.com\/wp-content\/uploads\/2025\/04\/GCT-3600.pdf\"><strong>PDF i\u00e7in t\u0131klay\u0131n\u0131z.<\/strong><\/a><\/li>\n<\/ul>\n","protected":false},"author":1,"featured_media":28729,"comment_status":"open","ping_status":"closed","template":"","meta":[],"product_brand":[],"product_cat":[28],"product_tag":[],"class_list":{"0":"post-28699","1":"product","2":"type-product","3":"status-publish","4":"has-post-thumbnail","6":"product_cat-diger-olcu-aletleri","8":"first","9":"instock","10":"shipping-taxable","11":"product-type-simple"},"_links":{"self":[{"href":"https:\/\/denizmtl.com\/mobilapp\/wp-json\/wp\/v2\/product\/28699","targetHints":{"allow":["GET"]}}],"collection":[{"href":"https:\/\/denizmtl.com\/mobilapp\/wp-json\/wp\/v2\/product"}],"about":[{"href":"https:\/\/denizmtl.com\/mobilapp\/wp-json\/wp\/v2\/types\/product"}],"author":[{"embeddable":true,"href":"https:\/\/denizmtl.com\/mobilapp\/wp-json\/wp\/v2\/users\/1"}],"replies":[{"embeddable":true,"href":"https:\/\/denizmtl.com\/mobilapp\/wp-json\/wp\/v2\/comments?post=28699"}],"wp:featuredmedia":[{"embeddable":true,"href":"https:\/\/denizmtl.com\/mobilapp\/wp-json\/wp\/v2\/media\/28729"}],"wp:attachment":[{"href":"https:\/\/denizmtl.com\/mobilapp\/wp-json\/wp\/v2\/media?parent=28699"}],"wp:term":[{"taxonomy":"product_brand","embeddable":true,"href":"https:\/\/denizmtl.com\/mobilapp\/wp-json\/wp\/v2\/product_brand?post=28699"},{"taxonomy":"product_cat","embeddable":true,"href":"https:\/\/denizmtl.com\/mobilapp\/wp-json\/wp\/v2\/product_cat?post=28699"},{"taxonomy":"product_tag","embeddable":true,"href":"https:\/\/denizmtl.com\/mobilapp\/wp-json\/wp\/v2\/product_tag?post=28699"}],"curies":[{"name":"wp","href":"https:\/\/api.w.org\/{rel}","templated":true}]}}