{"id":28698,"date":"2025-08-14T11:32:46","date_gmt":"2025-08-14T08:32:46","guid":{"rendered":"https:\/\/denizmtl.com\/mobilapp\/?post_type=product&#038;p=28698"},"modified":"2025-08-14T11:32:56","modified_gmt":"2025-08-14T08:32:56","slug":"insize-fti-a170-fourier-donusumu-icin-kizilotesi-spektrometre-analiz-cihazi","status":"publish","type":"product","link":"https:\/\/denizmtl.com\/mobilapp\/urunler\/insize-fti-a170-fourier-donusumu-icin-kizilotesi-spektrometre-analiz-cihazi\/","title":{"rendered":"Insize FTI-A170 Fourier D\u00f6n\u00fc\u015f\u00fcm\u00fc \u0130\u00e7in K\u0131z\u0131l\u00f6tesi Spektrometre Analiz Cihaz\u0131"},"content":{"rendered":"","protected":false},"excerpt":{"rendered":"<ul>\n<li>T\u0131p, kimya end\u00fcstrisi, petrol, \u00e7evre koruma, g\u0131da end\u00fcstrisi, malzemeler, kamu g\u00fcvenli\u011fi, ulusal savunma, yar\u0131 iletken, optik ve di\u011fer alanlarda yayg\u0131n olarak kullan\u0131l\u0131r<\/li>\n<li>\u0130nsan ve veteriner ila\u00e7lar\u0131, polimer malzemeler, yap\u0131\u015ft\u0131r\u0131c\u0131lar ve ba\u011flay\u0131c\u0131lar, kau\u00e7uk, poli\u00fcretan, akrilik re\u00e7ineler, beton katk\u0131 maddeleri vb.&#8217;nin nitel tan\u0131mlanmas\u0131<\/li>\n<li>Mineral yal\u0131t\u0131m ya\u011flar\u0131n\u0131n, ya\u011flama ya\u011flar\u0131ndaki yap\u0131sal gruplar\u0131n, g\u0131da ve greslerdeki trans ya\u011f asitlerinin, benzindeki atipik katk\u0131 maddelerinin, kat\u0131 at\u0131klardaki petrol hidrokarbonlar\u0131n\u0131n, sudaki ya\u011flar\u0131n vb. kantitatif testleri<\/li>\n<li>\u00c7ok y\u00f6nl\u00fc aksesuar se\u00e7enekleri, kolay de\u011fi\u015ftirme ve kurulum, ATR aksesuarlar\u0131, s\u0131v\u0131 test seti vb. gibi di\u011fer k\u0131z\u0131l\u00f6tesi aksesuarlar\u0131n kolayca geni\u015fletilmesi i\u00e7in geni\u015f numune b\u00f6lmesi<\/li>\n<li>200.000&#8217;den fazla standart k\u0131z\u0131l\u00f6tesi spektrumuyla<\/li>\n<li><a href=\"https:\/\/denizmtl.com\/wp-content\/uploads\/2025\/04\/FTI-A170.pdf\"><strong>PDF i\u00e7in t\u0131klay\u0131n\u0131z.<\/strong><\/a><\/li>\n<\/ul>\n","protected":false},"author":1,"featured_media":28728,"comment_status":"open","ping_status":"closed","template":"","meta":[],"product_brand":[],"product_cat":[28],"product_tag":[],"class_list":{"0":"post-28698","1":"product","2":"type-product","3":"status-publish","4":"has-post-thumbnail","6":"product_cat-diger-olcu-aletleri","8":"first","9":"instock","10":"shipping-taxable","11":"product-type-simple"},"_links":{"self":[{"href":"https:\/\/denizmtl.com\/mobilapp\/wp-json\/wp\/v2\/product\/28698","targetHints":{"allow":["GET"]}}],"collection":[{"href":"https:\/\/denizmtl.com\/mobilapp\/wp-json\/wp\/v2\/product"}],"about":[{"href":"https:\/\/denizmtl.com\/mobilapp\/wp-json\/wp\/v2\/types\/product"}],"author":[{"embeddable":true,"href":"https:\/\/denizmtl.com\/mobilapp\/wp-json\/wp\/v2\/users\/1"}],"replies":[{"embeddable":true,"href":"https:\/\/denizmtl.com\/mobilapp\/wp-json\/wp\/v2\/comments?post=28698"}],"wp:featuredmedia":[{"embeddable":true,"href":"https:\/\/denizmtl.com\/mobilapp\/wp-json\/wp\/v2\/media\/28728"}],"wp:attachment":[{"href":"https:\/\/denizmtl.com\/mobilapp\/wp-json\/wp\/v2\/media?parent=28698"}],"wp:term":[{"taxonomy":"product_brand","embeddable":true,"href":"https:\/\/denizmtl.com\/mobilapp\/wp-json\/wp\/v2\/product_brand?post=28698"},{"taxonomy":"product_cat","embeddable":true,"href":"https:\/\/denizmtl.com\/mobilapp\/wp-json\/wp\/v2\/product_cat?post=28698"},{"taxonomy":"product_tag","embeddable":true,"href":"https:\/\/denizmtl.com\/mobilapp\/wp-json\/wp\/v2\/product_tag?post=28698"}],"curies":[{"name":"wp","href":"https:\/\/api.w.org\/{rel}","templated":true}]}}