{"id":28659,"date":"2025-08-14T11:32:28","date_gmt":"2025-08-14T08:32:28","guid":{"rendered":"https:\/\/denizmtl.com\/mobilapp\/?post_type=product&#038;p=28659"},"modified":"2025-10-02T17:44:52","modified_gmt":"2025-10-02T14:44:52","slug":"insize-0815-d300-kuru-lazerli-parcacik-boyut-analizatoru","status":"publish","type":"product","link":"https:\/\/denizmtl.com\/mobilapp\/urunler\/insize-0815-d300-kuru-lazerli-parcacik-boyut-analizatoru\/","title":{"rendered":"Insize 0815-D300 Kuru Lazerli Par\u00e7ac\u0131k Boyut Analizat\u00f6r\u00fc"},"content":{"rendered":"","protected":false},"excerpt":{"rendered":"<ul>\n<li>\u25a0 GB\/T 19077-2016, ISO 13320: 2009&#8217;a g\u00f6re<\/li>\n<li>Herhangi bir toz malzeme i\u00e7in uygundur, \u00f6zellikle suyla reaksiyona giren veya s\u0131v\u0131larda \u015fekil de\u011fi\u015ftiren malzemeler i\u00e7in iyidir<\/li>\n<li>Metal ve metal olmayan tozlar, \u00e7imentolar, ila\u00e7lar, dolgu maddeleri, kataliz\u00f6rler, katk\u0131 maddeleri, ya\u011flay\u0131c\u0131lar, k\u00f6m\u00fcr tozu, \u00e7amur ve kum, toz, g\u0131da maddeleri, grafitler, foto\u011fraf malzemeleri, kalsiyum karbonat, kaolin ve di\u011fer toz malzemeler i\u00e7in kullan\u0131labilir.<\/li>\n<li>Da\u011f\u0131t\u0131c\u0131 ortam olarak havay\u0131 ve t\u00fcrb\u00fclansl\u0131 da\u011f\u0131l\u0131m ilkesini kullanarak, numunenin iyice da\u011f\u0131ld\u0131\u011f\u0131ndan emin olun<\/li>\n<li>MIE sa\u00e7\u0131lma teorisine dayal\u0131, yak\u0131nsak Fourier d\u00f6n\u00fc\u015f\u00fcm\u00fc optik yolu ve He-Ne lazer fotodedekt\u00f6rleri ile<\/li>\n<li>Sadece numuneyi koyman\u0131z yeterli, toz toplama, hava beslemesi, besleme hepsi otomatik olarak yap\u0131l\u0131r<\/li>\n<li><a href=\"https:\/\/denizmtl.com\/wp-content\/uploads\/2025\/04\/0815-D300.pdf\"><strong>PDF i\u00e7in t\u0131klay\u0131n\u0131z.<\/strong><\/a><\/li>\n<\/ul>\n<p>&nbsp;<br \/>\n<a class=\"wp-iletim-button\" href=\"https:\/\/wa.me\/905422584189?text=Merhaba%2C%20https%3A%2F%2Fdenizmtl.com%2Fmobilapp%2Fwp-json%2Fwp%2Fv2%2Fproduct%2F28659%20sayfas%C4%B1ndaki%20%C3%BCr%C3%BCnle%20ilgili%20fiyat%20ve%20demo%20talep%20etmek%20istiyorum.\" target=\"_blank\" rel=\"noopener\" style=\"display:inline-block;padding:10px 16px;border-radius:6px;color:#fff;text-decoration:none;font-weight:600;background:#334862;\">F\u0130YAT VE DEMO TALEP ET<\/a>\n","protected":false},"author":1,"featured_media":28686,"comment_status":"open","ping_status":"closed","template":"","meta":[],"product_brand":[],"product_cat":[100],"product_tag":[],"class_list":{"0":"post-28659","1":"product","2":"type-product","3":"status-publish","4":"has-post-thumbnail","6":"product_cat-test-cihazlari","8":"first","9":"instock","10":"shipping-taxable","11":"product-type-simple"},"_links":{"self":[{"href":"https:\/\/denizmtl.com\/mobilapp\/wp-json\/wp\/v2\/product\/28659","targetHints":{"allow":["GET"]}}],"collection":[{"href":"https:\/\/denizmtl.com\/mobilapp\/wp-json\/wp\/v2\/product"}],"about":[{"href":"https:\/\/denizmtl.com\/mobilapp\/wp-json\/wp\/v2\/types\/product"}],"author":[{"embeddable":true,"href":"https:\/\/denizmtl.com\/mobilapp\/wp-json\/wp\/v2\/users\/1"}],"replies":[{"embeddable":true,"href":"https:\/\/denizmtl.com\/mobilapp\/wp-json\/wp\/v2\/comments?post=28659"}],"wp:featuredmedia":[{"embeddable":true,"href":"https:\/\/denizmtl.com\/mobilapp\/wp-json\/wp\/v2\/media\/28686"}],"wp:attachment":[{"href":"https:\/\/denizmtl.com\/mobilapp\/wp-json\/wp\/v2\/media?parent=28659"}],"wp:term":[{"taxonomy":"product_brand","embeddable":true,"href":"https:\/\/denizmtl.com\/mobilapp\/wp-json\/wp\/v2\/product_brand?post=28659"},{"taxonomy":"product_cat","embeddable":true,"href":"https:\/\/denizmtl.com\/mobilapp\/wp-json\/wp\/v2\/product_cat?post=28659"},{"taxonomy":"product_tag","embeddable":true,"href":"https:\/\/denizmtl.com\/mobilapp\/wp-json\/wp\/v2\/product_tag?post=28659"}],"curies":[{"name":"wp","href":"https:\/\/api.w.org\/{rel}","templated":true}]}}