{"id":28658,"date":"2025-08-14T11:32:27","date_gmt":"2025-08-14T08:32:27","guid":{"rendered":"https:\/\/denizmtl.com\/mobilapp\/?post_type=product&#038;p=28658"},"modified":"2025-08-14T11:32:40","modified_gmt":"2025-08-14T08:32:40","slug":"insize-lsk-b-manyetik-dogrusal-skala-linear-skala-kademeli-tip","status":"publish","type":"product","link":"https:\/\/denizmtl.com\/mobilapp\/urunler\/insize-lsk-b-manyetik-dogrusal-skala-linear-skala-kademeli-tip\/","title":{"rendered":"Insize LSK-B Manyetik Do\u011frusal Skala (Linear Skala) Kademeli Tip"},"content":{"rendered":"","protected":false},"excerpt":{"rendered":"<ul>\n<li>Manyetik kafes \u00f6l\u00e7e\u011fi, art\u0131ml\u0131 tip<\/li>\n<li>\u00c7\u0131k\u0131\u015f frekans\u0131: 1000Hz (8000Hz&#8217;e kadar \u00f6zelle\u015ftirilebilir)<\/li>\n<li>Kablo uzunlu\u011fu: 0,5 m (15 m&#8217;ye kadar \u00f6zelle\u015ftirilebilir)<\/li>\n<li>Toz\/su ge\u00e7irmez: IP65<\/li>\n<li><a href=\"https:\/\/denizmtl.com\/wp-content\/uploads\/2025\/04\/LSK-B.pdf\"><strong>PDF i\u00e7in t\u0131klay\u0131n\u0131z.<\/strong><\/a><\/li>\n<\/ul>\n","protected":false},"author":1,"featured_media":28685,"comment_status":"open","ping_status":"closed","template":"","meta":[],"product_brand":[],"product_cat":[28],"product_tag":[],"class_list":{"0":"post-28658","1":"product","2":"type-product","3":"status-publish","4":"has-post-thumbnail","6":"product_cat-diger-olcu-aletleri","8":"first","9":"instock","10":"shipping-taxable","11":"product-type-simple"},"_links":{"self":[{"href":"https:\/\/denizmtl.com\/mobilapp\/wp-json\/wp\/v2\/product\/28658","targetHints":{"allow":["GET"]}}],"collection":[{"href":"https:\/\/denizmtl.com\/mobilapp\/wp-json\/wp\/v2\/product"}],"about":[{"href":"https:\/\/denizmtl.com\/mobilapp\/wp-json\/wp\/v2\/types\/product"}],"author":[{"embeddable":true,"href":"https:\/\/denizmtl.com\/mobilapp\/wp-json\/wp\/v2\/users\/1"}],"replies":[{"embeddable":true,"href":"https:\/\/denizmtl.com\/mobilapp\/wp-json\/wp\/v2\/comments?post=28658"}],"wp:featuredmedia":[{"embeddable":true,"href":"https:\/\/denizmtl.com\/mobilapp\/wp-json\/wp\/v2\/media\/28685"}],"wp:attachment":[{"href":"https:\/\/denizmtl.com\/mobilapp\/wp-json\/wp\/v2\/media?parent=28658"}],"wp:term":[{"taxonomy":"product_brand","embeddable":true,"href":"https:\/\/denizmtl.com\/mobilapp\/wp-json\/wp\/v2\/product_brand?post=28658"},{"taxonomy":"product_cat","embeddable":true,"href":"https:\/\/denizmtl.com\/mobilapp\/wp-json\/wp\/v2\/product_cat?post=28658"},{"taxonomy":"product_tag","embeddable":true,"href":"https:\/\/denizmtl.com\/mobilapp\/wp-json\/wp\/v2\/product_tag?post=28658"}],"curies":[{"name":"wp","href":"https:\/\/api.w.org\/{rel}","templated":true}]}}