{"id":28653,"date":"2025-08-14T11:32:26","date_gmt":"2025-08-14T08:32:26","guid":{"rendered":"https:\/\/denizmtl.com\/mobilapp\/?post_type=product&#038;p=28653"},"modified":"2025-08-14T11:32:38","modified_gmt":"2025-08-14T08:32:38","slug":"insize-hlz-1000-iyon-kromatografi-cihazi","status":"publish","type":"product","link":"https:\/\/denizmtl.com\/mobilapp\/urunler\/insize-hlz-1000-iyon-kromatografi-cihazi\/","title":{"rendered":"Insize HLZ-1000 \u0130yon Kromatografi Cihaz\u0131"},"content":{"rendered":"","protected":false},"excerpt":{"rendered":"<ul>\n<li>T\u0131p, \u00e7evre, g\u0131da, kimya, jeoloji, ara\u015ft\u0131rma laboratuvarlar\u0131 vb. alanlarda yayg\u0131n olarak kullan\u0131l\u0131r.<\/li>\n<li>\u00c7e\u015fitli matris \u00f6rneklerinde anyonlar\u0131, katyonlar\u0131 ve di\u011fer polar maddeleri analiz edebilir<\/li>\n<li>Otomatik aral\u0131kl\u0131 iletkenlik dedekt\u00f6r\u00fc, konsantrasyon sinyali ppb&#8217;den ppm&#8217;ye de\u011fi\u015ftirilebilir<\/li>\n<li>\u00c7evrimi\u00e7i ka\u00e7ak izleme, ka\u00e7ak oldu\u011funda alarm ve kapatma<\/li>\n<li>Ak\u0131ll\u0131 a\u00e7ma\/kapama<\/li>\n<li>Gaz-s\u0131v\u0131 ayr\u0131m\u0131, sistem bas\u0131nc\u0131n\u0131 dengeler, d\u00fczg\u00fcn bir temel sa\u011flar<\/li>\n<li><a href=\"https:\/\/denizmtl.com\/wp-content\/uploads\/2025\/04\/HLZ-1000.pdf\"><strong>PDF i\u00e7in t\u0131klay\u0131n\u0131z.<\/strong><\/a><\/li>\n<\/ul>\n","protected":false},"author":1,"featured_media":28681,"comment_status":"open","ping_status":"closed","template":"","meta":[],"product_brand":[],"product_cat":[28],"product_tag":[],"class_list":{"0":"post-28653","1":"product","2":"type-product","3":"status-publish","4":"has-post-thumbnail","6":"product_cat-diger-olcu-aletleri","8":"first","9":"instock","10":"shipping-taxable","11":"product-type-simple"},"_links":{"self":[{"href":"https:\/\/denizmtl.com\/mobilapp\/wp-json\/wp\/v2\/product\/28653","targetHints":{"allow":["GET"]}}],"collection":[{"href":"https:\/\/denizmtl.com\/mobilapp\/wp-json\/wp\/v2\/product"}],"about":[{"href":"https:\/\/denizmtl.com\/mobilapp\/wp-json\/wp\/v2\/types\/product"}],"author":[{"embeddable":true,"href":"https:\/\/denizmtl.com\/mobilapp\/wp-json\/wp\/v2\/users\/1"}],"replies":[{"embeddable":true,"href":"https:\/\/denizmtl.com\/mobilapp\/wp-json\/wp\/v2\/comments?post=28653"}],"wp:featuredmedia":[{"embeddable":true,"href":"https:\/\/denizmtl.com\/mobilapp\/wp-json\/wp\/v2\/media\/28681"}],"wp:attachment":[{"href":"https:\/\/denizmtl.com\/mobilapp\/wp-json\/wp\/v2\/media?parent=28653"}],"wp:term":[{"taxonomy":"product_brand","embeddable":true,"href":"https:\/\/denizmtl.com\/mobilapp\/wp-json\/wp\/v2\/product_brand?post=28653"},{"taxonomy":"product_cat","embeddable":true,"href":"https:\/\/denizmtl.com\/mobilapp\/wp-json\/wp\/v2\/product_cat?post=28653"},{"taxonomy":"product_tag","embeddable":true,"href":"https:\/\/denizmtl.com\/mobilapp\/wp-json\/wp\/v2\/product_tag?post=28653"}],"curies":[{"name":"wp","href":"https:\/\/api.w.org\/{rel}","templated":true}]}}